{"id":10773,"date":"2018-07-12T08:23:49","date_gmt":"2018-07-12T08:23:49","guid":{"rendered":"https:\/\/www.sahitadeva.com\/?page_id=10773"},"modified":"2019-01-31T10:58:38","modified_gmt":"2019-01-31T10:58:38","slug":"sobre-mi","status":"publish","type":"page","link":"https:\/\/www.sahitadeva.com\/de\/uber-meine\/","title":{"rendered":"\u00dcber mich"},"content":{"rendered":"<div class=\"wpb-content-wrapper\"><div class=\"vc_row wpb_row vc_row-fluid\"><div class=\"wpb_column vc_column_container vc_col-sm-12\"><div class=\"vc_column-inner\"><div class=\"wpb_wrapper\"><div id=\"1531387688794-00b0812d-5295\" class=\"dt-sc-empty-space\"><\/div><\/div><\/div><\/div><div class=\"rs_col-sm-12 wpb_column vc_column_container vc_col-sm-6 vc_col-lg-6 vc_col-md-12\"><div class=\"vc_column-inner\"><div class=\"wpb_wrapper\"><div class='dt-sc-title script-with-sub-title dt-sc-dark-title'><h6>Das ist meine Geschichte<\/h6><h2>Hallo, ich hei\u00dfe Margot Partridge und bin Therapeutin.<\/h2><\/div><div id=\"1531383816214-08a92233-a25c\" class=\"dt-sc-empty-space\"><\/div>\r\n\t<div class=\"wpb_text_column wpb_content_element\" >\r\n\t\t<div class=\"wpb_wrapper\">\r\n\t\t\t<p>Nach vielen Jahren des K\u00e4mpfens in meinem Leben wurde mir klar, dass die Wurzel dieser K\u00e4mpfe von den vielen traumatischen Erlebnissen stammte, die ich in meiner Kindheit und Pubert\u00e4t hatte.<\/p>\n<p>Nach dieser Erkenntnis begab ich mich auf die Suche nach Techniken, die mir helfen w\u00fcrden, diese Traumatischen Erlebnisse zu heilen, welche mir dann wiederum helfen w\u00fcrden, ein gl\u00fccklicheres und ges\u00fcnderes Leben zu f\u00fchren.<\/p>\n<p>Als ich Anfing zu heilen und mich  besser zu f\u00fchlen, wurde mir klar, dass mein Lebensziel darin besteht, anderen zu helfen sich selbst zu heilen.<\/p>\n<p>Schon einfach nur Gedanke daran erf\u00fcllte mich mit Freude!<\/p>\n<p>Und so begann ich meine Suche nach der perfekten Heiltechnik.<\/p>\n<p>Ich praktizierte eine intuitive Studie der Chakren und Regression mit Hilfe der Chakren, danach studierte ich Kognitive Hypnosetherapie und Neurolinguistische Programmierung (NLP). Diese sind sehr gute und effektive Heiltechniken.<\/p>\n<p>trotzdem f\u00fchlte ich erst, das ich gefunden hatte was ich brauchte, nachdem ich die ThetaHealing\u00ae Technik kennengelernt hatte.<\/p>\n<p>ThetaHealing\u00ae ist der schnellste und direkteste Weg, um Menschen zu heilen und ihnen zu zeigen;<\/p>\n<p>wie sie sich aktiv beeinflussen k\u00f6nnen, um ihren eigenen Weg zum Gl\u00fcck und zur Freiheit zu finden.<\/p>\n\r\n\t\t<\/div>\r\n\t<\/div>\r\n<a href='https:\/\/www.sahitadeva.com\/de\/contactar\/' target='_self' title='' class='dt-sc-button   large   filled fully-rounded-corner' > Ich m\u00f6chte Margot treffen <\/a><div id=\"1544196677374-f10ef958-52ed\" class=\"dt-sc-empty-space\"><\/div><\/div><\/div><\/div><div class=\"rs_col-sm-12 wpb_column vc_column_container vc_col-sm-6 vc_col-lg-6 vc_col-md-12\"><div class=\"vc_column-inner\"><div class=\"wpb_wrapper\"><div class=\"vc_row wpb_row vc_inner vc_row-fluid dt-sc-dual-img\"><div class=\"wpb_column vc_column_container vc_col-sm-12\"><div class=\"vc_column-inner\"><div class=\"wpb_wrapper\"><img loading=\"lazy\" decoding=\"async\" width=\"740\" height=\"249\" src=\"https:\/\/www.sahitadeva.com\/wp-content\/uploads\/2018\/12\/logos-seminar.jpg\" class=\"alignnone dt-sc-main-img attachment-full\" alt=\"\" title=\"logos-seminar\" srcset=\"https:\/\/www.sahitadeva.com\/wp-content\/uploads\/2018\/12\/logos-seminar.jpg 740w, https:\/\/www.sahitadeva.com\/wp-content\/uploads\/2018\/12\/logos-seminar-300x101.jpg 300w, https:\/\/www.sahitadeva.com\/wp-content\/uploads\/2018\/12\/logos-seminar-540x182.jpg 540w\" sizes=\"auto, (max-width: 740px) 100vw, 740px\" \/><img loading=\"lazy\" decoding=\"async\" width=\"740\" height=\"494\" src=\"https:\/\/www.sahitadeva.com\/wp-content\/uploads\/2018\/12\/margot-Partridge-terapeuta.jpg\" class=\"alignnone dt-sc-main-img attachment-full\" alt=\"margot-Partridge-terapeuta\" title=\"margot-Partridge-terapeuta\" srcset=\"https:\/\/www.sahitadeva.com\/wp-content\/uploads\/2018\/12\/margot-Partridge-terapeuta.jpg 740w, https:\/\/www.sahitadeva.com\/wp-content\/uploads\/2018\/12\/margot-Partridge-terapeuta-300x200.jpg 300w, https:\/\/www.sahitadeva.com\/wp-content\/uploads\/2018\/12\/margot-Partridge-terapeuta-540x360.jpg 540w, https:\/\/www.sahitadeva.com\/wp-content\/uploads\/2018\/12\/margot-Partridge-terapeuta-600x400.jpg 600w\" sizes=\"auto, (max-width: 740px) 100vw, 740px\" \/><img loading=\"lazy\" decoding=\"async\" width=\"300\" height=\"230\" src=\"https:\/\/www.sahitadeva.com\/wp-content\/uploads\/2018\/12\/margot-terapeuta-think.jpg\" class=\"alignnone dt-sc-small-img attachment-full\" alt=\"\" title=\"margot-terapeuta-think\" \/><div id=\"1544196688661-425e9b90-d442\" class=\"dt-sc-empty-space\"><\/div><\/div><\/div><\/div><\/div><\/div><\/div><\/div><div class=\"wpb_column vc_column_container vc_col-sm-12\"><div class=\"vc_column-inner\"><div class=\"wpb_wrapper\"><div id=\"1531390474883-0ac0cbe2-a8d1\" class=\"dt-sc-empty-space\"><\/div><\/div><\/div><\/div><\/div><div class=\"vc_row wpb_row vc_row-fluid\"><div class=\"wpb_column vc_column_container vc_col-sm-12\"><div class=\"vc_column-inner\"><div class=\"wpb_wrapper\"><div class='dt-sc-title script-with-sub-title dt-sc-dark-title aligncenter'><h6>Wie Mahatma Gandhi schon so sch\u00f6n sagt: \"Wenn du etwas tust, tue es mit Liebe oder tue es \u00fcberhaupt nicht.\"<\/h6><h2>Und das ist meine Philosophie, weil ich es wirklich liebe Menschen zu helfen, ein gl\u00fccklicheres Leben zu f\u00fchren!<\/h2><\/div><div id=\"1543603227057-16f0c7bb-fd1b\" class=\"dt-sc-empty-space\"><\/div><\/div><\/div><\/div><\/div><div data-vc-full-width=\"true\" data-vc-full-width-init=\"false\" data-vc-stretch-content=\"true\" class=\"vc_row wpb_row vc_row-fluid vc_row-o-equal-height vc_row-o-content-middle vc_row-flex\"><div class=\"rs_hidden-hxlg rs_hidden-qxlg wpb_column vc_column_container vc_col-sm-5 vc_col-lg-5 vc_hidden-md vc_hidden-sm vc_hidden-xs vc_col-has-fill\"><div class=\"vc_column-inner vc_custom_1546812160433\"><div class=\"wpb_wrapper\"><\/div><\/div><\/div><div class=\"rs_col-hxlg-12 rs_col-qxlg-12 rs_col-sm-12 wpb_column vc_column_container vc_col-sm-5 vc_col-lg-5 vc_col-md-12 vc_col-xs-12\"><div class=\"vc_column-inner\"><div class=\"wpb_wrapper\"><div id=\"1531461904157-a8ce8e3c-9af1\" class=\"dt-sc-empty-space\"><\/div><div class='dt-sc-title script-with-sub-title'><h6>Ich kann dir helfen<\/h6><h2>Therapien<\/h2><\/div><div id=\"1533900835308-a5fa8e64-72aa\" class=\"dt-sc-empty-space\"><\/div><div class='dt-sc-image-caption type7 light-blue'><div class='dt-sc-image-wrapper'><a href=\"https:\/\/www.sahitadeva.com\/de\/thetahealing\/\"><img loading=\"lazy\" decoding=\"async\" width=\"650\" height=\"650\" src=\"https:\/\/www.sahitadeva.com\/wp-content\/uploads\/2018\/12\/terapias-home-tethahealing.jpg\" class=\"attachment-full\" alt=\"\" title=\"terapias-home-tethahealing\" srcset=\"https:\/\/www.sahitadeva.com\/wp-content\/uploads\/2018\/12\/terapias-home-tethahealing.jpg 650w, https:\/\/www.sahitadeva.com\/wp-content\/uploads\/2018\/12\/terapias-home-tethahealing-150x150.jpg 150w, https:\/\/www.sahitadeva.com\/wp-content\/uploads\/2018\/12\/terapias-home-tethahealing-300x300.jpg 300w, https:\/\/www.sahitadeva.com\/wp-content\/uploads\/2018\/12\/terapias-home-tethahealing-540x540.jpg 540w, https:\/\/www.sahitadeva.com\/wp-content\/uploads\/2018\/12\/terapias-home-tethahealing-205x205.jpg 205w, https:\/\/www.sahitadeva.com\/wp-content\/uploads\/2018\/12\/terapias-home-tethahealing-420x420.jpg 420w\" sizes=\"auto, (max-width: 650px) 100vw, 650px\" \/><\/a><\/div><div class='dt-sc-image-content'><div class='dt-sc-image-title'><h3><a href=\"https:\/\/www.sahitadeva.com\/de\/thetahealing\/\" target=\"_self\">ThetaHealing\u00ae<\/a><\/h3><\/div><p>ThetaHealing schafft einen positiven Lebensstil. ThetaHealing ist eine erg\u00e4nzende Technik, die in Verbindung mit der Schulmedizin verwendet wird.<\/p><\/div><\/div><div class='dt-sc-image-caption type7 light-brown'><div class='dt-sc-image-wrapper'><a href=\"https:\/\/www.sahitadeva.com\/de\/hipnoterapia-cognitiva\/\"><img loading=\"lazy\" decoding=\"async\" width=\"650\" height=\"650\" src=\"https:\/\/www.sahitadeva.com\/wp-content\/uploads\/2019\/01\/terapias-home-hipnoterapia-m.jpg\" class=\"attachment-full\" alt=\"\" title=\"terapias-home-hipnoterapia-m\" srcset=\"https:\/\/www.sahitadeva.com\/wp-content\/uploads\/2019\/01\/terapias-home-hipnoterapia-m.jpg 650w, https:\/\/www.sahitadeva.com\/wp-content\/uploads\/2019\/01\/terapias-home-hipnoterapia-m-150x150.jpg 150w, https:\/\/www.sahitadeva.com\/wp-content\/uploads\/2019\/01\/terapias-home-hipnoterapia-m-300x300.jpg 300w, https:\/\/www.sahitadeva.com\/wp-content\/uploads\/2019\/01\/terapias-home-hipnoterapia-m-540x540.jpg 540w, https:\/\/www.sahitadeva.com\/wp-content\/uploads\/2019\/01\/terapias-home-hipnoterapia-m-205x205.jpg 205w, https:\/\/www.sahitadeva.com\/wp-content\/uploads\/2019\/01\/terapias-home-hipnoterapia-m-420x420.jpg 420w\" sizes=\"auto, (max-width: 650px) 100vw, 650px\" \/><\/a><\/div><div class='dt-sc-image-content'><div class='dt-sc-image-title'><h3><a href=\"https:\/\/www.sahitadeva.com\/de\/hipnoterapia-cognitiva\/\" target=\"_self\">Kognitive Hypnosetherapie<\/a><\/h3><\/div><p>Mit der kognitiven Hypnotherapie k\u00f6nnen Sie Probleme oder Situationen unter Kontrolle bringen, in denen Sie sich hilflos, blockiert, gel\u00e4hmt und \u00e4ngstlich f\u00fchlen.<\/p><\/div><\/div><div class='dt-sc-image-caption type7 light-brown'><div class='dt-sc-image-wrapper'><a href=\"https:\/\/www.sahitadeva.com\/de\/tarot-de-angeles\/\"><img loading=\"lazy\" decoding=\"async\" width=\"650\" height=\"650\" src=\"https:\/\/www.sahitadeva.com\/wp-content\/uploads\/2019\/01\/terapias-home-angel-m.jpg\" class=\"attachment-full\" alt=\"\" title=\"terapias-home-angel-m\" srcset=\"https:\/\/www.sahitadeva.com\/wp-content\/uploads\/2019\/01\/terapias-home-angel-m.jpg 650w, https:\/\/www.sahitadeva.com\/wp-content\/uploads\/2019\/01\/terapias-home-angel-m-150x150.jpg 150w, https:\/\/www.sahitadeva.com\/wp-content\/uploads\/2019\/01\/terapias-home-angel-m-300x300.jpg 300w, https:\/\/www.sahitadeva.com\/wp-content\/uploads\/2019\/01\/terapias-home-angel-m-540x540.jpg 540w, https:\/\/www.sahitadeva.com\/wp-content\/uploads\/2019\/01\/terapias-home-angel-m-205x205.jpg 205w, https:\/\/www.sahitadeva.com\/wp-content\/uploads\/2019\/01\/terapias-home-angel-m-420x420.jpg 420w\" sizes=\"auto, (max-width: 650px) 100vw, 650px\" \/><\/a><\/div><div class='dt-sc-image-content'><div class='dt-sc-image-title'><h3><a href=\"https:\/\/www.sahitadeva.com\/de\/tarot-de-angeles\/\" target=\"_self\">Engels Tarot<\/a><\/h3><\/div><p>Die Tradition des Orakels oder auch als Tarot bekannt, reicht bis in die Zeit des alten \u00c4gypten zur\u00fcck und hat wahrscheinlich mit den Lehren der Pythagoreer zu tun.<\/p><\/div><\/div><a href='https:\/\/www.sahitadeva.com\/de\/reserva-cita\/' target='_self' title='' class='dt-sc-button   xlarge icon-right with-icon  filled fully-rounded-corner' > Therapie reservieren <\/a><div id=\"1531461913542-4dcf32ef-d5f8\" class=\"dt-sc-empty-space\"><\/div><\/div><\/div><\/div><div class=\"rs_hidden-hxlg rs_hidden-qxlg wpb_column vc_column_container vc_col-sm-2 vc_col-lg-2 vc_hidden-md vc_hidden-sm vc_hidden-xs\"><div class=\"vc_column-inner\"><div class=\"wpb_wrapper\"><\/div><\/div><\/div><\/div><div class=\"vc_row-full-width vc_clearfix\"><\/div>\n<\/div>","protected":false},"excerpt":{"rendered":"Esta es mi historiaHola me llamo Margot Partridge y soy terapeuta. Despu\u00e9s de muchos a\u00f1os de lucha durante mi vida, me di cuenta de que la ra\u00edz de estas luchas proviene de las muchas experiencias traum\u00e1ticas que tuve durante mi infancia y pubertad. Despu\u00e9s de esta toma de conciencia y aceptaci\u00f3n de m\u00ed misma, comenc\u00e9 [...]","protected":false},"author":1,"featured_media":0,"parent":0,"menu_order":0,"comment_status":"closed","ping_status":"closed","template":"","meta":{"footnotes":""},"class_list":["post-10773","page","type-page","status-publish","hentry"],"aioseo_notices":[],"_links":{"self":[{"href":"https:\/\/www.sahitadeva.com\/de\/wp-json\/wp\/v2\/pages\/10773","targetHints":{"allow":["GET"]}}],"collection":[{"href":"https:\/\/www.sahitadeva.com\/de\/wp-json\/wp\/v2\/pages"}],"about":[{"href":"https:\/\/www.sahitadeva.com\/de\/wp-json\/wp\/v2\/types\/page"}],"author":[{"embeddable":true,"href":"https:\/\/www.sahitadeva.com\/de\/wp-json\/wp\/v2\/users\/1"}],"replies":[{"embeddable":true,"href":"https:\/\/www.sahitadeva.com\/de\/wp-json\/wp\/v2\/comments?post=10773"}],"version-history":[{"count":32,"href":"https:\/\/www.sahitadeva.com\/de\/wp-json\/wp\/v2\/pages\/10773\/revisions"}],"predecessor-version":[{"id":13568,"href":"https:\/\/www.sahitadeva.com\/de\/wp-json\/wp\/v2\/pages\/10773\/revisions\/13568"}],"wp:attachment":[{"href":"https:\/\/www.sahitadeva.com\/de\/wp-json\/wp\/v2\/media?parent=10773"}],"curies":[{"name":"wp","href":"https:\/\/api.w.org\/{rel}","templated":true}]}}