{"id":10809,"date":"2018-07-13T07:41:12","date_gmt":"2018-07-13T07:41:12","guid":{"rendered":"https:\/\/www.sahitadeva.com\/?page_id=10809"},"modified":"2019-01-15T15:04:10","modified_gmt":"2019-01-15T15:04:10","slug":"thetahealing","status":"publish","type":"page","link":"https:\/\/www.sahitadeva.com\/de\/thetahealing\/","title":{"rendered":"ThetaHealing\u00ae"},"content":{"rendered":"<div class=\"wpb-content-wrapper\"><div data-vc-full-width=\"true\" data-vc-full-width-init=\"false\" class=\"vc_row wpb_row vc_row-fluid vc_row-o-equal-height vc_row-o-content-middle vc_row-flex\"><div class=\"wpb_column vc_column_container vc_col-sm-12\"><div class=\"vc_column-inner\"><div class=\"wpb_wrapper\"><div id=\"1531461904157-a8ce8e3c-9af1\" class=\"dt-sc-empty-space\"><\/div><div class='dt-sc-title script-with-sub-title aligncenter'><h6>Die Meditationstechnik<\/h6><h2>Was ist ThetaHealing \u00ae?<\/h2><\/div><div id=\"1531461913542-4dcf32ef-d5f8\" class=\"dt-sc-empty-space\"><\/div>\r\n\t<div class=\"wpb_text_column wpb_content_element\" >\r\n\t\t<div class=\"wpb_wrapper\">\r\n\t\t\t<blockquote>\n<p>Die ThetaHealing-Meditationstechnik wurde von Vianna Stibal 1995 auf ihrer pers\u00f6nlichen Reise zur\u00fcck zur Gesundheit geschaffen.<\/p>\n<\/blockquote>\n<p>&nbsp;<\/p>\n<p>Ihr Originalbuch beschreibt sie ihre pers\u00f6nliche Heilungsreise und ihre Verbindung zum Sch\u00f6pfer mit ihrer Meditationstechnik. Die ThetaHealing-Technik ist eine Meditationstechnik, die eine spirituelle Philosophie zum Zweck der Verbesserung von Geist, K\u00f6rper und Seele einsetzt, w\u00e4hrend sie sich dem Sch\u00f6pfer von Allem, was ist, n\u00e4hert.<img loading=\"lazy\" decoding=\"async\" class=\"alignright wp-image-13442\" src=\"https:\/\/www.sahitadeva.com\/wp-content\/uploads\/2019\/01\/Theta-Healing.jpg\" alt=\"\" width=\"450\" height=\"432\" srcset=\"https:\/\/www.sahitadeva.com\/wp-content\/uploads\/2019\/01\/Theta-Healing.jpg 950w, https:\/\/www.sahitadeva.com\/wp-content\/uploads\/2019\/01\/Theta-Healing-300x288.jpg 300w, https:\/\/www.sahitadeva.com\/wp-content\/uploads\/2019\/01\/Theta-Healing-768x738.jpg 768w, https:\/\/www.sahitadeva.com\/wp-content\/uploads\/2019\/01\/Theta-Healing-750x721.jpg 750w, https:\/\/www.sahitadeva.com\/wp-content\/uploads\/2019\/01\/Theta-Healing-540x519.jpg 540w\" sizes=\"auto, (max-width: 450px) 100vw, 450px\" \/><\/p>\n<p>Es ist ein fokussiertes Gebet an den Sch\u00f6pfer und erm\u00f6glicht es Dir, Deinen Geist, K\u00f6rper und Seele zu trainieren, um einschr\u00e4nkende Glaubenss\u00e4tze zu kl\u00e4ren, das Leben mit positiven Gedanken zu leben und Tugenden in allem, was wir tun, zu entwickeln.<\/p>\n<p>Durch Meditation und Gebet schafft die ThetaHealing-Technik einen positiven Lebensstil.\nDie ThetaHealing-Technik wird immer in Verbindung mit der Schulmedizin gelehrt.<\/p>\n<p>Ense\u00f1a c\u00f3mo utilizar y aplicar la intuici\u00f3n natural de cada uno de nosotros. Confiando en el amor incondicional del Creador de Todo lo que Es, para hacer el \u00abtrabajo\u00bb real en el ahora.<\/p>\n<p>Creemos en la oraci\u00f3n enfocada utilizando una onda cerebral \u00abTheta\u00bb y \u00abDelta\u00bb (que incorpora f\u00edsica y f\u00edsica cu\u00e1ntica). En este estado puedes ser testigo como el Creador de Todo lo que Es, crea bienestar f\u00edsico y emocional instant\u00e1neo.<\/p>\n<p>Wir haben gelernt, dass durch die ThetaHealing-Technik intuitive F\u00e4higkeiten genutzt werden k\u00f6nnen, um spontane Ver\u00e4nderungen zu erfahren, welche k\u00f6rperliches und seelisches Wohlbefinden herbeif\u00fchren.<\/p>\n<p>Um mehr \u00fcber die ThetaHealing-Technik zu erfahren, besuche<\/p>\n<h4><a href=\"https:\/\/www.thetahealing.com\/\">ThetaHealing.com<\/a><\/h4>\n\r\n\t\t<\/div>\r\n\t<\/div>\r\n<a href='https:\/\/www.sahitadeva.com\/de\/reserva-cita\/' target='_self' title='' class='dt-sc-button   large   filled fully-rounded-corner' > M\u00f6chten Sie eine Online-Beratung unverbindlich buchen ? <\/a><div id=\"1543940433916-c7fcc70a-68d3\" class=\"dt-sc-empty-space\"><\/div><\/div><\/div><\/div><\/div><div class=\"vc_row-full-width vc_clearfix\"><\/div><div data-vc-full-width=\"true\" data-vc-full-width-init=\"false\" class=\"vc_row wpb_row vc_row-fluid dt-sc-icon-box-counter vc_custom_1533201620540 vc_row-has-fill\"><div class=\"wpb_column vc_column_container vc_col-sm-12\"><div class=\"vc_column-inner\"><div class=\"wpb_wrapper\"><div id=\"1544184524056-8250b662-89b8\" class=\"dt-sc-empty-space\"><\/div><div class='dt-sc-title script-with-sub-title dt-sc-dark-title aligncenter'><h6>Theta<\/h6><h2>Was ist die Theta-Gehirnwelle?<\/h2><\/div><div id=\"1546814572485-6d377dd9-4c35\" class=\"dt-sc-empty-space\"><\/div><\/div><\/div><\/div><\/div><div class=\"vc_row-full-width vc_clearfix\"><\/div><div data-vc-full-width=\"true\" data-vc-full-width-init=\"false\" class=\"vc_row wpb_row vc_row-fluid dt-sc-icon-box-counter vc_custom_1533201620540 vc_row-has-fill\"><div class=\"wpb_column vc_column_container vc_col-sm-6\"><div class=\"vc_column-inner\"><div class=\"wpb_wrapper\">\r\n\t<div class=\"wpb_text_column wpb_content_element\" >\r\n\t\t<div class=\"wpb_wrapper\">\r\n\t\t\t<h3>Es gibt 5 Arten von Gehirnwellen:<\/h3>\n<p>Delta (0-4 Hz) Theta (4-7 Hz), Alpha (7-14 Hz) Beta (14-28 Hz) Gamma (40-5000 Hz)<\/p>\n<p>&nbsp;<\/p>\n<blockquote>\n<p>Die Theta-Wellen werden verwendet :<\/p>\n<\/blockquote>\n<p>&nbsp;<\/p>\n<ul>\n<li>w\u00e4hrend des REM-Schlafs (Traumzustand w\u00e4hrend des Schlafes)<\/li>\n<li>In Tr\u00e4umen mit offenen Augen<\/li>\n<li>In tiefer Meditation, die von Yogis praktiziert wird<\/li>\n<li>In Hypnose<\/li>\n<li>W\u00e4hrend man Video-Spiele spielt<\/li>\n<\/ul>\n<p><strong>Die Thetawelle f\u00f6rdert auch die Euphorie und stimuliert die Freisetzung von Endorphinen.<br \/>\n<\/strong><\/p>\n\r\n\t\t<\/div>\r\n\t<\/div>\r\n<div id=\"1543945725636-2e56a8f4-8927\" class=\"dt-sc-empty-space\"><\/div><\/div><\/div><\/div><div class=\"wpb_column vc_column_container vc_col-sm-6\"><div class=\"vc_column-inner\"><div class=\"wpb_wrapper\"><div id=\"1531722202205-be10f66e-3618\" class=\"dt-sc-empty-space\"><\/div>\n\t<div  class=\"wpb_single_image wpb_content_element vc_align_left wpb_content_element\">\n\t\t\n\t\t<figure class=\"wpb_wrapper vc_figure\">\n\t\t\t<div class=\"vc_single_image-wrapper   vc_box_border_grey\"><img loading=\"lazy\" decoding=\"async\" width=\"500\" height=\"358\" src=\"https:\/\/www.sahitadeva.com\/wp-content\/uploads\/2019\/01\/tetha-d.jpg\" class=\"vc_single_image-img attachment-full\" alt=\"\" title=\"tetha-d\" srcset=\"https:\/\/www.sahitadeva.com\/wp-content\/uploads\/2019\/01\/tetha-d.jpg 500w, https:\/\/www.sahitadeva.com\/wp-content\/uploads\/2019\/01\/tetha-d-300x215.jpg 300w\" sizes=\"auto, (max-width: 500px) 100vw, 500px\" \/><\/div>\n\t\t<\/figure>\n\t<\/div>\n<div id=\"1543942221166-a8be3d10-44ec\" class=\"dt-sc-empty-space\"><\/div><\/div><\/div><\/div><\/div><div class=\"vc_row-full-width vc_clearfix\"><\/div><div data-vc-full-width=\"true\" data-vc-full-width-init=\"false\" class=\"vc_row wpb_row vc_row-fluid dt-sc-icon-box-counter vc_custom_1543945635862 vc_row-has-fill\"><div class=\"wpb_column vc_column_container vc_col-sm-12\"><div class=\"vc_column-inner\"><div class=\"wpb_wrapper\"><div id=\"1543945721378-7b403fc7-ef0f\" class=\"dt-sc-empty-space\"><\/div><div class='dt-sc-title script-with-sub-title dt-sc-dark-title aligncenter'><h6>(\u0938\u0939\u093f\u0924) (\u0926\u0947\u0935)<\/h6><h2>\u00bf Was bedeutet Sahita (\u0938\u0939\u093f\u0924) deva (\u0926\u0947\u0935) ?<\/h2><\/div><div id=\"1543942221260-08aaa3dc-e760\" class=\"dt-sc-empty-space\"><\/div><\/div><\/div><\/div><\/div><div class=\"vc_row-full-width vc_clearfix\"><\/div><div data-vc-full-width=\"true\" data-vc-full-width-init=\"false\" class=\"vc_row wpb_row vc_row-fluid dt-sc-icon-box-counter vc_custom_1543945652089 vc_row-has-fill\"><div class=\"wpb_column vc_column_container vc_col-sm-12\"><div class=\"vc_column-inner\"><div class=\"wpb_wrapper\">\r\n\t<div class=\"wpb_text_column wpb_content_element\" >\r\n\t\t<div class=\"wpb_wrapper\">\r\n\t\t\t<blockquote>\n<p>\u00abSahita deva\u00bb viene del s\u00e1nscrito (lengua antigua en la India) y significa \u00abJuntos con Dios\u00bb<\/p>\n<\/blockquote>\n<p>Ich habe diesen Namen gew\u00e4hlt, weil wir in Theta Healing - Sitzungen immer in Verbindung mit dem Sch\u00f6pfer von Allem was Ist sind, du kannst es auch Quelle, Universum, Allah, Jehova und so weiter nennen, es ist egal, wie du es nennst, die Verbindung bleibt die gleiche. Und ich fand, dass es der beste Weg ist um zu beschreiben, wie sich die Heilungen in Zusammenarbeit mit dem Sch\u00f6pfer von Allem was ist manifestiert.<\/p>\n<p><b>ThetaHealing<\/b><b><i>\u00ae<\/i><\/b> ThetaHealing ist eine Technik, die unbegrenzt ist. Es gen\u00fcgt sie richtig im Einsatz mit Liebe zu praktizieren.<\/p>\n<p>Es richtet sich an alle, unabh\u00e4ngig von ihren religi\u00f6sen \u00dcberzeugungen, ihrem Alter, ihrer sozialen Schicht, ihrem kulturellen Niveau, ihrem Beruf, ihrer politischen \u00dcberzeugung usw., \nDie einzige notwendige Voraussetzung ist: sich ver\u00e4ndern und verbessern zu wollen und  Ziele zu haben, die Du in Deinem Leben erreichen willst.<\/p>\n<p>Wenn du einschr\u00e4nkende \u00dcberzeugungen loswerden, dich gl\u00fccklicher f\u00fchlen und ein ges\u00fcnderes Leben f\u00fchren willst, Z\u00f6gere nicht Dich mit mir in Verbindung zu setzen!<\/p>\n<p>Alle Sitzungen sind \u00fcber <b>Skype<\/b>m\u00f6glich, da der Energie keine Grenzen gesetzt sind, so dass die Heilung genauso funktioniert, als w\u00fcrden wir buchst\u00e4blich voreinander sitzen!<\/p>\n<p>In Liebe und Dankbarkeit.<\/p>\n<p>Margot Partridge<\/p>\n\r\n\t\t<\/div>\r\n\t<\/div>\r\n<div id=\"1543945747208-e89b7ff2-1c44\" class=\"dt-sc-empty-space\"><\/div><\/div><\/div><\/div><\/div><div class=\"vc_row-full-width vc_clearfix\"><\/div><div data-vc-full-width=\"true\" data-vc-full-width-init=\"false\" class=\"vc_row wpb_row vc_row-fluid rs_parallax_remove vc_custom_1546817079165 vc_row-has-fill\"><div class=\"wpb_column vc_column_container vc_col-sm-12\"><div class=\"vc_column-inner\"><div class=\"wpb_wrapper\"><div id=\"1543945742000-611b6d18-ebcc\" class=\"dt-sc-empty-space\"><\/div><div class=\"vc_row wpb_row vc_inner vc_row-fluid\"><div class=\"rs_col-sm-12 wpb_column vc_column_container vc_col-sm-6\"><div class=\"vc_column-inner\"><div class=\"wpb_wrapper\"><div class='dt-sc-title script-with-sub-title alignleft'><h6>Willst du mich treffen?<\/h6><h3>Termin vereinbaren<\/h3><\/div><div id=\"1531468262776-4c296c19-4f1a\" class=\"dt-sc-empty-space\"><\/div>\n<div class=\"wpcf7 no-js\" id=\"wpcf7-f13339-o1\" lang=\"en-US\" dir=\"ltr\" data-wpcf7-id=\"13339\">\n<div class=\"screen-reader-response\"><p role=\"status\" aria-live=\"polite\" aria-atomic=\"true\"><\/p> <ul><\/ul><\/div>\n<form action=\"\/de\/wp-json\/wp\/v2\/pages\/10809#wpcf7-f13339-o1\" method=\"post\" class=\"wpcf7-form init\" aria-label=\"Contact form\" novalidate=\"novalidate\" data-status=\"init\" data-trp-original-action=\"\/de\/wp-json\/wp\/v2\/pages\/10809#wpcf7-f13339-o1\">\n<fieldset class=\"hidden-fields-container\"><input type=\"hidden\" name=\"_wpcf7\" value=\"13339\" \/><input type=\"hidden\" name=\"_wpcf7_version\" value=\"6.1.4\" \/><input type=\"hidden\" name=\"_wpcf7_locale\" value=\"en_US\" \/><input type=\"hidden\" name=\"_wpcf7_unit_tag\" value=\"wpcf7-f13339-o1\" \/><input type=\"hidden\" name=\"_wpcf7_container_post\" value=\"0\" \/><input type=\"hidden\" name=\"_wpcf7_posted_data_hash\" value=\"\" \/>\n<\/fieldset>\n<div class=\"vc_row wpb_row vc_row-fluid\"><div class=\"wpb_column vc_column_container vc_col-sm-3\"><div class=\"vc_column-inner\"><div class=\"wpb_wrapper\"><span class=\"wpcf7-form-control-wrap\" data-name=\"text-752\"><input size=\"40\" maxlength=\"400\" class=\"wpcf7-form-control wpcf7-text wpcf7-validates-as-required\" aria-required=\"true\" aria-invalid=\"false\" placeholder=\"Name *\" value=\"\" type=\"text\" name=\"text-752\" \/><\/span><div class='dt-sc-hr-invisible-medium'> <\/div><div class='dt-sc-clear'> <\/div><span class=\"wpcf7-form-control-wrap\" data-name=\"tel-60\"><input size=\"40\" maxlength=\"400\" class=\"wpcf7-form-control wpcf7-tel wpcf7-validates-as-required wpcf7-text wpcf7-validates-as-tel\" aria-required=\"true\" aria-invalid=\"false\" placeholder=\"Telefon *\" value=\"\" type=\"tel\" name=\"tel-60\" \/><\/span><\/div><\/div><\/div><div class=\"wpb_column vc_column_container vc_col-sm-3\"><div class=\"vc_column-inner\"><div class=\"wpb_wrapper\"><span class=\"wpcf7-form-control-wrap\" data-name=\"email-654\"><input size=\"40\" maxlength=\"400\" class=\"wpcf7-form-control wpcf7-email wpcf7-validates-as-required wpcf7-text wpcf7-validates-as-email\" aria-required=\"true\" aria-invalid=\"false\" placeholder=\"Email*\" value=\"\" type=\"email\" name=\"email-654\" \/><\/span><div class='dt-sc-hr-invisible-medium'> <\/div><div class='dt-sc-clear'> <\/div><span class=\"wpcf7-form-control-wrap\" data-name=\"Category\"><select class=\"wpcf7-form-control wpcf7-select\" aria-invalid=\"false\" name=\"Category\"><option value=\"Selecciona Terapia\">W\u00e4hlen Sie Therapie<\/option><option value=\"ThetaHealing\u00ae\">ThetaHealing\u00ae<\/option><option value=\"Hipnoterapia Cognitiva\">Kognitive Hypnosetherapie<\/option><option value=\"Tarot de \u00c1ngeles\">Tarot der Engel<\/option><\/select><\/span><\/div><\/div><\/div><div class=\"wpb_column vc_column_container vc_col-sm-3\"><div class=\"vc_column-inner\"><div class=\"wpb_wrapper\"><span class=\"wpcf7-form-control-wrap\" data-name=\"textarea-220\"><textarea cols=\"40\" rows=\"10\" maxlength=\"2000\" class=\"wpcf7-form-control wpcf7-textarea\" aria-invalid=\"false\" placeholder=\"Nachricht *\" name=\"textarea-220\"><\/textarea><\/span><\/div><\/div><\/div><div class=\"wpb_column vc_column_container vc_col-sm-3\"><div class=\"vc_column-inner\"><div class=\"wpb_wrapper\"><\/div><\/div><\/div>\n<div class='dt-sc-clear'> <\/div><br \/>\n<div class=\"vc_row wpb_row vc_row-fluid\"><\/div><label>Ich habe die Datenschutzerkl\u00e4rung gelesen und akzeptiere sie<br \/>\n<span class=\"wpcf7-form-control-wrap\" data-name=\"acceptance-914\"><span class=\"wpcf7-form-control wpcf7-acceptance\"><span class=\"wpcf7-list-item\"><input type=\"checkbox\" name=\"acceptance-914\" value=\"1\" aria-invalid=\"false\" \/><\/span><\/span><\/span><a href=\"https:\/\/www.sahitadeva.com\/de\/politica-de-privacidad\/\" target=\"_blank\" rel=\"noopener\">Datenschutzrichtlinie<\/a> <\/label>\n<\/p>\n<p><label>Ihre pers\u00f6nlichen Daten werden von Margot Partridge zum Zwecke der Kontaktaufnahme gespeichert und verarbeitet. Die Legitimierung erfolgt durch Ihre ausdr\u00fcckliche Zustimmung. Sie k\u00f6nnen auf Ihre Daten zugreifen, sie korrigieren, einschr\u00e4nken oder l\u00f6schen. Weitere Informationen im <a href=\"https:\/\/www.sahitadeva.com\/de\/aviso-legal\/\">Rechtliche Hinweise<\/a><\/label><\/div>\n<p><input class=\"wpcf7-form-control wpcf7-submit has-spinner\" type=\"submit\" value=\"Termin anfragen\" \/>\n<\/p><div class=\"wpcf7-response-output\" aria-hidden=\"true\"><\/div>\n<input type=\"hidden\" name=\"trp-form-language\" value=\"de\"\/><\/form>\n<\/div>\n<\/div><\/div><\/div><div class=\"wpb_column vc_column_container vc_col-sm-6\"><div class=\"vc_column-inner\"><div class=\"wpb_wrapper\"><\/div><\/div><\/div><\/div><div id=\"1545403781094-84ebcc5a-e1be\" class=\"dt-sc-empty-space\"><\/div><\/div><\/div><\/div><\/div><div class=\"vc_row-full-width vc_clearfix\"><\/div><!-- Row Backgrounds --><div class=\"upb_bg_img\" data-ultimate-bg=\"url(https:\/\/www.sahitadeva.com\/wp-content\/uploads\/2019\/01\/cta-fondo.jpg)\" data-image-id=\"id^13449|url^https:\/\/www.sahitadeva.com\/wp-content\/uploads\/2019\/01\/cta-fondo.jpg|caption^null|alt^null|title^cta-fondo|description^null\" data-ultimate-bg-style=\"vcpb-default\" data-bg-img-repeat=\"no-repeat\" data-bg-img-size=\"cover\" data-bg-img-position=\"\" data-parallx_sense=\"30\" data-bg-override=\"0\" data-bg_img_attach=\"scroll\" data-upb-overlay-color=\"\" data-upb-bg-animation=\"\" data-fadeout=\"\" data-bg-animation=\"left-animation\" data-bg-animation-type=\"h\" data-animation-repeat=\"repeat\" data-fadeout-percentage=\"30\" data-parallax-content=\"\" data-parallax-content-sense=\"30\" data-row-effect-mobile-disable=\"true\" data-img-parallax-mobile-disable=\"true\" data-rtl=\"false\"  data-custom-vc-row=\"\"  data-vc=\"8.7.2\"  data-is_old_vc=\"\"  data-theme-support=\"\"   data-overlay=\"false\" data-overlay-color=\"\" data-overlay-pattern=\"\" data-overlay-pattern-opacity=\"\" data-overlay-pattern-size=\"\"    ><\/div>\n<\/div>","protected":false},"excerpt":{"rendered":"La t\u00e9cnica de meditaci\u00f3n\u00bfQu\u00e9 es ThetaHealing \u00ae? La t\u00e9cnica de meditaci\u00f3n ThetaHealing fue creada por Vianna Stibal, en 1995 durante su propio viaje personal hacia la salud. &nbsp; Su libro original detalla su viaje de sanaci\u00f3n personal y su conexi\u00f3n con el Creador utilizando su t\u00e9cnica de meditaci\u00f3n. ThetaHealing, es una t\u00e9cnica de meditaci\u00f3n que [...]","protected":false},"author":1,"featured_media":0,"parent":0,"menu_order":0,"comment_status":"closed","ping_status":"closed","template":"","meta":{"footnotes":""},"class_list":["post-10809","page","type-page","status-publish","hentry"],"aioseo_notices":[],"_links":{"self":[{"href":"https:\/\/www.sahitadeva.com\/de\/wp-json\/wp\/v2\/pages\/10809","targetHints":{"allow":["GET"]}}],"collection":[{"href":"https:\/\/www.sahitadeva.com\/de\/wp-json\/wp\/v2\/pages"}],"about":[{"href":"https:\/\/www.sahitadeva.com\/de\/wp-json\/wp\/v2\/types\/page"}],"author":[{"embeddable":true,"href":"https:\/\/www.sahitadeva.com\/de\/wp-json\/wp\/v2\/users\/1"}],"replies":[{"embeddable":true,"href":"https:\/\/www.sahitadeva.com\/de\/wp-json\/wp\/v2\/comments?post=10809"}],"version-history":[{"count":40,"href":"https:\/\/www.sahitadeva.com\/de\/wp-json\/wp\/v2\/pages\/10809\/revisions"}],"predecessor-version":[{"id":13507,"href":"https:\/\/www.sahitadeva.com\/de\/wp-json\/wp\/v2\/pages\/10809\/revisions\/13507"}],"wp:attachment":[{"href":"https:\/\/www.sahitadeva.com\/de\/wp-json\/wp\/v2\/media?parent=10809"}],"curies":[{"name":"wp","href":"https:\/\/api.w.org\/{rel}","templated":true}]}}