{"id":10989,"date":"2018-07-25T05:41:01","date_gmt":"2018-07-25T05:41:01","guid":{"rendered":"https:\/\/www.sahitadeva.com\/?page_id=10989"},"modified":"2019-02-04T14:04:13","modified_gmt":"2019-02-04T14:04:13","slug":"curso-indagacion-profunda","status":"publish","type":"page","link":"https:\/\/www.sahitadeva.com\/de\/grabe-tiefer-kurs\/","title":{"rendered":"Grabe Tiefer"},"content":{"rendered":"<div class=\"wpb-content-wrapper\"><div class=\"vc_row wpb_row vc_row-fluid wpb_animate_when_almost_visible wpb_fadeInUp fadeInUp\"><div class=\"wpb_column vc_column_container vc_col-sm-12\"><div class=\"vc_column-inner\"><div class=\"wpb_wrapper\"><div class='dt-sc-title script-with-sub-title'><h6>TIEFER<\/h6><h2>GRABE TIEFER KURS<\/h2><\/div><div id=\"1532502419397-d80678f6-8060\" class=\"dt-sc-empty-space\"><\/div><div class=\"vc_row wpb_row vc_inner vc_row-fluid\"><div class=\"wpb_column vc_column_container vc_col-sm-8\"><div class=\"vc_column-inner\"><div class=\"wpb_wrapper\">\r\n\t<div class=\"wpb_text_column wpb_content_element  vc_custom_1543948412815\" >\r\n\t\t<div class=\"wpb_wrapper\">\r\n\t\t\t<p>Glaubensarbeit ist das wesentliche Werkzeug, das wir in ThetaHealing<b>\u00ae<\/b> einsetzen, um das anstehende Problem zu l\u00f6sen. Diese Arbeit wird durch einen Untersuchungsprozess ausgef\u00fchrt, welcher in ThetaHealing\u00ae graben genannt wird, in dem wir den Klienten durch grundlegende Fragen f\u00fchren um den Grundglaubenssatz zu finden.<\/p>\n\r\n\t\t<\/div>\r\n\t<\/div>\r\n<\/div><\/div><\/div><div class=\"wpb_column vc_column_container vc_col-sm-4\"><div class=\"vc_column-inner\"><div class=\"wpb_wrapper\"><img loading=\"lazy\" decoding=\"async\" width=\"256\" height=\"175\" src=\"https:\/\/www.sahitadeva.com\/wp-content\/uploads\/2018\/12\/dig-deeper.jpg\" class=\"aligncenter attachment-full\" alt=\"\" title=\"dig-deeper\" \/><\/div><\/div><\/div><\/div><div id=\"1532502611906-d10e8b80-0001\" class=\"dt-sc-empty-space\"><\/div><div id=\"1532502758529-7d5a2ddf-3ba3\" class=\"dt-sc-empty-space\"><\/div><blockquote class='type1' ><q>Wir werden im Laufe des Kurses viel \u00fcben, um eine solide Basis f\u00fcr dieses Werkzeug zu erhalten. Du erh\u00e4ltst Ratschl\u00e4ge, die Dir helfen werden Dich w\u00e4hrend Du eine Heilung mit Dir selbst oder mit einem Kunden vornimmst, sicherer zu f\u00fchlen.\nWenn wir in uns selbst oder bei unserem Klienten nicht nach dem Grundglaubenssatz graben, k\u00f6nnte es sein, dass die vorgenommenen \u00c4nderungen nur vor\u00fcbergehend sind und sogar eine echte Heilung verhindern.<\/q><\/blockquote><div id=\"1532503089147-1d0f9687-4116\" class=\"dt-sc-empty-space\"><\/div><div class=\"vc_row wpb_row vc_inner vc_row-fluid\"><div class=\"rs_col-sm-12 wpb_column vc_column_container vc_col-sm-6 vc_col-lg-6 vc_col-md-12\"><div class=\"vc_column-inner\"><div class=\"wpb_wrapper\"><h2>In diesem Kurs lernst Du<\/h2><ul class='dt-sc-fancy-list  dt-skin-primary-color circle-bullet'>\n<li>Deine grundlegende Abfragetechnik zu verbessern<\/li>\n<li>Dich beim Graben sicher zu f\u00fchlen<\/li>\n<li>8 verschiedene Untersuchungs- und Anwendungsm\u00f6glichkeiten<\/li>\n<\/ul><div id=\"1543949106128-817a47da-f690\" class=\"dt-sc-empty-space\"><\/div><\/div><\/div><\/div><\/div>\r\n\t<div class=\"wpb_text_column wpb_content_element  vc_custom_1545402915138\" >\r\n\t\t<div class=\"wpb_wrapper\">\r\n\t\t\t<p><b>Voraussetzungen:<\/b> BASIS DNA UND AUFBAU DNA<\/p>\n<p><b>Beinhaltet:<\/b> International anerkanntes Zertifikat und Handbuch.<\/p>\n<p><b>Dauer:<\/b> 2 aufeinanderfolgende Tage oder 3 aufeinanderfolgende Nachmittage<\/p>\n\r\n\t\t<\/div>\r\n\t<\/div>\r\n<div id=\"1543948980420-bd45d249-1852\" class=\"dt-sc-empty-space\"><\/div><h2>Reservieren Sie Ihren Platz<\/h2><\/div><\/div><\/div><\/div><div class=\"vc_row wpb_row vc_row-fluid vc_custom_1546890698565 vc_row-has-fill\"><div class=\"wpb_column vc_column_container vc_col-sm-12\"><div class=\"vc_column-inner\"><div class=\"wpb_wrapper\">\n<div class=\"wpcf7 no-js\" id=\"wpcf7-f13338-o1\" lang=\"en-US\" dir=\"ltr\" data-wpcf7-id=\"13338\">\n<div class=\"screen-reader-response\"><p role=\"status\" aria-live=\"polite\" aria-atomic=\"true\"><\/p> <ul><\/ul><\/div>\n<form action=\"\/de\/wp-json\/wp\/v2\/pages\/10989#wpcf7-f13338-o1\" method=\"post\" class=\"wpcf7-form init\" aria-label=\"Contact form\" novalidate=\"novalidate\" data-status=\"init\" data-trp-original-action=\"\/de\/wp-json\/wp\/v2\/pages\/10989#wpcf7-f13338-o1\">\n<fieldset class=\"hidden-fields-container\"><input type=\"hidden\" name=\"_wpcf7\" value=\"13338\" \/><input type=\"hidden\" name=\"_wpcf7_version\" value=\"6.1.4\" \/><input type=\"hidden\" name=\"_wpcf7_locale\" value=\"en_US\" \/><input type=\"hidden\" name=\"_wpcf7_unit_tag\" value=\"wpcf7-f13338-o1\" \/><input type=\"hidden\" name=\"_wpcf7_container_post\" value=\"0\" \/><input type=\"hidden\" name=\"_wpcf7_posted_data_hash\" value=\"\" \/>\n<\/fieldset>\n<div class=\"vc_row wpb_row vc_row-fluid\"><div class=\"wpb_column vc_column_container vc_col-sm-3\"><div class=\"vc_column-inner\"><div class=\"wpb_wrapper\"><span class=\"wpcf7-form-control-wrap\" data-name=\"text-752\"><input size=\"40\" maxlength=\"400\" class=\"wpcf7-form-control wpcf7-text wpcf7-validates-as-required\" aria-required=\"true\" aria-invalid=\"false\" placeholder=\"Name *\" value=\"\" type=\"text\" name=\"text-752\" \/><\/span><div class='dt-sc-hr-invisible-medium'> <\/div><div class='dt-sc-clear'> <\/div><span class=\"wpcf7-form-control-wrap\" data-name=\"tel-60\"><input size=\"40\" maxlength=\"400\" class=\"wpcf7-form-control wpcf7-tel wpcf7-validates-as-required wpcf7-text wpcf7-validates-as-tel\" aria-required=\"true\" aria-invalid=\"false\" placeholder=\"Telefon *\" value=\"\" type=\"tel\" name=\"tel-60\" \/><\/span><\/div><\/div><\/div><div class=\"wpb_column vc_column_container vc_col-sm-3\"><div class=\"vc_column-inner\"><div class=\"wpb_wrapper\"><span class=\"wpcf7-form-control-wrap\" data-name=\"email-654\"><input size=\"40\" maxlength=\"400\" class=\"wpcf7-form-control wpcf7-email wpcf7-validates-as-required wpcf7-text wpcf7-validates-as-email\" aria-required=\"true\" aria-invalid=\"false\" placeholder=\"Email*\" value=\"\" type=\"email\" name=\"email-654\" \/><\/span><div class='dt-sc-hr-invisible-medium'> <\/div><div class='dt-sc-clear'> <\/div><span class=\"wpcf7-form-control-wrap\" data-name=\"Category\"><select class=\"wpcf7-form-control wpcf7-select\" aria-invalid=\"false\" name=\"Category\"><option value=\"Selecciona Curso\">Kurs ausw\u00e4hlen<\/option><option value=\"Curso ADN B\u00e1sico\">Basis DNA<\/option><option value=\"Curso ADN Avanzado\">Aufbau DNA Kurs<\/option><option value=\"Indagaci\u00f3n Profunda\">Grabe Tiefer<\/option><option value=\"Manifestaci\u00f3n y Abundancia\">Manifestieren und \u00dcberfluss<\/option><\/select><\/span><\/div><\/div><\/div><div class=\"wpb_column vc_column_container vc_col-sm-3\"><div class=\"vc_column-inner\"><div class=\"wpb_wrapper\"><span class=\"wpcf7-form-control-wrap\" data-name=\"textarea-220\"><textarea cols=\"40\" rows=\"10\" maxlength=\"2000\" class=\"wpcf7-form-control wpcf7-textarea\" aria-invalid=\"false\" placeholder=\"Nachricht *\" name=\"textarea-220\"><\/textarea><\/span><\/div><\/div><\/div><div class=\"wpb_column vc_column_container vc_col-sm-3\"><div class=\"vc_column-inner\"><div class=\"wpb_wrapper\"><\/div><\/div><\/div>\n<div class='dt-sc-clear'> <\/div><br \/>\n<div class=\"vc_row wpb_row vc_row-fluid\"><\/div><label>Ich habe die Datenschutzerkl\u00e4rung gelesen und akzeptiere sie<br \/>\n<span class=\"wpcf7-form-control-wrap\" data-name=\"acceptance-914\"><span class=\"wpcf7-form-control wpcf7-acceptance\"><span class=\"wpcf7-list-item\"><input type=\"checkbox\" name=\"acceptance-914\" value=\"1\" aria-invalid=\"false\" \/><\/span><\/span><\/span><a href=\"https:\/\/www.sahitadeva.com\/de\/politica-de-privacidad\/\" target=\"_blank\" rel=\"noopener\">Datenschutzrichtlinie<\/a> <\/label>\n<\/p>\n<p><label>Ihre pers\u00f6nlichen Daten werden von Margot Partridge zum Zwecke der Kontaktaufnahme gespeichert und verarbeitet. Die Legitimierung erfolgt durch Ihre ausdr\u00fcckliche Zustimmung. Sie k\u00f6nnen auf Ihre Daten zugreifen, sie korrigieren, einschr\u00e4nken oder l\u00f6schen. Weitere Informationen im <a href=\"https:\/\/www.sahitadeva.com\/de\/aviso-legal\/\">Rechtliche Hinweise<\/a><\/label><\/div>\n<p><input class=\"wpcf7-form-control wpcf7-submit has-spinner\" type=\"submit\" value=\"Termin anfragen\" \/>\n<\/p><div class=\"wpcf7-response-output\" aria-hidden=\"true\"><\/div>\n<input type=\"hidden\" name=\"trp-form-language\" value=\"de\"\/><\/form>\n<\/div>\n<\/div><\/div><\/div><\/div>\n<\/div>","protected":false},"excerpt":{"rendered":"Indagaci\u00f3nCurso Indagaci\u00f3n Profunda El trabajo de creencias es la herramienta esencial que utilizamos en ThetaHealing\u00ae para llegar a la ra\u00edz del problema a tratar. Este trabajo se realiza mediante un proceso de indagaci\u00f3n en el cual vamos guiando al cliente mediante preguntas b\u00e1sicas. En el curso de&nbsp;indagaci\u00f3n profunda vamos a practicar mucho para obtener una [...]","protected":false},"author":1,"featured_media":0,"parent":0,"menu_order":0,"comment_status":"closed","ping_status":"closed","template":"tpl-sidenavigation.php","meta":{"footnotes":""},"class_list":["post-10989","page","type-page","status-publish","hentry"],"aioseo_notices":[],"_links":{"self":[{"href":"https:\/\/www.sahitadeva.com\/de\/wp-json\/wp\/v2\/pages\/10989","targetHints":{"allow":["GET"]}}],"collection":[{"href":"https:\/\/www.sahitadeva.com\/de\/wp-json\/wp\/v2\/pages"}],"about":[{"href":"https:\/\/www.sahitadeva.com\/de\/wp-json\/wp\/v2\/types\/page"}],"author":[{"embeddable":true,"href":"https:\/\/www.sahitadeva.com\/de\/wp-json\/wp\/v2\/users\/1"}],"replies":[{"embeddable":true,"href":"https:\/\/www.sahitadeva.com\/de\/wp-json\/wp\/v2\/comments?post=10989"}],"version-history":[{"count":13,"href":"https:\/\/www.sahitadeva.com\/de\/wp-json\/wp\/v2\/pages\/10989\/revisions"}],"predecessor-version":[{"id":13575,"href":"https:\/\/www.sahitadeva.com\/de\/wp-json\/wp\/v2\/pages\/10989\/revisions\/13575"}],"wp:attachment":[{"href":"https:\/\/www.sahitadeva.com\/de\/wp-json\/wp\/v2\/media?parent=10989"}],"curies":[{"name":"wp","href":"https:\/\/api.w.org\/{rel}","templated":true}]}}