{"id":13109,"date":"2018-11-28T17:11:49","date_gmt":"2018-11-28T17:11:49","guid":{"rendered":"https:\/\/www.sahitadeva.com\/?page_id=13109"},"modified":"2019-01-23T16:34:23","modified_gmt":"2019-01-23T16:34:23","slug":"aviso-legal","status":"publish","type":"page","link":"https:\/\/www.sahitadeva.com\/de\/aviso-legal\/","title":{"rendered":"Rechtliche Hinweise"},"content":{"rendered":"<h2 class=\"western\"><span style=\"color: #231f20;\">LSSICE<\/span><\/h2>\n<p><span style=\"color: #231f20;\">ADAPTACI\u00d3N A LA LEY 34\/2002 DE SERVICIOS DE LA SOCIEDAD DE LA INFORMACI\u00d3N Y COMERCIO ELECTR\u00d3NICO (LSSICE).<\/span><\/p>\n<p><strong>AVISO LEGAL:<\/strong><\/p>\n<p>En cumplimiento del art\u00edculo 10 de la Ley 34\/2002, de 11 de julio, de Servicios de la Sociedad de la Informaci\u00f3n y Comercio Electr\u00f3nico (LSSICE) a continuaci\u00f3n se detallan los datos identificativos de la empresa:<\/p>\n<p>Raz\u00f3n social: <span style=\"color: #000000;\">SahitaDeva<\/span><\/p>\n<p>NIF: X2534429J<\/p>\n<p>Direcci\u00f3n: C\/ de sa Palmera 9<\/p>\n<p>C.P.: 07800<\/p>\n<p>Localidad: Ibiza<\/p>\n<p>Tel\u00e9fono: +34 606 91 43 67<\/p>\n<p>E-mail: margotpartridge@gmail.com<\/p>\n<p>Actividad de la empresa: Cursos y Terapias<\/p>\n<p>Responsable de los Ficheros de la Empresa<\/p>\n<p>Nombre y apellidos: Margot Partridge<\/p>\n<p>NIF: X2534429J<\/p>\n<p><strong>FINALIDAD DE LA P\u00c1GINA WEB.<\/strong><\/p>\n<p>Corredur\u00eda de seguros online, solicitudes y tarificaci\u00f3n<\/p>\n<p>El presente aviso legal (en adelante, el \u00abAviso Legal\u00bb) regula el uso del sitio web: https:\/\/www.sahitadeva.com\/<\/p>\n<p><strong>LEGISLACI\u00d3N.<\/strong><\/p>\n<p>Con car\u00e1cter general las relaciones entre <span style=\"color: #808080;\"><span style=\"color: #000000;\">Margot Partridge<\/span><\/span> (X2534429J) con los Usuarios de sus servicios telem\u00e1ticos, presentes en este sitio web, se encuentran sometidas a la legislaci\u00f3n y jurisdicci\u00f3n espa\u00f1olas.<\/p>\n<p><strong>USO Y ACCESO DE USUARIOS.<\/strong><\/p>\n<p>El Usuario queda informado, y acepta, que el acceso a la presente web no supone, en modo alguno, el inicio de una relaci\u00f3n comercial con <span style=\"color: #808080;\"><span style=\"color: #000000;\">Margot Partridge<\/span><\/span> (X2534429J) o cualquiera de sus delegaciones.<\/p>\n<p><strong>PROPIEDAD INTELECTUAL E INDUSTRIAL.<\/strong><\/p>\n<p>Los derechos de propiedad intelectual del contenido de las p\u00e1ginas web, su dise\u00f1o gr\u00e1fico y c\u00f3digos son titularidad de <span style=\"color: #808080;\"><span style=\"color: #000000;\">Margot Partridge<\/span><\/span> (X2534429J) y, por tanto, queda prohibida su reproducci\u00f3n, distribuci\u00f3n, comunicaci\u00f3n p\u00fablica, transformaci\u00f3n o cualquier otra actividad que se pueda realizar con los contenidos de sus p\u00e1ginas web ni aun citando las fuentes, salvo consentimiento por escrito de <span style=\"color: #808080;\"><span style=\"color: #000000;\">Margot Partridge<\/span><\/span> (X2534429J).<\/p>\n<p><strong>CONTENIDO DE LA WEB Y ENLACES (LINKS).<\/strong><\/p>\n<p><span style=\"color: #808080;\"><span style=\"color: #000000;\">Margot Partridge<\/span><\/span> (X2534429J) se reserva el derecho a actualizar, modificar o eliminar la informaci\u00f3n contenida en sus p\u00e1ginas web pudiendo incluso limitar o no permitir el acceso a dicha informaci\u00f3n a ciertos usuarios.<\/p>\n<p><span style=\"color: #808080;\"><span style=\"color: #000000;\">Margot Partridge<\/span><\/span> (X2534429J) no asume responsabilidad alguna por la informaci\u00f3n contenida en p\u00e1ginas web de terceros a las que se pueda acceder por \u00ablinks\u00bb o enlaces desde cualquier p\u00e1gina web propiedad de <span style=\"color: #808080;\"><span style=\"color: #000000;\">Margot Partridge<\/span><\/span> (X2534429J). La presencia de \u00ablinks\u00bb o enlaces en las p\u00e1ginas web de <span style=\"color: #808080;\"><span style=\"color: #000000;\">Margot Partridge<\/span><\/span> (X2534429J) tiene finalidad meramente informativa y en ning\u00fan caso supone sugerencia, invitaci\u00f3n o recomendaci\u00f3n sobre los mismos.<\/p>","protected":false},"excerpt":{"rendered":"<p>LSSICE ADAPTACI\u00d3N A LA LEY 34\/2002 DE SERVICIOS DE LA SOCIEDAD DE LA INFORMACI\u00d3N Y COMERCIO ELECTR\u00d3NICO (LSSICE). AVISO LEGAL: En cumplimiento del art\u00edculo 10 de la Ley 34\/2002, de 11 de julio, de Servicios de la Sociedad de la Informaci\u00f3n y Comercio Electr\u00f3nico (LSSICE) a continuaci\u00f3n se detallan los datos identificativos de la empresa: [&hellip;]<\/p>","protected":false},"author":1,"featured_media":0,"parent":0,"menu_order":0,"comment_status":"closed","ping_status":"closed","template":"","meta":{"footnotes":""},"class_list":["post-13109","page","type-page","status-publish","hentry"],"aioseo_notices":[],"_links":{"self":[{"href":"https:\/\/www.sahitadeva.com\/de\/wp-json\/wp\/v2\/pages\/13109","targetHints":{"allow":["GET"]}}],"collection":[{"href":"https:\/\/www.sahitadeva.com\/de\/wp-json\/wp\/v2\/pages"}],"about":[{"href":"https:\/\/www.sahitadeva.com\/de\/wp-json\/wp\/v2\/types\/page"}],"author":[{"embeddable":true,"href":"https:\/\/www.sahitadeva.com\/de\/wp-json\/wp\/v2\/users\/1"}],"replies":[{"embeddable":true,"href":"https:\/\/www.sahitadeva.com\/de\/wp-json\/wp\/v2\/comments?post=13109"}],"version-history":[{"count":2,"href":"https:\/\/www.sahitadeva.com\/de\/wp-json\/wp\/v2\/pages\/13109\/revisions"}],"predecessor-version":[{"id":13559,"href":"https:\/\/www.sahitadeva.com\/de\/wp-json\/wp\/v2\/pages\/13109\/revisions\/13559"}],"wp:attachment":[{"href":"https:\/\/www.sahitadeva.com\/de\/wp-json\/wp\/v2\/media?parent=13109"}],"curies":[{"name":"wp","href":"https:\/\/api.w.org\/{rel}","templated":true}]}}