{"id":13112,"date":"2018-11-28T17:12:42","date_gmt":"2018-11-28T17:12:42","guid":{"rendered":"https:\/\/www.sahitadeva.com\/?page_id=13112"},"modified":"2019-01-23T16:39:15","modified_gmt":"2019-01-23T16:39:15","slug":"politica-de-cookies","status":"publish","type":"page","link":"https:\/\/www.sahitadeva.com\/de\/politica-de-cookies\/","title":{"rendered":"Cookie-Richtlinie"},"content":{"rendered":"<h3 class=\"western\"><span style=\"color: #231f20;\"><span style=\"font-family: Arial, serif;\"><span style=\"font-size: small;\"><span lang=\"es-ES\"><i><b>POL\u00cdTICA DE COOKIES.<\/b><\/i><\/span><\/span><\/span><\/span><\/h3>\n<p class=\"western\" align=\"justify\"><span style=\"color: #808080;\"><span style=\"color: #000000;\"><span style=\"font-family: Liberation Serif, serif;\"><span style=\"font-size: small;\"><span lang=\"es-ES\"><i><b>Margot Partridge<\/b><\/i><\/span><\/span><\/span><\/span><\/span><i><b> <\/b><\/i><span style=\"color: #231f20;\"><span style=\"font-family: Liberation Serif, serif;\"><span style=\"font-size: small;\"><span lang=\"es-ES\"><i><b>(X2534429J), a trav\u00e9s del presente documento, recoge su Pol\u00edtica de recogida y tratamiento de cookies, en cumplimiento de lo dispuesto en el art\u00edculo 22.2 de la Ley 34\/2002, de 11 de julio, de Servicios de la Sociedad de la Informaci\u00f3n y de Comercio Electr\u00f3nico<\/b><\/i><\/span><\/span><\/span><\/span><i><b> <\/b><\/i><span style=\"color: #231f20;\"><span style=\"font-family: Liberation Serif, serif;\"><span style=\"font-size: small;\"><span lang=\"es-ES\"><i><b>(LSSICE).<\/b><\/i><\/span><\/span><\/span><\/span><\/p>\n<p class=\"western\" align=\"justify\"><span style=\"color: #231f20;\"><span style=\"font-family: Liberation Serif, serif;\"><span style=\"font-size: small;\"><span lang=\"es-ES\"><i><b>Las cookies se almacenan en el equipo terminal del usuario (ordenador o dispositivo m\u00f3vil) y recopilan informaci\u00f3n al visitar la p\u00e1gina web <\/b><\/i><\/span><\/span><\/span><\/span><span style=\"color: #000080;\"><span lang=\"zxx\"><u><span style=\"color: #231f20;\"><span style=\"font-family: Liberation Serif, serif;\"><span style=\"font-size: small;\"><i><b>https:\/\/www.sahitadeva.com\/,<\/b><\/i><\/span><\/span><\/span><\/u><\/span><\/span><span style=\"color: #231f20;\"><span style=\"font-family: Liberation Serif, serif;\"><span style=\"font-size: small;\"><span lang=\"es-ES\"><i><b> con la finalidad de mejorar la usabilidad de las mismas, conocer los h\u00e1bitos o necesidades de navegaci\u00f3n de los usuarios para poder adaptarse a los mismos, as\u00ed como obtener informaci\u00f3n con fines estad\u00edsticos. En el caso de aquellos usuarios que ya sean clientes de <\/b><\/i><\/span><\/span><\/span><\/span><span style=\"color: #808080;\"><span style=\"color: #000000;\"><span style=\"font-family: Liberation Serif, serif;\"><span style=\"font-size: small;\"><span lang=\"es-ES\"><i><b>Margot Partridge<\/b><\/i><\/span><\/span><\/span><\/span><\/span><i><b> <\/b><\/i><span style=\"color: #231f20;\"><span style=\"font-family: Liberation Serif, serif;\"><span style=\"font-size: small;\"><span lang=\"es-ES\"><i><b>(X2534429J), la informaci\u00f3n recabada con las cookies servir\u00e1 tambi\u00e9n para su identificaci\u00f3n al acceder a las distintas herramientas que <\/b><\/i><\/span><\/span><\/span><\/span><span style=\"color: #808080;\"><span style=\"color: #000000;\"><span style=\"font-family: Liberation Serif, serif;\"><span style=\"font-size: small;\"><span lang=\"es-ES\"><i><b>Margot Partridge<\/b><\/i><\/span><\/span><\/span><\/span><\/span><i><b> <\/b><\/i><span style=\"color: #231f20;\"><span style=\"font-family: Liberation Serif, serif;\"><span style=\"font-size: small;\"><span lang=\"es-ES\"><i><b>(X2534429J) pone a su disposici\u00f3n para la gesti\u00f3n de los servicios.<\/b><\/i><\/span><\/span><\/span><\/span><\/p>\n<p class=\"western\" align=\"justify\"><span style=\"color: #231f20;\"><span style=\"font-family: Liberation Serif, serif;\"><span style=\"font-size: small;\"><span lang=\"es-ES\"><i><b>La presente Pol\u00edtica de Cookies ser\u00e1 de aplicaci\u00f3n a aquellos usuarios que voluntariamente visitan las p\u00e1ginas web de <\/b><\/i><\/span><\/span><\/span><\/span><span style=\"color: #808080;\"><span style=\"color: #000000;\"><span style=\"font-family: Liberation Serif, serif;\"><span style=\"font-size: small;\"><span lang=\"es-ES\"><i><b>Margot Partridge<\/b><\/i><\/span><\/span><\/span><\/span><\/span><i><b> <\/b><\/i><span style=\"color: #231f20;\"><span style=\"font-family: Liberation Serif, serif;\"><span style=\"font-size: small;\"><span lang=\"es-ES\"><i><b>(X2534429J), cumplimentan formularios de recogida de datos, acceden a las herramientas que <\/b><\/i><\/span><\/span><\/span><\/span><span style=\"color: #808080;\"><span style=\"color: #000000;\"><span style=\"font-family: Liberation Serif, serif;\"><span style=\"font-size: small;\"><span lang=\"es-ES\"><i><b>Margot Partridge<\/b><\/i><\/span><\/span><\/span><\/span><\/span><i><b> <\/b><\/i><span style=\"color: #231f20;\"><span style=\"font-family: Liberation Serif, serif;\"><span style=\"font-size: small;\"><span lang=\"es-ES\"><i><b>(X2534429J) pone a disposici\u00f3n de sus clientes para gestionar sus servicios, o utilizan cualquier otro servicio presente en el sitio web que implique la comunicaci\u00f3n de datos a <\/b><\/i><\/span><\/span><\/span><\/span><span style=\"color: #808080;\"><span style=\"color: #000000;\"><span style=\"font-family: Liberation Serif, serif;\"><span style=\"font-size: small;\"><span lang=\"es-ES\"><i><b>Margot Partridge<\/b><\/i><\/span><\/span><\/span><\/span><\/span><i><b> <\/b><\/i><span style=\"color: #231f20;\"><span style=\"font-family: Liberation Serif, serif;\"><span style=\"font-size: small;\"><span lang=\"es-ES\"><i><b>(X2534429J),<\/b><\/i><\/span><\/span><\/span><\/span><i><b> <\/b><\/i><span style=\"color: #231f20;\"><span style=\"font-family: Liberation Serif, serif;\"><span style=\"font-size: small;\"><span lang=\"es-ES\"><i><b>o<\/b><\/i><\/span><\/span><\/span><\/span><i><b> <\/b><\/i><span style=\"color: #231f20;\"><span style=\"font-family: Liberation Serif, serif;\"><span style=\"font-size: small;\"><span lang=\"es-ES\"><i><b>el<\/b><\/i><\/span><\/span><\/span><\/span><i><b> <\/b><\/i><span style=\"color: #231f20;\"><span style=\"font-family: Liberation Serif, serif;\"><span style=\"font-size: small;\"><span lang=\"es-ES\"><i><b>acceso<\/b><\/i><\/span><\/span><\/span><\/span><i><b> <\/b><\/i><span style=\"color: #231f20;\"><span style=\"font-family: Liberation Serif, serif;\"><span style=\"font-size: small;\"><span lang=\"es-ES\"><i><b>a<\/b><\/i><\/span><\/span><\/span><\/span><i><b> <\/b><\/i><span style=\"color: #231f20;\"><span style=\"font-family: Liberation Serif, serif;\"><span style=\"font-size: small;\"><span lang=\"es-ES\"><i><b>datos<\/b><\/i><\/span><\/span><\/span><\/span><i><b> <\/b><\/i><span style=\"color: #231f20;\"><span style=\"font-family: Liberation Serif, serif;\"><span style=\"font-size: small;\"><span lang=\"es-ES\"><i><b>por<\/b><\/i><\/span><\/span><\/span><\/span><i><b> <\/b><\/i><span style=\"color: #808080;\"><span style=\"color: #000000;\"><span style=\"font-family: Liberation Serif, serif;\"><span style=\"font-size: small;\"><span lang=\"es-ES\"><i><b>Margot Partridge<\/b><\/i><\/span><\/span><\/span><\/span><\/span><i><b> <\/b><\/i><span style=\"color: #231f20;\"><span style=\"font-family: Liberation Serif, serif;\"><span style=\"font-size: small;\"><span lang=\"es-ES\"><i><b>(X2534429J)<\/b><\/i><\/span><\/span><\/span><\/span><span style=\"color: #231f20;\"><span style=\"font-family: Arial, serif;\"><span style=\"font-size: small;\"><span lang=\"es-ES\"><i><b>, para la prestaci\u00f3n de sus<\/b><\/i><\/span><\/span><\/span><\/span><i><b> <\/b><\/i><span style=\"color: #231f20;\"><span style=\"font-family: Arial, serif;\"><span style=\"font-size: small;\"><span lang=\"es-ES\"><i><b>servicios.<\/b><\/i><\/span><\/span><\/span><\/span><\/p>\n<p class=\"western\" align=\"justify\"><span style=\"color: #808080;\"><span style=\"color: #000000;\"><span style=\"font-family: Liberation Serif, serif;\"><span style=\"font-size: small;\"><span lang=\"es-ES\"><i><b>Margot Partridge<\/b><\/i><\/span><\/span><\/span><\/span><\/span><i><b> <\/b><\/i><span style=\"color: #231f20;\"><span style=\"font-family: Liberation Serif, serif;\"><span style=\"font-size: small;\"><span lang=\"es-ES\"><i><b>(X2534429J) informa a los usuarios de sus p\u00e1ginas web, de la existencia de cookies y pone a su disposici\u00f3n la presente Pol\u00edtica con la finalidad de informarles acerca del uso y del objeto de las mismas. El hecho de continuar la navegaci\u00f3n a trav\u00e9s de sus p\u00e1ginas, supone el conocimiento y la aceptaci\u00f3n de la presente Pol\u00edtica por parte de dichos usuarios.<\/b><\/i><\/span><\/span><\/span><\/span><\/p>\n<p class=\"western\"><span style=\"color: #808080;\"><span style=\"color: #000000;\"><span style=\"font-family: Liberation Serif, serif;\"><span style=\"font-size: small;\"><span lang=\"es-ES\"><i><b>Margot Partridge<\/b><\/i><\/span><\/span><\/span><\/span><\/span><i><b> <\/b><\/i><span style=\"color: #231f20;\"><span style=\"font-family: Liberation Serif, serif;\"><span style=\"font-size: small;\"><span lang=\"es-ES\"><i><b>(X2534429J) utiliza los siguientes tipos de cookies: Clasificadas por su titularidad:<\/b><\/i><\/span><\/span><\/span><\/span><\/p>\n<ol start=\"19\" type=\"A\">\n<li style=\"list-style-type: none;\">\n<ol start=\"12\" type=\"A\">\n<li style=\"list-style-type: none;\">\n<ul>\n<li><span style=\"font-family: Arial, serif;\"><span style=\"color: #231f20;\"><span style=\"font-size: small;\"><span lang=\"es-ES\"><i><b>Cookies propias: enviadas y gestionadas directamente por <\/b><\/i><\/span><\/span><\/span><span style=\"color: #808080;\"><span style=\"color: #000000;\"><span style=\"font-size: small;\"><span lang=\"es-ES\"><i><b>Margot Partridge<\/b><\/i><\/span><\/span><\/span><\/span><span style=\"color: #808080;\"><span style=\"color: #231f20;\"><span style=\"font-size: small;\"><span lang=\"es-ES\"><i><b>.<\/b><\/i><\/span><\/span><\/span><\/span><\/span><\/li>\n<li>\n<p align=\"justify\"><span style=\"font-family: Arial, serif;\"><span style=\"color: #231f20;\"><span style=\"font-size: small;\"><span lang=\"es-ES\"><i><b>Cookies de terceros: enviadas y gestionadas por un tercero ajeno a <\/b><\/i><\/span><\/span><\/span><span style=\"color: #808080;\"><span style=\"color: #000000;\"><span style=\"font-size: small;\"><span lang=\"es-ES\"><i><b>Margot Partridge<\/b><\/i><\/span><\/span><\/span><\/span><span style=\"color: #231f20;\"><span style=\"font-size: small;\"><span lang=\"es-ES\"><i><b>, de forma an\u00f3nima, con la finalidad de realizar estudios estad\u00edsticos de navegaci\u00f3n por las p\u00e1ginas web de <\/b><\/i><\/span><\/span><\/span><span style=\"color: #808080;\"><span style=\"color: #000000;\"><span style=\"font-size: small;\"><span lang=\"es-ES\"><i><b>Margot Partridge<\/b><\/i><\/span><\/span><\/span><\/span><span style=\"color: #231f20;\"><span style=\"font-size: small;\"><span lang=\"es-ES\"><i><b>.<\/b><\/i><\/span><\/span><\/span><\/span><\/p>\n<\/li>\n<\/ul>\n<\/li>\n<\/ol>\n<\/li>\n<\/ol>\n<p class=\"western\">\n<p class=\"western\"><span style=\"color: #231f20;\"><span style=\"font-family: Liberation Serif, serif;\"><span style=\"font-size: small;\"><span lang=\"es-ES\"><i><b>Clasificadas por su finalidad:<\/b><\/i><\/span><\/span><\/span><\/span><\/p>\n<ol start=\"19\" type=\"A\">\n<li style=\"list-style-type: none;\">\n<ol start=\"12\" type=\"A\">\n<li style=\"list-style-type: none;\">\n<ul>\n<li>\n<p align=\"justify\"><span style=\"font-family: Arial, serif;\"><span style=\"color: #231f20;\"><span style=\"font-size: small;\"><span lang=\"es-ES\"><i><b>Cookies t\u00e9cnicas y\/o de personalizaci\u00f3n: facilitan la navegaci\u00f3n, al identificar la sesi\u00f3n, permitir el acceso a herramientas de acceso restringido, adem\u00e1s de configurar a medida las opciones disponibles. Posibilitan la prestaci\u00f3n del servicio solicitado previamente por el<\/b><\/i><\/span><\/span><\/span><i><b> <\/b><\/i><span style=\"color: #231f20;\"><span style=\"font-size: small;\"><span lang=\"es-ES\"><i><b>usuario.<\/b><\/i><\/span><\/span><\/span><\/span><\/p>\n<\/li>\n<li>\n<p align=\"justify\"><span style=\"font-family: Arial, serif;\"><span style=\"color: #231f20;\"><span style=\"font-size: small;\"><span lang=\"es-ES\"><i><b>Cookies de an\u00e1lisis y\/o publicidad: permiten conocer el n\u00famero de visitas recibidas en las diferentes secciones de las p\u00e1ginas web, los h\u00e1bitos y tendencias de sus usuarios y en consecuencia, poder mejorar la navegaci\u00f3n y el servicio ofrecido por <\/b><\/i><\/span><\/span><\/span><span style=\"color: #808080;\"><span style=\"color: #000000;\"><span style=\"font-size: small;\"><span lang=\"es-ES\"><i><b>Margot Partridge<\/b><\/i><\/span><\/span><\/span><\/span><span style=\"color: #231f20;\"><span style=\"font-size: small;\"><span lang=\"es-ES\"><i><b> (fundamentalmente, Google Analytics), as\u00ed como gestionar los espacios publicitarios incluidos en la p\u00e1gina web visitada por el usuario. Recopila datos de forma an\u00f3nima con la finalidad de obtener perfiles de navegaci\u00f3n de los<\/b><\/i><\/span><\/span><\/span><i><b> <\/b><\/i><span style=\"color: #231f20;\"><span style=\"font-size: small;\"><span lang=\"es-ES\"><i><b>usuarios.<\/b><\/i><\/span><\/span><\/span><\/span><\/p>\n<\/li>\n<\/ul>\n<\/li>\n<\/ol>\n<\/li>\n<\/ol>\n<p class=\"western\"><span style=\"color: #231f20;\"><span style=\"font-family: Liberation Serif, serif;\"><span style=\"font-size: small;\"><span lang=\"es-ES\"><i><b>Clasificadas por su duraci\u00f3n:<\/b><\/i><\/span><\/span><\/span><\/span><\/p>\n<ul>\n<li><span style=\"font-family: Arial, serif;\"><span style=\"color: #231f20;\"><span style=\"font-size: small;\"><span lang=\"es-ES\"><i><b>Cookies de sesi\u00f3n: recaban y almacenan los datos mientras el usuario accede a la p\u00e1gina<\/b><\/i><\/span><\/span><\/span><i><b> <\/b><\/i><span style=\"color: #231f20;\"><span style=\"font-size: small;\"><span lang=\"es-ES\"><i><b>web.<\/b><\/i><\/span><\/span><\/span><\/span><\/li>\n<li><span style=\"font-family: Arial, serif;\"><span style=\"color: #231f20;\"><span style=\"font-size: small;\"><span lang=\"es-ES\"><i><b>Cookies persistentes: recaban y almacenan los datos en el terminal del usuario durante un periodo de tiempo variable en funci\u00f3n de cu\u00e1l sea la finalidad para la que han sido<\/b><\/i><\/span><\/span><\/span><i><b> <\/b><\/i><span style=\"color: #231f20;\"><span style=\"font-size: small;\"><span lang=\"es-ES\"><i><b>utilizadas.<\/b><\/i><\/span><\/span><\/span><\/span><\/li>\n<\/ul>\n<p class=\"western\" align=\"justify\"><span style=\"color: #231f20;\"><span style=\"font-family: Liberation Serif, serif;\"><span style=\"font-size: small;\"><span lang=\"es-ES\"><i><b>El tiempo de conservaci\u00f3n de las cookies depender\u00e1 del tipo de que se trate y siempre ser\u00e1 el m\u00ednimo indispensable para cumplir su finalidad.<\/b><\/i><\/span><\/span><\/span><\/span><\/p>\n<p class=\"western\" align=\"justify\"><span style=\"color: #231f20;\"><span style=\"font-family: Liberation Serif, serif;\"><span style=\"font-size: small;\"><span lang=\"es-ES\"><i><b>En cualquier caso, los usuarios pueden configurar su navegador, de manera que se deshabilite o bloquee la recepci\u00f3n de todas o algunas de las cookies. El hecho de no desear recibir estas cookies, no constituye un impedimento para poder acceder a la informaci\u00f3n de los sitios web de <\/b><\/i><\/span><\/span><\/span><\/span><span style=\"color: #808080;\"><span style=\"color: #000000;\"><span style=\"font-family: Liberation Serif, serif;\"><span style=\"font-size: small;\"><span lang=\"es-ES\"><i><b>Margot Partridge <\/b><\/i><\/span><\/span><\/span><\/span><\/span><span style=\"color: #231f20;\"><span style=\"font-family: Liberation Serif, serif;\"><span style=\"font-size: small;\"><span lang=\"es-ES\"><i><b>aunque el uso de algunos servicios podr\u00e1 ser limitado. Si una vez otorgado el consentimiento para la recepci\u00f3n de cookies, se desease retirar \u00e9ste, se deber\u00e1n eliminar aquellas almacenadas en el equipo del usuario, a trav\u00e9s de las opciones de los diferentes navegadores.<\/b><\/i><\/span><\/span><\/span><\/span><\/p>\n<p class=\"western\" align=\"justify\"><span style=\"color: #231f20;\"><span style=\"font-family: Liberation Serif, serif;\"><span style=\"font-size: small;\"><span lang=\"es-ES\"><i><b>La forma de configurar los diferentes navegadores para ejercitar las acciones se\u00f1aladas en los p\u00e1rrafos anteriores, se puede consultar en:<\/b><\/i><\/span><\/span><\/span><\/span><\/p>\n<ul>\n<li><span style=\"font-family: Arial, serif;\"><span style=\"color: #231f20;\"><span style=\"font-size: small;\"><span lang=\"es-ES\"><i><b>Explorer:<\/b><\/i><\/span><\/span><\/span><i><b> <\/b><\/i><span style=\"color: #000080;\"><span lang=\"zxx\"><u><a class=\"western\" href=\"http:\/\/windows.microsoft.com\/es-es\/windows7\/how-to-manage-cookies\"><span style=\"color: #231f20;\"><span style=\"font-size: small;\"><i><b>http:\/\/windows.microsoft.com\/es-es\/windows7\/how-to-manage-cookies<\/b><\/i><\/span><\/span><\/a><\/u><\/span><\/span><\/span><\/li>\n<\/ul>\n<p class=\"western\"><span style=\"color: #231f20;\"><span style=\"font-family: Liberation Serif, serif;\"><span style=\"font-size: small;\"><span lang=\"es-ES\"><i><b>-in-internet-explorer-9<\/b><\/i><\/span><\/span><\/span><\/span><\/p>\n<ul>\n<li><span style=\"font-family: Arial, serif;\"><span style=\"color: #231f20;\"><span style=\"font-size: small;\"><span lang=\"es-ES\"><i><b>Chrome: https:\/\/support.google.com\/chrome\/answer\/95647?hl=es<\/b><\/i><\/span><\/span><\/span><\/span><\/li>\n<li><span style=\"font-family: Arial, serif;\"><span style=\"color: #231f20;\"><span style=\"font-size: small;\"><span lang=\"es-ES\"><i><b>Firefox: <\/b><\/i><\/span><\/span><\/span><span style=\"color: #000080;\"><span lang=\"zxx\"><u><a class=\"western\" href=\"http:\/\/support.mozilla.org\/es\/kb\/cookies-informacion-que-los-siti\"><span style=\"color: #231f20;\"><span style=\"font-size: small;\"><i><b>http:\/\/support.mozilla.org\/es\/kb\/cookies-informacion-que-los-siti<\/b><\/i><\/span><\/span><\/a><\/u><\/span><\/span><span style=\"color: #231f20;\"><span style=\"font-size: small;\"><span lang=\"es-ES\"><i><b> os-web-guardan-en-?redirectlocale=en-US&amp;redirectslug=Cookies<\/b><\/i><\/span><\/span><\/span><\/span><\/li>\n<\/ul>","protected":false},"excerpt":{"rendered":"<p>POL\u00cdTICA DE COOKIES. Margot Partridge (X2534429J), a trav\u00e9s del presente documento, recoge su Pol\u00edtica de recogida y tratamiento de cookies, en cumplimiento de lo dispuesto en el art\u00edculo 22.2 de la Ley 34\/2002, de 11 de julio, de Servicios de la Sociedad de la Informaci\u00f3n y de Comercio Electr\u00f3nico (LSSICE). Las cookies se almacenan en [&hellip;]<\/p>","protected":false},"author":1,"featured_media":0,"parent":0,"menu_order":0,"comment_status":"closed","ping_status":"closed","template":"","meta":{"footnotes":""},"class_list":["post-13112","page","type-page","status-publish","hentry"],"aioseo_notices":[],"_links":{"self":[{"href":"https:\/\/www.sahitadeva.com\/de\/wp-json\/wp\/v2\/pages\/13112","targetHints":{"allow":["GET"]}}],"collection":[{"href":"https:\/\/www.sahitadeva.com\/de\/wp-json\/wp\/v2\/pages"}],"about":[{"href":"https:\/\/www.sahitadeva.com\/de\/wp-json\/wp\/v2\/types\/page"}],"author":[{"embeddable":true,"href":"https:\/\/www.sahitadeva.com\/de\/wp-json\/wp\/v2\/users\/1"}],"replies":[{"embeddable":true,"href":"https:\/\/www.sahitadeva.com\/de\/wp-json\/wp\/v2\/comments?post=13112"}],"version-history":[{"count":2,"href":"https:\/\/www.sahitadeva.com\/de\/wp-json\/wp\/v2\/pages\/13112\/revisions"}],"predecessor-version":[{"id":13560,"href":"https:\/\/www.sahitadeva.com\/de\/wp-json\/wp\/v2\/pages\/13112\/revisions\/13560"}],"wp:attachment":[{"href":"https:\/\/www.sahitadeva.com\/de\/wp-json\/wp\/v2\/media?parent=13112"}],"curies":[{"name":"wp","href":"https:\/\/api.w.org\/{rel}","templated":true}]}}