{"id":13202,"date":"2018-12-04T17:55:32","date_gmt":"2018-12-04T17:55:32","guid":{"rendered":"https:\/\/www.sahitadeva.com\/?page_id=13202"},"modified":"2019-01-15T15:23:46","modified_gmt":"2019-01-15T15:23:46","slug":"tarot-de-angeles","status":"publish","type":"page","link":"https:\/\/www.sahitadeva.com\/de\/tarot-der-engel\/","title":{"rendered":"Engels Tarot"},"content":{"rendered":"<div class=\"wpb-content-wrapper\"><div data-vc-full-width=\"true\" data-vc-full-width-init=\"false\" class=\"vc_row wpb_row vc_row-fluid vc_row-o-equal-height vc_row-o-content-middle vc_row-flex\"><div class=\"wpb_column vc_column_container vc_col-sm-12\"><div class=\"vc_column-inner\"><div class=\"wpb_wrapper\"><div id=\"1531461904157-a8ce8e3c-9af1\" class=\"dt-sc-empty-space\"><\/div><div class='dt-sc-title script-with-sub-title aligncenter'><h6>Das Tarot<\/h6><h2>\u00bf Wer sind die Engeln ?<\/h2><\/div><div id=\"1531461913542-4dcf32ef-d5f8\" class=\"dt-sc-empty-space\"><\/div>\r\n\t<div class=\"wpb_text_column wpb_content_element\" >\r\n\t\t<div class=\"wpb_wrapper\">\r\n\t\t\t<blockquote>\n<p>Ein Engel (aus dem Griechischen \u1f04\u03b3\u03b3\u03b5\u03bb\u03bf\u03c2 - Angels [1]) ist ein \u00fcbernat\u00fcrliches Wesen oder ein Geist, der oft in humanoider Form mit gefiederten Fl\u00fcgeln auf dem R\u00fccken und Halos um den Kopf dargestellt wird, die in verschiedenen Religionen und Mythologien vorkommen.<\/p>\n<\/blockquote>\n<p>&nbsp;<\/p>\n<p>La palabra \u00ab\u00c1ngel\u00bb significa \u00abMensajero de Dios\u00bb. Hoy sabemos que todo lo que existe es energ\u00eda y, por lo tanto, los \u00e1ngeles son una forma de energ\u00eda positiva enviada desde el Universo (o Dios, la fuente, Mar\u00eda, Jes\u00fas o como quieras llamarlo) para ayudarnos y guiarnos en las vidas en la tierra. Como tenemos algo llamado el libre albedr\u00edo, solo pueden ayudarnos cuando les preguntamos por ayuda.<\/p>\n<p><img loading=\"lazy\" decoding=\"async\" class=\"alignright wp-image-13496\" src=\"https:\/\/www.sahitadeva.com\/wp-content\/uploads\/2019\/01\/terapias-home-angel-m.jpg\" alt=\"\" width=\"450\" height=\"450\" srcset=\"https:\/\/www.sahitadeva.com\/wp-content\/uploads\/2019\/01\/terapias-home-angel-m.jpg 650w, https:\/\/www.sahitadeva.com\/wp-content\/uploads\/2019\/01\/terapias-home-angel-m-150x150.jpg 150w, https:\/\/www.sahitadeva.com\/wp-content\/uploads\/2019\/01\/terapias-home-angel-m-300x300.jpg 300w, https:\/\/www.sahitadeva.com\/wp-content\/uploads\/2019\/01\/terapias-home-angel-m-540x540.jpg 540w, https:\/\/www.sahitadeva.com\/wp-content\/uploads\/2019\/01\/terapias-home-angel-m-205x205.jpg 205w, https:\/\/www.sahitadeva.com\/wp-content\/uploads\/2019\/01\/terapias-home-angel-m-420x420.jpg 420w\" sizes=\"auto, (max-width: 450px) 100vw, 450px\" \/>Despu\u00e9s de participar en el taller \u00abLas ense\u00f1anzas de la C\u00e1bala\u00bb, que es un estudio muy antiguo del secreto del G\u00e9nesis en la biblia, que sol\u00eda ser pasado de los rabinos a los rabinos que se demostraron ser dignos, conoc\u00ed a la gama de los \u00c1ngeles.<\/p>\n<p>Pl\u00f6tzlich konnte ich sie f\u00fchlen, sehen, h\u00f6ren und seitdem kann ich das weiterhin. Es war eine der sch\u00f6nsten Erfahrungen meines Lebens. Zu erfahren dass wir niemals alleine sind und immer Hilfe haben. Ich hatte das Gef\u00fchl, dass ich diese Erfahrung mit jedem Menschen der mir begegnete teilen musste, und genauso f\u00fchle ich mich heute noch.<\/p>\n<p>Ich pers\u00f6nlich verwende nur Engelskarten, die von Doreen Virtue hergestellt wurden, weil ihre Karten sehr sch\u00f6n sind. Tarot-Karten k\u00f6nnen Menschen manchmal wegen ihres Designs erschrecken, und aus diesem Grund entwickelte sie einige, die f\u00fcr das Auge angenehm sind, und daher k\u00f6nnen die Botschaften, die Du wissen m\u00f6chtest, klarer erscheinen.<\/p>\n\r\n\t\t<\/div>\r\n\t<\/div>\r\n<a href='https:\/\/www.sahitadeva.com\/de\/reserva-cita\/' target='_self' title='' class='dt-sc-button   large   filled fully-rounded-corner' > Ich m\u00f6chte das Tarot der Engeln befragen <\/a><div id=\"1543940433916-c7fcc70a-68d3\" class=\"dt-sc-empty-space\"><\/div><\/div><\/div><\/div><\/div><div class=\"vc_row-full-width vc_clearfix\"><\/div><div data-vc-full-width=\"true\" data-vc-full-width-init=\"false\" class=\"vc_row wpb_row vc_row-fluid dt-sc-icon-box-counter vc_custom_1543945635862 vc_row-has-fill\"><div class=\"wpb_column vc_column_container vc_col-sm-12\"><div class=\"vc_column-inner\"><div class=\"wpb_wrapper\"><div id=\"1543945721378-7b403fc7-ef0f\" class=\"dt-sc-empty-space\"><\/div><div class='dt-sc-title script-with-sub-title dt-sc-dark-title aligncenter'><h6>Das Orakel<\/h6><h2>\u00bf Was ist das Tarot ?<\/h2><\/div><div id=\"1543942221260-08aaa3dc-e760\" class=\"dt-sc-empty-space\"><\/div><\/div><\/div><\/div><\/div><div class=\"vc_row-full-width vc_clearfix\"><\/div><div data-vc-full-width=\"true\" data-vc-full-width-init=\"false\" class=\"vc_row wpb_row vc_row-fluid dt-sc-icon-box-counter vc_custom_1543945652089 vc_row-has-fill\"><div class=\"wpb_column vc_column_container vc_col-sm-12\"><div class=\"vc_column-inner\"><div class=\"wpb_wrapper\">\r\n\t<div class=\"wpb_text_column wpb_content_element\" >\r\n\t\t<div class=\"wpb_wrapper\">\r\n\t\t\t<blockquote>\n<p>Die Tradition des Orakels oder auch Tarot genannt, reicht bis in die Zeit des alten \u00c4gypten zur\u00fcck.<\/p>\n<\/blockquote>\n<p style=\"text-align: left;\">Probablemente tiene que ver con las ense\u00f1anzas de los pitag\u00f3ricos que se originaron en Grecia y luego emigraron a Egipto antes de su muerte. Pit\u00e1goras fue un fil\u00f3sofo griego, matem\u00e1tico y fundador de movimientos religiosos llamado \u00abpitagorismo\u00bb.<\/p>\n<p style=\"text-align: left;\">Su teor\u00eda era que todo en este universo est\u00e1 divino y en perfecto orden, incluso si parece ca\u00f3tico. Adem\u00e1s, Pit\u00e1goras dice que todo es matem\u00e1ticamente preciso y puede predecirse, y esta es la base de la antigua sabidur\u00eda de la \u00abLey de la atracci\u00f3n\u00bb. La Ley de atracci\u00f3n dice que cuando haces una pregunta, la vibraci\u00f3n de la respuesta te llegar\u00e1.<\/p>\n<p style=\"text-align: left;\">In den alten Tagen, die in der Bibel aufgezeichnet sind, wurden die Definitions-Werkzeuge wie Steine \u200b\u200bund St\u00f6cke verwendet. Die Anf\u00fchrer der St\u00e4mme warfen sie auf den Boden, um je nachdem wie sie auf dem Boden sichtbar wurden,zu sehen ob sie umziehen sollten, oder ob sie in irgendeine Art von Krieg verwickelt waren. Daran sieht man, dass das Tarot nichts Neues ist, eigentlich gibt es das Tarot schon seit Tausenden von Jahren! Die Tarotkarten, wie wir sie heute kennen, wurden \u00fcber Jahre hinweg entworfen. Oracle- oder Tarotkarten sind der einfachste Weg, um eine klare Antwort zu erhalten, insbesondere wenn Du gestresst, besorgt oder sehr empfindlich auf die Energien dieser komplizierten Welt bist.<\/p>\n<p style=\"text-align: left;\">Es ist m\u00f6glich, Lesungen auf Skype durchzuf\u00fchren! <b>Skype<\/b>!<\/p>\n\r\n\t\t<\/div>\r\n\t<\/div>\r\n<div id=\"1543945747208-e89b7ff2-1c44\" class=\"dt-sc-empty-space\"><\/div><\/div><\/div><\/div><\/div><div class=\"vc_row-full-width vc_clearfix\"><\/div><div data-vc-full-width=\"true\" data-vc-full-width-init=\"false\" class=\"vc_row wpb_row vc_row-fluid rs_parallax_remove vc_custom_1546818867413 vc_row-has-fill\"><div class=\"wpb_column vc_column_container vc_col-sm-12\"><div class=\"vc_column-inner\"><div class=\"wpb_wrapper\"><div id=\"1543945742000-611b6d18-ebcc\" class=\"dt-sc-empty-space\"><\/div><div class=\"vc_row wpb_row vc_inner vc_row-fluid\"><div class=\"rs_col-sm-12 wpb_column vc_column_container vc_col-sm-6\"><div class=\"vc_column-inner\"><div class=\"wpb_wrapper\"><div class='dt-sc-title script-with-sub-title alignleft'><h6><\/h6><h2>Termin vereinbaren<\/h2><\/div><div id=\"1531468262776-4c296c19-4f1a\" class=\"dt-sc-empty-space\"><\/div>\n<div class=\"wpcf7 no-js\" id=\"wpcf7-f13339-o1\" lang=\"en-US\" dir=\"ltr\" data-wpcf7-id=\"13339\">\n<div class=\"screen-reader-response\"><p role=\"status\" aria-live=\"polite\" aria-atomic=\"true\"><\/p> <ul><\/ul><\/div>\n<form action=\"\/de\/wp-json\/wp\/v2\/pages\/13202#wpcf7-f13339-o1\" method=\"post\" class=\"wpcf7-form init\" aria-label=\"Contact form\" novalidate=\"novalidate\" data-status=\"init\" data-trp-original-action=\"\/de\/wp-json\/wp\/v2\/pages\/13202#wpcf7-f13339-o1\">\n<fieldset class=\"hidden-fields-container\"><input type=\"hidden\" name=\"_wpcf7\" value=\"13339\" \/><input type=\"hidden\" name=\"_wpcf7_version\" value=\"6.1.4\" \/><input type=\"hidden\" name=\"_wpcf7_locale\" value=\"en_US\" \/><input type=\"hidden\" name=\"_wpcf7_unit_tag\" value=\"wpcf7-f13339-o1\" \/><input type=\"hidden\" name=\"_wpcf7_container_post\" value=\"0\" \/><input type=\"hidden\" name=\"_wpcf7_posted_data_hash\" value=\"\" \/>\n<\/fieldset>\n<div class=\"vc_row wpb_row vc_row-fluid\"><div class=\"wpb_column vc_column_container vc_col-sm-3\"><div class=\"vc_column-inner\"><div class=\"wpb_wrapper\"><span class=\"wpcf7-form-control-wrap\" data-name=\"text-752\"><input size=\"40\" maxlength=\"400\" class=\"wpcf7-form-control wpcf7-text wpcf7-validates-as-required\" aria-required=\"true\" aria-invalid=\"false\" placeholder=\"Name *\" value=\"\" type=\"text\" name=\"text-752\" \/><\/span><div class='dt-sc-hr-invisible-medium'> <\/div><div class='dt-sc-clear'> <\/div><span class=\"wpcf7-form-control-wrap\" data-name=\"tel-60\"><input size=\"40\" maxlength=\"400\" class=\"wpcf7-form-control wpcf7-tel wpcf7-validates-as-required wpcf7-text wpcf7-validates-as-tel\" aria-required=\"true\" aria-invalid=\"false\" placeholder=\"Telefon *\" value=\"\" type=\"tel\" name=\"tel-60\" \/><\/span><\/div><\/div><\/div><div class=\"wpb_column vc_column_container vc_col-sm-3\"><div class=\"vc_column-inner\"><div class=\"wpb_wrapper\"><span class=\"wpcf7-form-control-wrap\" data-name=\"email-654\"><input size=\"40\" maxlength=\"400\" class=\"wpcf7-form-control wpcf7-email wpcf7-validates-as-required wpcf7-text wpcf7-validates-as-email\" aria-required=\"true\" aria-invalid=\"false\" placeholder=\"Email*\" value=\"\" type=\"email\" name=\"email-654\" \/><\/span><div class='dt-sc-hr-invisible-medium'> <\/div><div class='dt-sc-clear'> <\/div><span class=\"wpcf7-form-control-wrap\" data-name=\"Category\"><select class=\"wpcf7-form-control wpcf7-select\" aria-invalid=\"false\" name=\"Category\"><option value=\"Selecciona Terapia\">W\u00e4hlen Sie Therapie<\/option><option value=\"ThetaHealing\u00ae\">ThetaHealing\u00ae<\/option><option value=\"Hipnoterapia Cognitiva\">Kognitive Hypnosetherapie<\/option><option value=\"Tarot de \u00c1ngeles\">Tarot der Engel<\/option><\/select><\/span><\/div><\/div><\/div><div class=\"wpb_column vc_column_container vc_col-sm-3\"><div class=\"vc_column-inner\"><div class=\"wpb_wrapper\"><span class=\"wpcf7-form-control-wrap\" data-name=\"textarea-220\"><textarea cols=\"40\" rows=\"10\" maxlength=\"2000\" class=\"wpcf7-form-control wpcf7-textarea\" aria-invalid=\"false\" placeholder=\"Nachricht *\" name=\"textarea-220\"><\/textarea><\/span><\/div><\/div><\/div><div class=\"wpb_column vc_column_container vc_col-sm-3\"><div class=\"vc_column-inner\"><div class=\"wpb_wrapper\"><\/div><\/div><\/div>\n<div class='dt-sc-clear'> <\/div><br \/>\n<div class=\"vc_row wpb_row vc_row-fluid\"><\/div><label>Ich habe die Datenschutzerkl\u00e4rung gelesen und akzeptiere sie<br \/>\n<span class=\"wpcf7-form-control-wrap\" data-name=\"acceptance-914\"><span class=\"wpcf7-form-control wpcf7-acceptance\"><span class=\"wpcf7-list-item\"><input type=\"checkbox\" name=\"acceptance-914\" value=\"1\" aria-invalid=\"false\" \/><\/span><\/span><\/span><a href=\"https:\/\/www.sahitadeva.com\/de\/politica-de-privacidad\/\" target=\"_blank\" rel=\"noopener\">Datenschutzrichtlinie<\/a> <\/label>\n<\/p>\n<p><label>Ihre pers\u00f6nlichen Daten werden von Margot Partridge zum Zwecke der Kontaktaufnahme gespeichert und verarbeitet. Die Legitimierung erfolgt durch Ihre ausdr\u00fcckliche Zustimmung. Sie k\u00f6nnen auf Ihre Daten zugreifen, sie korrigieren, einschr\u00e4nken oder l\u00f6schen. Weitere Informationen im <a href=\"https:\/\/www.sahitadeva.com\/de\/aviso-legal\/\">Rechtliche Hinweise<\/a><\/label><\/div>\n<p><input class=\"wpcf7-form-control wpcf7-submit has-spinner\" type=\"submit\" value=\"Termin anfragen\" \/>\n<\/p><div class=\"wpcf7-response-output\" aria-hidden=\"true\"><\/div>\n<input type=\"hidden\" name=\"trp-form-language\" value=\"de\"\/><\/form>\n<\/div>\n<\/div><\/div><\/div><div class=\"wpb_column vc_column_container vc_col-sm-6\"><div class=\"vc_column-inner\"><div class=\"wpb_wrapper\"><\/div><\/div><\/div><\/div><div id=\"1545403628554-982b2f0c-e5e6\" class=\"dt-sc-empty-space\"><\/div><\/div><\/div><\/div><\/div><div class=\"vc_row-full-width vc_clearfix\"><\/div><!-- Row Backgrounds --><div class=\"upb_bg_img\" data-ultimate-bg=\"url(https:\/\/www.sahitadeva.com\/wp-content\/uploads\/2019\/01\/cta-fondo.jpg)\" data-image-id=\"id^13449|url^https:\/\/www.sahitadeva.com\/wp-content\/uploads\/2019\/01\/cta-fondo.jpg|caption^null|alt^null|title^cta-fondo|description^null\" data-ultimate-bg-style=\"vcpb-default\" data-bg-img-repeat=\"no-repeat\" data-bg-img-size=\"cover\" data-bg-img-position=\"\" data-parallx_sense=\"30\" data-bg-override=\"0\" data-bg_img_attach=\"scroll\" data-upb-overlay-color=\"\" data-upb-bg-animation=\"\" data-fadeout=\"\" data-bg-animation=\"left-animation\" data-bg-animation-type=\"h\" data-animation-repeat=\"repeat\" data-fadeout-percentage=\"30\" data-parallax-content=\"\" data-parallax-content-sense=\"30\" data-row-effect-mobile-disable=\"true\" data-img-parallax-mobile-disable=\"true\" data-rtl=\"false\"  data-custom-vc-row=\"\"  data-vc=\"8.7.2\"  data-is_old_vc=\"\"  data-theme-support=\"\"   data-overlay=\"false\" data-overlay-color=\"\" data-overlay-pattern=\"\" data-overlay-pattern-opacity=\"\" data-overlay-pattern-size=\"\"    ><\/div>\n<\/div>","protected":false},"excerpt":{"rendered":"El Tarot\u00bf Qui\u00e9nes son los \u00c1ngeles ? Un \u00e1ngel (del griego \u1f04\u03b3\u03b3\u03b5\u03bb\u03bf\u03c2 - \u00e1ngelos [1]) es un ser o esp\u00edritu sobrenatural, a menudo representado en forma humanoide con alas emplumadas en sus espaldas y halos alrededor de sus cabezas, que se encuentran en varias religiones y mitolog\u00edas. &nbsp; La palabra \"\u00c1ngel\" significa \"Mensajero de Dios\". [...]","protected":false},"author":1,"featured_media":0,"parent":0,"menu_order":0,"comment_status":"closed","ping_status":"closed","template":"","meta":{"footnotes":""},"class_list":["post-13202","page","type-page","status-publish","hentry"],"aioseo_notices":[],"_links":{"self":[{"href":"https:\/\/www.sahitadeva.com\/de\/wp-json\/wp\/v2\/pages\/13202","targetHints":{"allow":["GET"]}}],"collection":[{"href":"https:\/\/www.sahitadeva.com\/de\/wp-json\/wp\/v2\/pages"}],"about":[{"href":"https:\/\/www.sahitadeva.com\/de\/wp-json\/wp\/v2\/types\/page"}],"author":[{"embeddable":true,"href":"https:\/\/www.sahitadeva.com\/de\/wp-json\/wp\/v2\/users\/1"}],"replies":[{"embeddable":true,"href":"https:\/\/www.sahitadeva.com\/de\/wp-json\/wp\/v2\/comments?post=13202"}],"version-history":[{"count":15,"href":"https:\/\/www.sahitadeva.com\/de\/wp-json\/wp\/v2\/pages\/13202\/revisions"}],"predecessor-version":[{"id":13512,"href":"https:\/\/www.sahitadeva.com\/de\/wp-json\/wp\/v2\/pages\/13202\/revisions\/13512"}],"wp:attachment":[{"href":"https:\/\/www.sahitadeva.com\/de\/wp-json\/wp\/v2\/media?parent=13202"}],"curies":[{"name":"wp","href":"https:\/\/api.w.org\/{rel}","templated":true}]}}