{"id":13203,"date":"2018-12-04T17:56:10","date_gmt":"2018-12-04T17:56:10","guid":{"rendered":"https:\/\/www.sahitadeva.com\/?page_id=13203"},"modified":"2019-01-15T15:21:34","modified_gmt":"2019-01-15T15:21:34","slug":"hipnoterapia-cognitiva","status":"publish","type":"page","link":"https:\/\/www.sahitadeva.com\/de\/hypnotherapie-kognitiv\/","title":{"rendered":"Kognitive Hypnosetherapie"},"content":{"rendered":"<div class=\"wpb-content-wrapper\"><div data-vc-full-width=\"true\" data-vc-full-width-init=\"false\" class=\"vc_row wpb_row vc_row-fluid vc_row-o-equal-height vc_row-o-content-middle vc_row-flex\"><div class=\"wpb_column vc_column_container vc_col-sm-12\"><div class=\"vc_column-inner\"><div class=\"wpb_wrapper\"><div id=\"1531461904157-a8ce8e3c-9af1\" class=\"dt-sc-empty-space\"><\/div><div class='dt-sc-title script-with-sub-title aligncenter'><h6>Trancezust\u00e4nde<\/h6><h2>Was ist Kognitive Hypnosetherapie?<\/h2><\/div><div id=\"1531461913542-4dcf32ef-d5f8\" class=\"dt-sc-empty-space\"><\/div>\r\n\t<div class=\"wpb_text_column wpb_content_element\" >\r\n\t\t<div class=\"wpb_wrapper\">\r\n\t\t\t<blockquote>\n<p>Das bedeutet auch, dass der Hypnosetherapeut Deine Gedanken nicht lesen kann, nicht die Kontrolle \u00fcber Dich haben kann oder Dich dazu bringen kann, etwas zu tun, was Du nicht tun m\u00f6chtest.<\/p>\n<\/blockquote>\n<p><img loading=\"lazy\" decoding=\"async\" class=\"alignright wp-image-13494\" src=\"https:\/\/www.sahitadeva.com\/wp-content\/uploads\/2019\/01\/terapias-home-hipnoterapia-m.jpg\" alt=\"\" width=\"450\" height=\"450\" srcset=\"https:\/\/www.sahitadeva.com\/wp-content\/uploads\/2019\/01\/terapias-home-hipnoterapia-m.jpg 650w, https:\/\/www.sahitadeva.com\/wp-content\/uploads\/2019\/01\/terapias-home-hipnoterapia-m-150x150.jpg 150w, https:\/\/www.sahitadeva.com\/wp-content\/uploads\/2019\/01\/terapias-home-hipnoterapia-m-300x300.jpg 300w, https:\/\/www.sahitadeva.com\/wp-content\/uploads\/2019\/01\/terapias-home-hipnoterapia-m-540x540.jpg 540w, https:\/\/www.sahitadeva.com\/wp-content\/uploads\/2019\/01\/terapias-home-hipnoterapia-m-205x205.jpg 205w, https:\/\/www.sahitadeva.com\/wp-content\/uploads\/2019\/01\/terapias-home-hipnoterapia-m-420x420.jpg 420w\" sizes=\"auto, (max-width: 450px) 100vw, 450px\" \/>Es gibt so viele Missverst\u00e4ndnisse \u00fcber Hypnosetherapie, deshalb m\u00f6chte ich zun\u00e4chst erkl\u00e4ren, was es nicht ist. Es ist nichts, was Du im Fernsehen gesehen hast, in Shows in Hotels oder auf der B\u00fchne. Diese sind rein f\u00fcr die Unterhaltung der Menschen, die nichts mit Hypnosetherapie zu tun haben. Das bedeutet auch, dass der Hypnosetherapeut Deine Gedanken nicht lesen kann, nicht die Kontrolle \u00fcber Dich haben kann oder Dich dazu bringen kann, etwas zu tun, was Du nicht tun m\u00f6chtest.<\/p>\n<p>Du wirst dein Bewusstsein nicht verlieren, Du wirst nicht f\u00fcr immer einschlafen oder \u00fcberhaupt schlafen, und es ist definitiv nicht gef\u00e4hrlich. \nGanz im Gegenteil! In der Kognitiven Hypnosetherapie glauben wir, dass Du die ganze Zeit mit offenen Augen in Trance bist! \nIm ganz normalen Alltag durch l\u00e4ufst Du verschiedene Stadien des Trances. \u00dcberrascht dich das? Zum Beispiel bist Du in Trance, wenn Du beim fernsehen nicht wahrnimmst was um Dich herum vorgeht. Du bist in Trance, wenn eine Spinne in deinen Augen gr\u00f6\u00dfer und gef\u00e4hrlicher wird. Du bist in Trance, wenn Du mit dem Auto nach Hause f\u00e4hrst und Dich nicht an die letzten Kilometer die Du zur\u00fcckgelegt hast erinnern kannst. \nIn der Hypnosetherapie wenden wir Entspannungstechniken an, um die gew\u00fcnschte L\u00f6sung eines Problems zu erreichen, auf welche man sich zuvor geeinigt hat, bevor man sich in Entspannung begibt.<\/p>\n<p>La t\u00e9cnica de Hipnoterapia cognitiva puede ayudarte a obtener el control de problemas o situaciones donde te sientes impotente, bloqueado, paralizado y con miedo. Es un enfoque terap\u00e9utico que combina ideas extra\u00eddas de la teor\u00eda cognitiva, psicolog\u00eda evolutiva y PNL (programaci\u00f3n Neuroling\u00fc\u00edstica). Tambi\u00e9n utiliza una teor\u00eda de los \u201cEstados de trance\u201d propuesto por Steven Wolinsky, dentro del enfoque desarrollado por el autor del libro \u00abWordweaving\u00bb (Tejer palabras) por Trevor Silvester (fundador del Quest institute), el cual contiene sugerencias para crear una terapia breve y efectiva.<\/p>\n<p>En la hipnoterapia cognitiva trabajamos con cada cliente de manera diferente, seg\u00fan su propia visi\u00f3n del mundo, necesidades y posibilidades de vida. \u00a0\u00abNo hay ninguna t\u00e9cnica que pueda funcionar igual con todos, pero todos pueden beneficiarse por lo menos de una de las t\u00e9cnicas\u00bb. (Trevor Silvester)<\/p>\n\r\n\t\t<\/div>\r\n\t<\/div>\r\n<a href='https:\/\/www.sahitadeva.com\/de\/reserva-cita\/' target='_self' title='' class='dt-sc-button   large   filled fully-rounded-corner' > M\u00f6chten Sie eine Online-Beratung unverbindlich buchen ? <\/a><div id=\"1543940433916-c7fcc70a-68d3\" class=\"dt-sc-empty-space\"><\/div><\/div><\/div><\/div><\/div><div class=\"vc_row-full-width vc_clearfix\"><\/div><div data-vc-full-width=\"true\" data-vc-full-width-init=\"false\" class=\"vc_row wpb_row vc_row-fluid dt-sc-icon-box-counter vc_custom_1533201620540 vc_row-has-fill\"><div class=\"wpb_column vc_column_container vc_col-sm-12\"><div class=\"vc_column-inner\"><div class=\"wpb_wrapper\"><div id=\"1544202752517-1f288e10-b3d3\" class=\"dt-sc-empty-space\"><\/div><div class='dt-sc-title script-with-sub-title dt-sc-dark-title aligncenter'><h6>Kunden helfen<\/h6><h2>\u00bf Was ist NLP ?<\/h2><\/div><div id=\"1531722202205-be10f66e-3618\" class=\"dt-sc-empty-space\"><\/div><\/div><\/div><\/div><\/div><div class=\"vc_row-full-width vc_clearfix\"><\/div><div data-vc-full-width=\"true\" data-vc-full-width-init=\"false\" class=\"vc_row wpb_row vc_row-fluid dt-sc-icon-box-counter vc_custom_1533201620540 vc_row-has-fill\"><div class=\"wpb_column vc_column_container vc_col-sm-12\"><div class=\"vc_column-inner\"><div class=\"wpb_wrapper\">\r\n\t<div class=\"wpb_text_column wpb_content_element\" >\r\n\t\t<div class=\"wpb_wrapper\">\r\n\t\t\t<blockquote>\n<p style=\"text-align: left;\">Die PNL Programmierung (neurolinguistische Programmierung) spielt eine wichtige Rolle in der kognitiven Hypnosetherapie.<\/p>\n<\/blockquote>\n<h3 style=\"text-align: left;\">\u00bf Was ist NLP ?<\/h3>\n<p style=\"text-align: left;\">NLP wurde in den 70er Jahren von John Grinder (Assistenzprofessor f\u00fcr Linguistik) und Richard Bandler (Student der Psychologie) gegr\u00fcndet. Der urspr\u00fcngliche Zweck war:<\/p>\n<ul style=\"text-align: left;\">\n<li>hervorragende Therapeuten zu modellieren<\/li>\n<li>Exzellenz Muster zu Identifizieren<\/li>\n<li>Ein Mittel f\u00fcr andere Therapeuten zu entwickeln, um \u00e4hnliche Ergebnisse zu erzielen<\/li>\n<\/ul>\n<p style=\"text-align: left;\"><b>Die Verwendung von NLP heute hilft den Kunden:<\/b><\/p>\n<ul>\n<li style=\"text-align: left;\">Probleme zu \u00fcberwinden<\/li>\n<li style=\"text-align: left;\">Ihre Grenzen zu \u00fcberschreiten<\/li>\n<li style=\"text-align: left;\">Sportliche Exzellenz zu erreichen<\/li>\n<\/ul>\n<p>&nbsp;<\/p>\n<p style=\"text-align: left;\">\u00abUtilizando los principios de la PNL es posible describir cualquier actividad humana de una manera detallada, que permita realizar muchos cambios profundos, duraderos, r\u00e1pidos y f\u00e1ciles\u00bb &#8211; Steve Andreas (experto en PNL)<\/p>\n<p style=\"text-align: left;\">Wenn Du Dein Leben in irgendeiner Weise verbessern m\u00f6chtest, z\u00f6gere nicht Dich mit mir in Verbindung zu setzen.<\/p>\n<p style=\"text-align: left;\"><strong>! Wellness erwartet Sie!<\/strong><\/p>\n\r\n\t\t<\/div>\r\n\t<\/div>\r\n<div id=\"1543945725636-2e56a8f4-8927\" class=\"dt-sc-empty-space\"><\/div><\/div><\/div><\/div><\/div><div class=\"vc_row-full-width vc_clearfix\"><\/div><div data-vc-full-width=\"true\" data-vc-full-width-init=\"false\" class=\"vc_row wpb_row vc_row-fluid rs_parallax_remove vc_custom_1546889672849 vc_row-has-fill\"><div class=\"wpb_column vc_column_container vc_col-sm-12\"><div class=\"vc_column-inner\"><div class=\"wpb_wrapper\"><div id=\"1543945742000-611b6d18-ebcc\" class=\"dt-sc-empty-space\"><\/div><div class=\"vc_row wpb_row vc_inner vc_row-fluid\"><div class=\"rs_col-sm-12 wpb_column vc_column_container vc_col-sm-6\"><div class=\"vc_column-inner\"><div class=\"wpb_wrapper\"><div class='dt-sc-title script-with-sub-title alignleft'><h6><\/h6><h2>Termin vereinbaren<\/h2><\/div><div id=\"1531468262776-4c296c19-4f1a\" class=\"dt-sc-empty-space\"><\/div>\n<div class=\"wpcf7 no-js\" id=\"wpcf7-f13339-o1\" lang=\"en-US\" dir=\"ltr\" data-wpcf7-id=\"13339\">\n<div class=\"screen-reader-response\"><p role=\"status\" aria-live=\"polite\" aria-atomic=\"true\"><\/p> <ul><\/ul><\/div>\n<form action=\"\/de\/wp-json\/wp\/v2\/pages\/13203#wpcf7-f13339-o1\" method=\"post\" class=\"wpcf7-form init\" aria-label=\"Contact form\" novalidate=\"novalidate\" data-status=\"init\" data-trp-original-action=\"\/de\/wp-json\/wp\/v2\/pages\/13203#wpcf7-f13339-o1\">\n<fieldset class=\"hidden-fields-container\"><input type=\"hidden\" name=\"_wpcf7\" value=\"13339\" \/><input type=\"hidden\" name=\"_wpcf7_version\" value=\"6.1.4\" \/><input type=\"hidden\" name=\"_wpcf7_locale\" value=\"en_US\" \/><input type=\"hidden\" name=\"_wpcf7_unit_tag\" value=\"wpcf7-f13339-o1\" \/><input type=\"hidden\" name=\"_wpcf7_container_post\" value=\"0\" \/><input type=\"hidden\" name=\"_wpcf7_posted_data_hash\" value=\"\" \/>\n<\/fieldset>\n<div class=\"vc_row wpb_row vc_row-fluid\"><div class=\"wpb_column vc_column_container vc_col-sm-3\"><div class=\"vc_column-inner\"><div class=\"wpb_wrapper\"><span class=\"wpcf7-form-control-wrap\" data-name=\"text-752\"><input size=\"40\" maxlength=\"400\" class=\"wpcf7-form-control wpcf7-text wpcf7-validates-as-required\" aria-required=\"true\" aria-invalid=\"false\" placeholder=\"Name *\" value=\"\" type=\"text\" name=\"text-752\" \/><\/span><div class='dt-sc-hr-invisible-medium'> <\/div><div class='dt-sc-clear'> <\/div><span class=\"wpcf7-form-control-wrap\" data-name=\"tel-60\"><input size=\"40\" maxlength=\"400\" class=\"wpcf7-form-control wpcf7-tel wpcf7-validates-as-required wpcf7-text wpcf7-validates-as-tel\" aria-required=\"true\" aria-invalid=\"false\" placeholder=\"Telefon *\" value=\"\" type=\"tel\" name=\"tel-60\" \/><\/span><\/div><\/div><\/div><div class=\"wpb_column vc_column_container vc_col-sm-3\"><div class=\"vc_column-inner\"><div class=\"wpb_wrapper\"><span class=\"wpcf7-form-control-wrap\" data-name=\"email-654\"><input size=\"40\" maxlength=\"400\" class=\"wpcf7-form-control wpcf7-email wpcf7-validates-as-required wpcf7-text wpcf7-validates-as-email\" aria-required=\"true\" aria-invalid=\"false\" placeholder=\"Email*\" value=\"\" type=\"email\" name=\"email-654\" \/><\/span><div class='dt-sc-hr-invisible-medium'> <\/div><div class='dt-sc-clear'> <\/div><span class=\"wpcf7-form-control-wrap\" data-name=\"Category\"><select class=\"wpcf7-form-control wpcf7-select\" aria-invalid=\"false\" name=\"Category\"><option value=\"Selecciona Terapia\">W\u00e4hlen Sie Therapie<\/option><option value=\"ThetaHealing\u00ae\">ThetaHealing\u00ae<\/option><option value=\"Hipnoterapia Cognitiva\">Kognitive Hypnosetherapie<\/option><option value=\"Tarot de \u00c1ngeles\">Tarot der Engel<\/option><\/select><\/span><\/div><\/div><\/div><div class=\"wpb_column vc_column_container vc_col-sm-3\"><div class=\"vc_column-inner\"><div class=\"wpb_wrapper\"><span class=\"wpcf7-form-control-wrap\" data-name=\"textarea-220\"><textarea cols=\"40\" rows=\"10\" maxlength=\"2000\" class=\"wpcf7-form-control wpcf7-textarea\" aria-invalid=\"false\" placeholder=\"Nachricht *\" name=\"textarea-220\"><\/textarea><\/span><\/div><\/div><\/div><div class=\"wpb_column vc_column_container vc_col-sm-3\"><div class=\"vc_column-inner\"><div class=\"wpb_wrapper\"><\/div><\/div><\/div>\n<div class='dt-sc-clear'> <\/div><br \/>\n<div class=\"vc_row wpb_row vc_row-fluid\"><\/div><label>Ich habe die Datenschutzerkl\u00e4rung gelesen und akzeptiere sie<br \/>\n<span class=\"wpcf7-form-control-wrap\" data-name=\"acceptance-914\"><span class=\"wpcf7-form-control wpcf7-acceptance\"><span class=\"wpcf7-list-item\"><input type=\"checkbox\" name=\"acceptance-914\" value=\"1\" aria-invalid=\"false\" \/><\/span><\/span><\/span><a href=\"https:\/\/www.sahitadeva.com\/de\/politica-de-privacidad\/\" target=\"_blank\" rel=\"noopener\">Datenschutzrichtlinie<\/a> <\/label>\n<\/p>\n<p><label>Ihre pers\u00f6nlichen Daten werden von Margot Partridge zum Zwecke der Kontaktaufnahme gespeichert und verarbeitet. Die Legitimierung erfolgt durch Ihre ausdr\u00fcckliche Zustimmung. Sie k\u00f6nnen auf Ihre Daten zugreifen, sie korrigieren, einschr\u00e4nken oder l\u00f6schen. Weitere Informationen im <a href=\"https:\/\/www.sahitadeva.com\/de\/aviso-legal\/\">Rechtliche Hinweise<\/a><\/label><\/div>\n<p><input class=\"wpcf7-form-control wpcf7-submit has-spinner\" type=\"submit\" value=\"Termin anfragen\" \/>\n<\/p><div class=\"wpcf7-response-output\" aria-hidden=\"true\"><\/div>\n<input type=\"hidden\" name=\"trp-form-language\" value=\"de\"\/><\/form>\n<\/div>\n<\/div><\/div><\/div><div class=\"wpb_column vc_column_container vc_col-sm-6\"><div class=\"vc_column-inner\"><div class=\"wpb_wrapper\"><\/div><\/div><\/div><\/div><div id=\"1545403646328-e9999ed5-4266\" class=\"dt-sc-empty-space\"><\/div><\/div><\/div><\/div><\/div><div class=\"vc_row-full-width vc_clearfix\"><\/div><!-- Row Backgrounds --><div class=\"upb_bg_img\" data-ultimate-bg=\"url(https:\/\/www.sahitadeva.com\/wp-content\/uploads\/2019\/01\/cta-fondo.jpg)\" data-image-id=\"id^13449|url^https:\/\/www.sahitadeva.com\/wp-content\/uploads\/2019\/01\/cta-fondo.jpg|caption^null|alt^null|title^cta-fondo|description^null\" data-ultimate-bg-style=\"vcpb-default\" data-bg-img-repeat=\"no-repeat\" data-bg-img-size=\"cover\" data-bg-img-position=\"\" data-parallx_sense=\"30\" data-bg-override=\"0\" data-bg_img_attach=\"scroll\" data-upb-overlay-color=\"\" data-upb-bg-animation=\"\" data-fadeout=\"\" data-bg-animation=\"left-animation\" data-bg-animation-type=\"h\" data-animation-repeat=\"repeat\" data-fadeout-percentage=\"30\" data-parallax-content=\"\" data-parallax-content-sense=\"30\" data-row-effect-mobile-disable=\"true\" data-img-parallax-mobile-disable=\"true\" data-rtl=\"false\"  data-custom-vc-row=\"\"  data-vc=\"8.7.2\"  data-is_old_vc=\"\"  data-theme-support=\"\"   data-overlay=\"false\" data-overlay-color=\"\" data-overlay-pattern=\"\" data-overlay-pattern-opacity=\"\" data-overlay-pattern-size=\"\"    ><\/div>\n<\/div>","protected":false},"excerpt":{"rendered":"Estados de Trance\u00bf Qu\u00e9 es la Hipnoterapia Cognitiva ? El hipnoterapeuta no puede leer tu mente, no puede tomar control sobre ti o hacer, que hagas algo, que no querr\u00edas hacer. No perder\u00e1s tu consciente, no vas a dormirte ni parcial ni totalmente, definitivamente no es peligroso Como hay tantos malentendidos sobre hipnoterapia quiero empezar [...]","protected":false},"author":1,"featured_media":0,"parent":0,"menu_order":0,"comment_status":"closed","ping_status":"closed","template":"","meta":{"footnotes":""},"class_list":["post-13203","page","type-page","status-publish","hentry"],"aioseo_notices":[],"_links":{"self":[{"href":"https:\/\/www.sahitadeva.com\/de\/wp-json\/wp\/v2\/pages\/13203","targetHints":{"allow":["GET"]}}],"collection":[{"href":"https:\/\/www.sahitadeva.com\/de\/wp-json\/wp\/v2\/pages"}],"about":[{"href":"https:\/\/www.sahitadeva.com\/de\/wp-json\/wp\/v2\/types\/page"}],"author":[{"embeddable":true,"href":"https:\/\/www.sahitadeva.com\/de\/wp-json\/wp\/v2\/users\/1"}],"replies":[{"embeddable":true,"href":"https:\/\/www.sahitadeva.com\/de\/wp-json\/wp\/v2\/comments?post=13203"}],"version-history":[{"count":14,"href":"https:\/\/www.sahitadeva.com\/de\/wp-json\/wp\/v2\/pages\/13203\/revisions"}],"predecessor-version":[{"id":13511,"href":"https:\/\/www.sahitadeva.com\/de\/wp-json\/wp\/v2\/pages\/13203\/revisions\/13511"}],"wp:attachment":[{"href":"https:\/\/www.sahitadeva.com\/de\/wp-json\/wp\/v2\/media?parent=13203"}],"curies":[{"name":"wp","href":"https:\/\/api.w.org\/{rel}","templated":true}]}}