{"id":13272,"date":"2018-12-07T18:13:02","date_gmt":"2018-12-07T18:13:02","guid":{"rendered":"https:\/\/www.sahitadeva.com\/?page_id=13272"},"modified":"2019-02-04T14:04:09","modified_gmt":"2019-02-04T14:04:09","slug":"manifestacion-y-abundancia","status":"publish","type":"page","link":"https:\/\/www.sahitadeva.com\/de\/manifestieren-und-uberfluss\/","title":{"rendered":"Manifestieren und \u00dcberfluss"},"content":{"rendered":"<div class=\"wpb-content-wrapper\"><div class=\"vc_row wpb_row vc_row-fluid wpb_animate_when_almost_visible wpb_fadeInUp fadeInUp\"><div class=\"wpb_column vc_column_container vc_col-sm-12\"><div class=\"vc_column-inner\"><div class=\"wpb_wrapper\"><div class='dt-sc-title script-with-sub-title'><h6>Erh\u00f6hung<\/h6><h2>MANIFESTIEREN UND \u00dcBERFLUSS<\/h2><\/div><div id=\"1532502419397-d80678f6-8060\" class=\"dt-sc-empty-space\"><\/div><div class=\"vc_row wpb_row vc_inner vc_row-fluid\"><div class=\"wpb_column vc_column_container vc_col-sm-8\"><div class=\"vc_column-inner\"><div class=\"wpb_wrapper\">\r\n\t<div class=\"wpb_text_column wpb_content_element  vc_custom_1547379567169\" >\r\n\t\t<div class=\"wpb_wrapper\">\r\n\t\t\t<p>In diesem Kurs lernst Du, wie Du ThetaHealing\u00ae in h\u00f6chster und bester Weise einsetzen kannst, um in allen Lebensbereichen Erfolg zu haben.<\/p>\n\r\n\t\t<\/div>\r\n\t<\/div>\r\n<\/div><\/div><\/div><div class=\"wpb_column vc_column_container vc_col-sm-4\"><div class=\"vc_column-inner\"><div class=\"wpb_wrapper\"><img loading=\"lazy\" decoding=\"async\" width=\"234\" height=\"205\" src=\"https:\/\/www.sahitadeva.com\/wp-content\/uploads\/2018\/12\/manifesting.jpg\" class=\"aligncenter attachment-full\" alt=\"\" title=\"manifesting\" \/><\/div><\/div><\/div><\/div><div id=\"1532502611906-d10e8b80-0001\" class=\"dt-sc-empty-space\"><\/div><div id=\"1532502758529-7d5a2ddf-3ba3\" class=\"dt-sc-empty-space\"><\/div><blockquote class='type1' ><q>In diesem Kurs werden Wir die Realit\u00e4t ver\u00e4ndern, um Platz f\u00fcr Beziehungen, Karrieren und Lebenszweck zu schaffen, die wir uns anschaffen wollen.\nWas den Reichtum betrifft, so ist finanzieller Reichtum nichts anderes als das energetische Werkzeug, das ben\u00f6tigt wird, um unsere Mission \/ Ziele auf dieser Erde zu erf\u00fcllen.<\/q><\/blockquote><div id=\"1532503089147-1d0f9687-4116\" class=\"dt-sc-empty-space\"><\/div><div class=\"vc_row wpb_row vc_inner vc_row-fluid\"><div class=\"rs_col-sm-12 wpb_column vc_column_container vc_col-sm-6 vc_col-lg-6 vc_col-md-12\"><div class=\"vc_column-inner\"><div class=\"wpb_wrapper\"><h2>In diesem Kurs lernst Du<\/h2><strong>Du lernst und lernst weiterhin (kein One-Shot-Deal):<\/strong><\/p>\n<ul class='dt-sc-fancy-list  dt-skin-primary-color circle-bullet'>\n<li>M\u00f6gliche Blockierungen zu l\u00f6sen<\/li>\n<li>Wie man seine Absichten festlegt und einen Plan erstellt<\/li>\n<li>Deine Ideen zu verfolgen, um Erfolge zu erzielen.<\/li>\n<li>Wichtige universelle Techniken zur Selbstfindung, damit Du dein Potenzial zur Vollheit nutzen kannst.<\/li>\n<li>Wie Du die Techniken von ThetaHealing\u00ae verwenden kannst, um Objekte und Dinge herunterzuladen um damit Dein emotionales Wohlbefinden zu verbessern und in allen Bereichen Deines Lebens Tugenden und F\u00fclle zu schaffen.<\/li>\n<\/ul><\/div><\/div><\/div><\/div><div id=\"1545403064163-9e5b4f52-c1f5\" class=\"dt-sc-empty-space\"><\/div><\/div><\/div><\/div><\/div><div class=\"vc_row wpb_row vc_row-fluid\"><div class=\"wpb_column vc_column_container vc_col-sm-12\"><div class=\"vc_column-inner\"><div class=\"wpb_wrapper\">\r\n\t<div class=\"wpb_text_column wpb_content_element  vc_custom_1545402983236\" >\r\n\t\t<div class=\"wpb_wrapper\">\r\n\t\t\t<p>In ThetaHealing ist das Konzept der Manifestation der Glaube, dass es m\u00f6glich ist, etwas in das Physische zu schaffen, indem man die Kraft des Sch\u00f6pfers-von-Allem-Seins benutzt.<\/p>\n<p>Durch die Verwendung der Checkliste, wie sie im Manifestieren &amp; \u00dcberfluss-Praktikant -Kurs  pr\u00e4sentiert wird, erh\u00e4ltst Du zus\u00e4tzliche Einblicke, wie die \u00dcberzeugungen auf den 4 Ebenen, Kern, Genetik, Historisch und Seele gehalten und gel\u00f6st werden.<\/p>\n<p>&nbsp;<\/p>\n<p><b>Voraussetzungen:<\/b> BASIC DNA, AUFBAU DNA und DIG DEEPER<\/p>\n<p><b>Beinhaltet:<\/b> International anerkanntes Zertifikat und Handbuch<\/p>\n<p><b>Dauer:<\/b> 2 aufeinanderfolgende Tage oder 3 aufeinanderfolgende Nachmittage<\/p>\n\r\n\t\t<\/div>\r\n\t<\/div>\r\n<div id=\"1543948980420-bd45d249-1852\" class=\"dt-sc-empty-space\"><\/div><h2>Reservieren Sie Ihren Platz<\/h2><\/div><\/div><\/div><\/div><div class=\"vc_row wpb_row vc_row-fluid vc_custom_1546890749703 vc_row-has-fill\"><div class=\"wpb_column vc_column_container vc_col-sm-12\"><div class=\"vc_column-inner\"><div class=\"wpb_wrapper\">\n<div class=\"wpcf7 no-js\" id=\"wpcf7-f13338-o1\" lang=\"en-US\" dir=\"ltr\" data-wpcf7-id=\"13338\">\n<div class=\"screen-reader-response\"><p role=\"status\" aria-live=\"polite\" aria-atomic=\"true\"><\/p> <ul><\/ul><\/div>\n<form action=\"\/de\/wp-json\/wp\/v2\/pages\/13272#wpcf7-f13338-o1\" method=\"post\" class=\"wpcf7-form init\" aria-label=\"Contact form\" novalidate=\"novalidate\" data-status=\"init\" data-trp-original-action=\"\/de\/wp-json\/wp\/v2\/pages\/13272#wpcf7-f13338-o1\">\n<fieldset class=\"hidden-fields-container\"><input type=\"hidden\" name=\"_wpcf7\" value=\"13338\" \/><input type=\"hidden\" name=\"_wpcf7_version\" value=\"6.1.4\" \/><input type=\"hidden\" name=\"_wpcf7_locale\" value=\"en_US\" \/><input type=\"hidden\" name=\"_wpcf7_unit_tag\" value=\"wpcf7-f13338-o1\" \/><input type=\"hidden\" name=\"_wpcf7_container_post\" value=\"0\" \/><input type=\"hidden\" name=\"_wpcf7_posted_data_hash\" value=\"\" \/>\n<\/fieldset>\n<div class=\"vc_row wpb_row vc_row-fluid\"><div class=\"wpb_column vc_column_container vc_col-sm-3\"><div class=\"vc_column-inner\"><div class=\"wpb_wrapper\"><span class=\"wpcf7-form-control-wrap\" data-name=\"text-752\"><input size=\"40\" maxlength=\"400\" class=\"wpcf7-form-control wpcf7-text wpcf7-validates-as-required\" aria-required=\"true\" aria-invalid=\"false\" placeholder=\"Name *\" value=\"\" type=\"text\" name=\"text-752\" \/><\/span><div class='dt-sc-hr-invisible-medium'> <\/div><div class='dt-sc-clear'> <\/div><span class=\"wpcf7-form-control-wrap\" data-name=\"tel-60\"><input size=\"40\" maxlength=\"400\" class=\"wpcf7-form-control wpcf7-tel wpcf7-validates-as-required wpcf7-text wpcf7-validates-as-tel\" aria-required=\"true\" aria-invalid=\"false\" placeholder=\"Telefon *\" value=\"\" type=\"tel\" name=\"tel-60\" \/><\/span><\/div><\/div><\/div><div class=\"wpb_column vc_column_container vc_col-sm-3\"><div class=\"vc_column-inner\"><div class=\"wpb_wrapper\"><span class=\"wpcf7-form-control-wrap\" data-name=\"email-654\"><input size=\"40\" maxlength=\"400\" class=\"wpcf7-form-control wpcf7-email wpcf7-validates-as-required wpcf7-text wpcf7-validates-as-email\" aria-required=\"true\" aria-invalid=\"false\" placeholder=\"Email*\" value=\"\" type=\"email\" name=\"email-654\" \/><\/span><div class='dt-sc-hr-invisible-medium'> <\/div><div class='dt-sc-clear'> <\/div><span class=\"wpcf7-form-control-wrap\" data-name=\"Category\"><select class=\"wpcf7-form-control wpcf7-select\" aria-invalid=\"false\" name=\"Category\"><option value=\"Selecciona Curso\">Kurs ausw\u00e4hlen<\/option><option value=\"Curso ADN B\u00e1sico\">Basis DNA<\/option><option value=\"Curso ADN Avanzado\">Aufbau DNA Kurs<\/option><option value=\"Indagaci\u00f3n Profunda\">Grabe Tiefer<\/option><option value=\"Manifestaci\u00f3n y Abundancia\">Manifestieren und \u00dcberfluss<\/option><\/select><\/span><\/div><\/div><\/div><div class=\"wpb_column vc_column_container vc_col-sm-3\"><div class=\"vc_column-inner\"><div class=\"wpb_wrapper\"><span class=\"wpcf7-form-control-wrap\" data-name=\"textarea-220\"><textarea cols=\"40\" rows=\"10\" maxlength=\"2000\" class=\"wpcf7-form-control wpcf7-textarea\" aria-invalid=\"false\" placeholder=\"Nachricht *\" name=\"textarea-220\"><\/textarea><\/span><\/div><\/div><\/div><div class=\"wpb_column vc_column_container vc_col-sm-3\"><div class=\"vc_column-inner\"><div class=\"wpb_wrapper\"><\/div><\/div><\/div>\n<div class='dt-sc-clear'> <\/div><br \/>\n<div class=\"vc_row wpb_row vc_row-fluid\"><\/div><label>Ich habe die Datenschutzerkl\u00e4rung gelesen und akzeptiere sie<br \/>\n<span class=\"wpcf7-form-control-wrap\" data-name=\"acceptance-914\"><span class=\"wpcf7-form-control wpcf7-acceptance\"><span class=\"wpcf7-list-item\"><input type=\"checkbox\" name=\"acceptance-914\" value=\"1\" aria-invalid=\"false\" \/><\/span><\/span><\/span><a href=\"https:\/\/www.sahitadeva.com\/de\/politica-de-privacidad\/\" target=\"_blank\" rel=\"noopener\">Datenschutzrichtlinie<\/a> <\/label>\n<\/p>\n<p><label>Ihre pers\u00f6nlichen Daten werden von Margot Partridge zum Zwecke der Kontaktaufnahme gespeichert und verarbeitet. Die Legitimierung erfolgt durch Ihre ausdr\u00fcckliche Zustimmung. Sie k\u00f6nnen auf Ihre Daten zugreifen, sie korrigieren, einschr\u00e4nken oder l\u00f6schen. Weitere Informationen im <a href=\"https:\/\/www.sahitadeva.com\/de\/aviso-legal\/\">Rechtliche Hinweise<\/a><\/label><\/div>\n<p><input class=\"wpcf7-form-control wpcf7-submit has-spinner\" type=\"submit\" value=\"Termin anfragen\" \/>\n<\/p><div class=\"wpcf7-response-output\" aria-hidden=\"true\"><\/div>\n<input type=\"hidden\" name=\"trp-form-language\" value=\"de\"\/><\/form>\n<\/div>\n<\/div><\/div><\/div><\/div>\n<\/div>","protected":false},"excerpt":{"rendered":"Elevaci\u00f3nCurso Manifestaci\u00f3n y Abundancia Este curso te ense\u00f1ar\u00e1 c\u00f3mo usar ThetaHealing\u00ae de la mejor manera para asegurarle el \u00e9xito en todos los aspectos de tu vida. Cambiaremos la realidad para crear un espacio para las relaciones, las carreras y el prop\u00f3sito en la vida que queremos invitar. En cuanto a la riqueza, tener abundancia financiera [...]","protected":false},"author":1,"featured_media":0,"parent":0,"menu_order":0,"comment_status":"closed","ping_status":"closed","template":"tpl-sidenavigation.php","meta":{"footnotes":""},"class_list":["post-13272","page","type-page","status-publish","hentry"],"aioseo_notices":[],"_links":{"self":[{"href":"https:\/\/www.sahitadeva.com\/de\/wp-json\/wp\/v2\/pages\/13272","targetHints":{"allow":["GET"]}}],"collection":[{"href":"https:\/\/www.sahitadeva.com\/de\/wp-json\/wp\/v2\/pages"}],"about":[{"href":"https:\/\/www.sahitadeva.com\/de\/wp-json\/wp\/v2\/types\/page"}],"author":[{"embeddable":true,"href":"https:\/\/www.sahitadeva.com\/de\/wp-json\/wp\/v2\/users\/1"}],"replies":[{"embeddable":true,"href":"https:\/\/www.sahitadeva.com\/de\/wp-json\/wp\/v2\/comments?post=13272"}],"version-history":[{"count":8,"href":"https:\/\/www.sahitadeva.com\/de\/wp-json\/wp\/v2\/pages\/13272\/revisions"}],"predecessor-version":[{"id":13576,"href":"https:\/\/www.sahitadeva.com\/de\/wp-json\/wp\/v2\/pages\/13272\/revisions\/13576"}],"wp:attachment":[{"href":"https:\/\/www.sahitadeva.com\/de\/wp-json\/wp\/v2\/media?parent=13272"}],"curies":[{"name":"wp","href":"https:\/\/api.w.org\/{rel}","templated":true}]}}