{"id":13273,"date":"2018-12-07T17:59:54","date_gmt":"2018-12-07T17:59:54","guid":{"rendered":"https:\/\/www.sahitadeva.com\/?page_id=13273"},"modified":"2019-02-04T14:03:52","modified_gmt":"2019-02-04T14:03:52","slug":"curso-adn-avanzado","status":"publish","type":"page","link":"https:\/\/www.sahitadeva.com\/de\/aufbau-dna-kurs\/","title":{"rendered":"Aufbau DNA Kurs"},"content":{"rendered":"<div class=\"wpb-content-wrapper\"><div class=\"vc_row wpb_row vc_row-fluid wpb_animate_when_almost_visible wpb_fadeInUp fadeInUp\"><div class=\"wpb_column vc_column_container vc_col-sm-12\"><div class=\"vc_column-inner\"><div class=\"wpb_wrapper\"><div class='dt-sc-title script-with-sub-title'><h6>Entwicklung<\/h6><h2>Aufbau DNA Kurs<\/h2><\/div><div id=\"1546890205379-405c5e22-2452\" class=\"dt-sc-empty-space\"><\/div><div class=\"vc_row wpb_row vc_inner vc_row-fluid\"><div class=\"wpb_column vc_column_container vc_col-sm-8\"><div class=\"vc_column-inner\"><div class=\"wpb_wrapper\">\r\n\t<div class=\"wpb_text_column wpb_content_element  vc_custom_1549289020481\" >\r\n\t\t<div class=\"wpb_wrapper\">\r\n\t\t\t<p>In diesem fortgeschrittenen ThetaHealing\u00ae-Kurs erweiterst Du Deine Bildung von dem gelernten aus dem Basis-DNA Kurs.<\/p>\n\r\n\t\t<\/div>\r\n\t<\/div>\r\n<\/div><\/div><\/div><div class=\"wpb_column vc_column_container vc_col-sm-4\"><div class=\"vc_column-inner\"><div class=\"wpb_wrapper\"><img loading=\"lazy\" decoding=\"async\" width=\"260\" height=\"178\" src=\"https:\/\/www.sahitadeva.com\/wp-content\/uploads\/2018\/12\/advanced.jpg\" class=\"aligncenter attachment-full\" alt=\"\" title=\"advanced\" \/><\/div><\/div><\/div><\/div><div id=\"1546890205384-b88ff142-b2e8\" class=\"dt-sc-empty-space\"><\/div><div id=\"1546890205394-5c72e775-f771\" class=\"dt-sc-empty-space\"><\/div><blockquote class='type1' ><q>Dieser Kurs befasst sich mit der Erzeugung von Gef\u00fchlen, einer der m\u00e4chtigsten Techniken von ThetaHealing\u00ae, mit der wir leicht \u00c4nderungen vornehmen k\u00f6nnen. So kannst Du lernen, wie es sich anf\u00fchlt, geliebt, geehrt und respektiert zu werden. W\u00e4hrend des Kurses arbeitest Du mit einer umfangreichen Liste positiver Programme und Gef\u00fchle (Gesundheit, Frieden, Motivation, Freude, Erfolg ...) und Du lernst dabei negative Gef\u00fchle (Angst, Schmerz, \u00c4rger, Entmutigung usw.) zu beseitigen, damit entscheidende Ver\u00e4nderungen in Deinem Leben erreicht werden k\u00f6nnen.\nEs ist eine wunderbare Erfahrung f\u00fcr die Sch\u00fcler, da sie mit neuen Gef\u00fchlen programmiert werden.<\/q><\/blockquote><div id=\"1546890205395-7efb3d03-acb9\" class=\"dt-sc-empty-space\"><\/div><div id=\"1546890205398-13a4d3c1-81ad\" class=\"dt-sc-empty-space\"><\/div><div class=\"vc_row wpb_row vc_inner vc_row-fluid\"><div class=\"rs_col-sm-12 wpb_column vc_column_container vc_col-sm-6 vc_col-lg-6 vc_col-md-12\"><div class=\"vc_column-inner\"><div class=\"wpb_wrapper\"><h2>In diesem Kurs lernst Du:<\/h2><ul class='dt-sc-fancy-list  dt-skin-primary-color circle-bullet'>\n<li>Bedingungslose Liebe in den Mutterleib zu schicken<\/li>\n<li>Wie man eine gebrochene Seele heilt.<\/li>\n<li>Wie man Verbindung zu Mineralien, Pflanzen und Tieren aufnimmt und mit Ihnen spricht<\/li>\n<li>Wie Du mit Deinem h\u00f6heren Selbst Verbindung aufnehmen kannst<\/li>\n<li>Wie Du Verbindung mit den Vorfahren aufnehmen kannst<\/li>\n<li>Wie Du Versprechungen, Eide und Verpflichtungen aus der Vergangenheit l\u00f6sen kannst<\/li>\n<li>und vieles mehr ...<\/li>\n<\/ul><div id=\"1546890205401-80def2e5-efbd\" class=\"dt-sc-empty-space\"><\/div>\r\n\t<div class=\"wpb_text_column wpb_content_element\" >\r\n\t\t<div class=\"wpb_wrapper\">\r\n\t\t\t\r\n\t\t<\/div>\r\n\t<\/div>\r\n<\/div><\/div><\/div><\/div><\/div><\/div><\/div><\/div><div class=\"vc_row wpb_row vc_row-fluid\"><div class=\"wpb_column vc_column_container vc_col-sm-12\"><div class=\"vc_column-inner\"><div class=\"wpb_wrapper\">\r\n\t<div class=\"wpb_text_column wpb_content_element  vc_custom_1545402698646\" >\r\n\t\t<div class=\"wpb_wrapper\">\r\n\t\t\t<p><b>Voraussetzungen:<\/b> BASIC DNA<\/p>\n<p><b>Beinhaltet:<\/b> International anerkanntes Zertifikat, Vianna Stibals Buch und Handbuch.<\/p>\n<p><b>Dauer:<\/b> 3 aufeinander folgende Tage (Freitag Nachmittag, Samstag und Sonntag)<\/p>\n<p>Wenn Du an diesem Kurs teilnimmst, hast Du ein solides Fundament mit den Hauptwerkzeugen von ThetaHealing\u00ae, um Probleme bei Dir selbst oder anderen zu heilen.<\/p>\n\r\n\t\t<\/div>\r\n\t<\/div>\r\n<div id=\"1532502758529-7d5a2ddf-3ba3\" class=\"dt-sc-empty-space\"><\/div><h2>Reservieren Sie Ihren Platz<\/h2><\/div><\/div><\/div><\/div><div class=\"vc_row wpb_row vc_row-fluid vc_custom_1546890486647 vc_row-has-fill\"><div class=\"wpb_column vc_column_container vc_col-sm-12\"><div class=\"vc_column-inner\"><div class=\"wpb_wrapper\"><div id=\"1546890440311-0ce9d8a1-2baf\" class=\"dt-sc-empty-space\"><\/div>\n<div class=\"wpcf7 no-js\" id=\"wpcf7-f13338-o1\" lang=\"en-US\" dir=\"ltr\" data-wpcf7-id=\"13338\">\n<div class=\"screen-reader-response\"><p role=\"status\" aria-live=\"polite\" aria-atomic=\"true\"><\/p> <ul><\/ul><\/div>\n<form action=\"\/de\/wp-json\/wp\/v2\/pages\/13273#wpcf7-f13338-o1\" method=\"post\" class=\"wpcf7-form init\" aria-label=\"Contact form\" novalidate=\"novalidate\" data-status=\"init\" data-trp-original-action=\"\/de\/wp-json\/wp\/v2\/pages\/13273#wpcf7-f13338-o1\">\n<fieldset class=\"hidden-fields-container\"><input type=\"hidden\" name=\"_wpcf7\" value=\"13338\" \/><input type=\"hidden\" name=\"_wpcf7_version\" value=\"6.1.4\" \/><input type=\"hidden\" name=\"_wpcf7_locale\" value=\"en_US\" \/><input type=\"hidden\" name=\"_wpcf7_unit_tag\" value=\"wpcf7-f13338-o1\" \/><input type=\"hidden\" name=\"_wpcf7_container_post\" value=\"0\" \/><input type=\"hidden\" name=\"_wpcf7_posted_data_hash\" value=\"\" \/>\n<\/fieldset>\n<div class=\"vc_row wpb_row vc_row-fluid\"><div class=\"wpb_column vc_column_container vc_col-sm-3\"><div class=\"vc_column-inner\"><div class=\"wpb_wrapper\"><span class=\"wpcf7-form-control-wrap\" data-name=\"text-752\"><input size=\"40\" maxlength=\"400\" class=\"wpcf7-form-control wpcf7-text wpcf7-validates-as-required\" aria-required=\"true\" aria-invalid=\"false\" placeholder=\"Name *\" value=\"\" type=\"text\" name=\"text-752\" \/><\/span><div class='dt-sc-hr-invisible-medium'> <\/div><div class='dt-sc-clear'> <\/div><span class=\"wpcf7-form-control-wrap\" data-name=\"tel-60\"><input size=\"40\" maxlength=\"400\" class=\"wpcf7-form-control wpcf7-tel wpcf7-validates-as-required wpcf7-text wpcf7-validates-as-tel\" aria-required=\"true\" aria-invalid=\"false\" placeholder=\"Telefon *\" value=\"\" type=\"tel\" name=\"tel-60\" \/><\/span><\/div><\/div><\/div><div class=\"wpb_column vc_column_container vc_col-sm-3\"><div class=\"vc_column-inner\"><div class=\"wpb_wrapper\"><span class=\"wpcf7-form-control-wrap\" data-name=\"email-654\"><input size=\"40\" maxlength=\"400\" class=\"wpcf7-form-control wpcf7-email wpcf7-validates-as-required wpcf7-text wpcf7-validates-as-email\" aria-required=\"true\" aria-invalid=\"false\" placeholder=\"Email*\" value=\"\" type=\"email\" name=\"email-654\" \/><\/span><div class='dt-sc-hr-invisible-medium'> <\/div><div class='dt-sc-clear'> <\/div><span class=\"wpcf7-form-control-wrap\" data-name=\"Category\"><select class=\"wpcf7-form-control wpcf7-select\" aria-invalid=\"false\" name=\"Category\"><option value=\"Selecciona Curso\">Kurs ausw\u00e4hlen<\/option><option value=\"Curso ADN B\u00e1sico\">Basis DNA<\/option><option value=\"Curso ADN Avanzado\">Aufbau DNA Kurs<\/option><option value=\"Indagaci\u00f3n Profunda\">Grabe Tiefer<\/option><option value=\"Manifestaci\u00f3n y Abundancia\">Manifestieren und \u00dcberfluss<\/option><\/select><\/span><\/div><\/div><\/div><div class=\"wpb_column vc_column_container vc_col-sm-3\"><div class=\"vc_column-inner\"><div class=\"wpb_wrapper\"><span class=\"wpcf7-form-control-wrap\" data-name=\"textarea-220\"><textarea cols=\"40\" rows=\"10\" maxlength=\"2000\" class=\"wpcf7-form-control wpcf7-textarea\" aria-invalid=\"false\" placeholder=\"Nachricht *\" name=\"textarea-220\"><\/textarea><\/span><\/div><\/div><\/div><div class=\"wpb_column vc_column_container vc_col-sm-3\"><div class=\"vc_column-inner\"><div class=\"wpb_wrapper\"><\/div><\/div><\/div>\n<div class='dt-sc-clear'> <\/div><br \/>\n<div class=\"vc_row wpb_row vc_row-fluid\"><\/div><label>Ich habe die Datenschutzerkl\u00e4rung gelesen und akzeptiere sie<br \/>\n<span class=\"wpcf7-form-control-wrap\" data-name=\"acceptance-914\"><span class=\"wpcf7-form-control wpcf7-acceptance\"><span class=\"wpcf7-list-item\"><input type=\"checkbox\" name=\"acceptance-914\" value=\"1\" aria-invalid=\"false\" \/><\/span><\/span><\/span><a href=\"https:\/\/www.sahitadeva.com\/de\/politica-de-privacidad\/\" target=\"_blank\" rel=\"noopener\">Datenschutzrichtlinie<\/a> <\/label>\n<\/p>\n<p><label>Ihre pers\u00f6nlichen Daten werden von Margot Partridge zum Zwecke der Kontaktaufnahme gespeichert und verarbeitet. Die Legitimierung erfolgt durch Ihre ausdr\u00fcckliche Zustimmung. Sie k\u00f6nnen auf Ihre Daten zugreifen, sie korrigieren, einschr\u00e4nken oder l\u00f6schen. Weitere Informationen im <a href=\"https:\/\/www.sahitadeva.com\/de\/aviso-legal\/\">Rechtliche Hinweise<\/a><\/label><\/div>\n<p><input class=\"wpcf7-form-control wpcf7-submit has-spinner\" type=\"submit\" value=\"Termin anfragen\" \/>\n<\/p><div class=\"wpcf7-response-output\" aria-hidden=\"true\"><\/div>\n<input type=\"hidden\" name=\"trp-form-language\" value=\"de\"\/><\/form>\n<\/div>\n<\/div><\/div><\/div><\/div>\n<\/div>","protected":false},"excerpt":{"rendered":"Evoluci\u00f3nCurso ADN Avanzado En este curso Avanzado de ThetaHealing\u00ae ampliaras la formaci\u00f3n del ADN B\u00e1sico. En este curso se profundiza en la creaci\u00f3n de sentimientos, una de las t\u00e9cnicas m\u00e1s poderosas de&nbsp;ThetaHealing\u00ae, &nbsp;que nos permite realizar cambios con facilidad. As\u00ed, se puede ense\u00f1ar lo que se siente al ser amado, honrado y respetado, y durante [...]","protected":false},"author":1,"featured_media":13470,"parent":0,"menu_order":0,"comment_status":"closed","ping_status":"closed","template":"tpl-sidenavigation.php","meta":{"footnotes":""},"class_list":["post-13273","page","type-page","status-publish","has-post-thumbnail","hentry"],"aioseo_notices":[],"_links":{"self":[{"href":"https:\/\/www.sahitadeva.com\/de\/wp-json\/wp\/v2\/pages\/13273","targetHints":{"allow":["GET"]}}],"collection":[{"href":"https:\/\/www.sahitadeva.com\/de\/wp-json\/wp\/v2\/pages"}],"about":[{"href":"https:\/\/www.sahitadeva.com\/de\/wp-json\/wp\/v2\/types\/page"}],"author":[{"embeddable":true,"href":"https:\/\/www.sahitadeva.com\/de\/wp-json\/wp\/v2\/users\/1"}],"replies":[{"embeddable":true,"href":"https:\/\/www.sahitadeva.com\/de\/wp-json\/wp\/v2\/comments?post=13273"}],"version-history":[{"count":11,"href":"https:\/\/www.sahitadeva.com\/de\/wp-json\/wp\/v2\/pages\/13273\/revisions"}],"predecessor-version":[{"id":13578,"href":"https:\/\/www.sahitadeva.com\/de\/wp-json\/wp\/v2\/pages\/13273\/revisions\/13578"}],"wp:featuredmedia":[{"embeddable":true,"href":"https:\/\/www.sahitadeva.com\/de\/wp-json\/wp\/v2\/media\/13470"}],"wp:attachment":[{"href":"https:\/\/www.sahitadeva.com\/de\/wp-json\/wp\/v2\/media?parent=13273"}],"curies":[{"name":"wp","href":"https:\/\/api.w.org\/{rel}","templated":true}]}}