{"id":10809,"date":"2018-07-13T07:41:12","date_gmt":"2018-07-13T07:41:12","guid":{"rendered":"https:\/\/www.sahitadeva.com\/?page_id=10809"},"modified":"2019-01-15T15:04:10","modified_gmt":"2019-01-15T15:04:10","slug":"thetahealing","status":"publish","type":"page","link":"https:\/\/www.sahitadeva.com\/en\/thetahealing\/","title":{"rendered":"ThetaHealing\u00ae"},"content":{"rendered":"<div class=\"wpb-content-wrapper\"><div data-vc-full-width=\"true\" data-vc-full-width-init=\"false\" class=\"vc_row wpb_row vc_row-fluid vc_row-o-equal-height vc_row-o-content-middle vc_row-flex\"><div class=\"wpb_column vc_column_container vc_col-sm-12\"><div class=\"vc_column-inner\"><div class=\"wpb_wrapper\"><div id=\"1531461904157-a8ce8e3c-9af1\" class=\"dt-sc-empty-space\"><\/div><div class='dt-sc-title script-with-sub-title aligncenter'><h6>The meditation technique<\/h6><h2>What is ThetaHealing \u00ae?<\/h2><\/div><div id=\"1531461913542-4dcf32ef-d5f8\" class=\"dt-sc-empty-space\"><\/div>\r\n\t<div class=\"wpb_text_column wpb_content_element\" >\r\n\t\t<div class=\"wpb_wrapper\">\r\n\t\t\t<blockquote>\n<p>The ThetaHealing meditation technique was created by Vianna Stibal in 1995 during her own personal journey back to health.<\/p>\n<\/blockquote>\n<p>&nbsp;<\/p>\n<p>Her original book details her personal healing journey and her connection to the Creator utilizing her meditation technique. \n The Theta Healing technique is a meditation technique utilizing a spiritual philosophy with the purpose of improvement in mind, body and spirit while getting closer to the Creator of All That Is.<img loading=\"lazy\" decoding=\"async\" class=\"alignright wp-image-13442\" src=\"https:\/\/www.sahitadeva.com\/wp-content\/uploads\/2019\/01\/Theta-Healing.jpg\" alt=\"\" width=\"450\" height=\"432\" srcset=\"https:\/\/www.sahitadeva.com\/wp-content\/uploads\/2019\/01\/Theta-Healing.jpg 950w, https:\/\/www.sahitadeva.com\/wp-content\/uploads\/2019\/01\/Theta-Healing-300x288.jpg 300w, https:\/\/www.sahitadeva.com\/wp-content\/uploads\/2019\/01\/Theta-Healing-768x738.jpg 768w, https:\/\/www.sahitadeva.com\/wp-content\/uploads\/2019\/01\/Theta-Healing-750x721.jpg 750w, https:\/\/www.sahitadeva.com\/wp-content\/uploads\/2019\/01\/Theta-Healing-540x519.jpg 540w\" sizes=\"auto, (max-width: 450px) 100vw, 450px\" \/><\/p>\n<p>It is a focused prayer to the Creator and allows you to train your mind, body and spirit to clear limiting beliefs and live life with positive thoughts, developing virtues in all that we do.<\/p>\n<p>Through meditation and prayer, the ThetaHealing Technique creates a positive lifestyle.\nThe Theta Healing technique is always taught to be used in conjunction with conventional medicine.<\/p>\n<p>Ense\u00f1a c\u00f3mo utilizar y aplicar la intuici\u00f3n natural de cada uno de nosotros. Confiando en el amor incondicional del Creador de Todo lo que Es, para hacer el \u00abtrabajo\u00bb real en el ahora.<\/p>\n<p>Creemos en la oraci\u00f3n enfocada utilizando una onda cerebral \u00abTheta\u00bb y \u00abDelta\u00bb (que incorpora f\u00edsica y f\u00edsica cu\u00e1ntica). En este estado puedes ser testigo como el Creador de Todo lo que Es, crea bienestar f\u00edsico y emocional instant\u00e1neo.<\/p>\n<p>We have learned that through the ThetaHealing Technique intuitive abilities can be used to bring about spontaneous changes and physical and emotional wellbeing.<\/p>\n<p>To learn more about the ThetaHealing technique, visit the official site.<\/p>\n<h4><a href=\"https:\/\/www.thetahealing.com\/\">ThetaHealing.com<\/a><\/h4>\n\r\n\t\t<\/div>\r\n\t<\/div>\r\n<a href='https:\/\/www.sahitadeva.com\/en\/reserva-cita\/' target='_self' title='' class='dt-sc-button   large   filled fully-rounded-corner' > Do you want to book an online consultation without obligation ? <\/a><div id=\"1543940433916-c7fcc70a-68d3\" class=\"dt-sc-empty-space\"><\/div><\/div><\/div><\/div><\/div><div class=\"vc_row-full-width vc_clearfix\"><\/div><div data-vc-full-width=\"true\" data-vc-full-width-init=\"false\" class=\"vc_row wpb_row vc_row-fluid dt-sc-icon-box-counter vc_custom_1533201620540 vc_row-has-fill\"><div class=\"wpb_column vc_column_container vc_col-sm-12\"><div class=\"vc_column-inner\"><div class=\"wpb_wrapper\"><div id=\"1544184524056-8250b662-89b8\" class=\"dt-sc-empty-space\"><\/div><div class='dt-sc-title script-with-sub-title dt-sc-dark-title aligncenter'><h6>Theta<\/h6><h2>What is the Theta brain wave?<\/h2><\/div><div id=\"1546814572485-6d377dd9-4c35\" class=\"dt-sc-empty-space\"><\/div><\/div><\/div><\/div><\/div><div class=\"vc_row-full-width vc_clearfix\"><\/div><div data-vc-full-width=\"true\" data-vc-full-width-init=\"false\" class=\"vc_row wpb_row vc_row-fluid dt-sc-icon-box-counter vc_custom_1533201620540 vc_row-has-fill\"><div class=\"wpb_column vc_column_container vc_col-sm-6\"><div class=\"vc_column-inner\"><div class=\"wpb_wrapper\">\r\n\t<div class=\"wpb_text_column wpb_content_element\" >\r\n\t\t<div class=\"wpb_wrapper\">\r\n\t\t\t<h3>There are 5 types of brain waves:<\/h3>\n<p>Delta (0-4 Hz) Theta (4-7 Hz), Alpha (7-14 Hz) Beta (14-28 Hz) Gamma (40-5000 Hz)<\/p>\n<p>&nbsp;<\/p>\n<blockquote>\n<p>The Theta waves are used:<\/p>\n<\/blockquote>\n<p>&nbsp;<\/p>\n<ul>\n<li>During REM sleep (dream state whilst sleeping)<\/li>\n<li>In dreams with open eyes<\/li>\n<li>In deep meditation practiced by Yogis<\/li>\n<li>In hypnosis<\/li>\n<li>When playing video games<\/li>\n<\/ul>\n<p><strong>The Theta brain waves also promote euphoria, stimulating the release of endorphins.<br \/>\n<\/strong><\/p>\n\r\n\t\t<\/div>\r\n\t<\/div>\r\n<div id=\"1543945725636-2e56a8f4-8927\" class=\"dt-sc-empty-space\"><\/div><\/div><\/div><\/div><div class=\"wpb_column vc_column_container vc_col-sm-6\"><div class=\"vc_column-inner\"><div class=\"wpb_wrapper\"><div id=\"1531722202205-be10f66e-3618\" class=\"dt-sc-empty-space\"><\/div>\n\t<div  class=\"wpb_single_image wpb_content_element vc_align_left wpb_content_element\">\n\t\t\n\t\t<figure class=\"wpb_wrapper vc_figure\">\n\t\t\t<div class=\"vc_single_image-wrapper   vc_box_border_grey\"><img loading=\"lazy\" decoding=\"async\" width=\"500\" height=\"358\" src=\"https:\/\/www.sahitadeva.com\/wp-content\/uploads\/2019\/01\/tetha-d.jpg\" class=\"vc_single_image-img attachment-full\" alt=\"\" title=\"tetha-d\" srcset=\"https:\/\/www.sahitadeva.com\/wp-content\/uploads\/2019\/01\/tetha-d.jpg 500w, https:\/\/www.sahitadeva.com\/wp-content\/uploads\/2019\/01\/tetha-d-300x215.jpg 300w\" sizes=\"auto, (max-width: 500px) 100vw, 500px\" \/><\/div>\n\t\t<\/figure>\n\t<\/div>\n<div id=\"1543942221166-a8be3d10-44ec\" class=\"dt-sc-empty-space\"><\/div><\/div><\/div><\/div><\/div><div class=\"vc_row-full-width vc_clearfix\"><\/div><div data-vc-full-width=\"true\" data-vc-full-width-init=\"false\" class=\"vc_row wpb_row vc_row-fluid dt-sc-icon-box-counter vc_custom_1543945635862 vc_row-has-fill\"><div class=\"wpb_column vc_column_container vc_col-sm-12\"><div class=\"vc_column-inner\"><div class=\"wpb_wrapper\"><div id=\"1543945721378-7b403fc7-ef0f\" class=\"dt-sc-empty-space\"><\/div><div class='dt-sc-title script-with-sub-title dt-sc-dark-title aligncenter'><h6>(\u0938\u0939\u093f\u0924) (\u0926\u0947\u0935)<\/h6><h2>\u00bf What is the meaning of sahita (\u0938\u0939\u093f\u0924) deva (\u0926\u0947\u0935) ?<\/h2><\/div><div id=\"1543942221260-08aaa3dc-e760\" class=\"dt-sc-empty-space\"><\/div><\/div><\/div><\/div><\/div><div class=\"vc_row-full-width vc_clearfix\"><\/div><div data-vc-full-width=\"true\" data-vc-full-width-init=\"false\" class=\"vc_row wpb_row vc_row-fluid dt-sc-icon-box-counter vc_custom_1543945652089 vc_row-has-fill\"><div class=\"wpb_column vc_column_container vc_col-sm-12\"><div class=\"vc_column-inner\"><div class=\"wpb_wrapper\">\r\n\t<div class=\"wpb_text_column wpb_content_element\" >\r\n\t\t<div class=\"wpb_wrapper\">\r\n\t\t\t<blockquote>\n<p>\u00abSahita deva\u00bb viene del s\u00e1nscrito (lengua antigua en la India) y significa \u00abJuntos con Dios\u00bb<\/p>\n<\/blockquote>\n<p>I chose this name because in Theta Healing - sessions we always are in connection with the Creator Of All That Is, or you can name it source, universe, Allah, Jehovah and so forth, it doesn\u2019t matter how you call it the connection remains the same. And I found it is the best way to describe how the healings will manifest in cooperation with the Creator Of All That Is.<\/p>\n<p><b>ThetaHealing<\/b><b><i>\u00ae<\/i><\/b> is a technique that is unlimited, just put it into practice correctly.<\/p>\n<p>It is addressed to whoever wants to improve themselves irrespective of their own religious beliefs, age, social class, cultural level, profession, political conviction etc. \nThe only requirement needed is: wanting to change, improve and manifest what you want to achieve in your live.<\/p>\n<p>If you want to get rid of limiting beliefs and \/ or feel happier and lead a healthier life,\ndon\u2019t hesitate and contact me!<\/p>\n<p>All sessions are possible via <b>Skype<\/b>, as energy has no boundaries, so the healing will work the same way as if we literally would be sitting in front of each other!<\/p>\n<p>In love and light.<\/p>\n<p>Margot Partridge<\/p>\n\r\n\t\t<\/div>\r\n\t<\/div>\r\n<div id=\"1543945747208-e89b7ff2-1c44\" class=\"dt-sc-empty-space\"><\/div><\/div><\/div><\/div><\/div><div class=\"vc_row-full-width vc_clearfix\"><\/div><div data-vc-full-width=\"true\" data-vc-full-width-init=\"false\" class=\"vc_row wpb_row vc_row-fluid rs_parallax_remove vc_custom_1546817079165 vc_row-has-fill\"><div class=\"wpb_column vc_column_container vc_col-sm-12\"><div class=\"vc_column-inner\"><div class=\"wpb_wrapper\"><div id=\"1543945742000-611b6d18-ebcc\" class=\"dt-sc-empty-space\"><\/div><div class=\"vc_row wpb_row vc_inner vc_row-fluid\"><div class=\"rs_col-sm-12 wpb_column vc_column_container vc_col-sm-6\"><div class=\"vc_column-inner\"><div class=\"wpb_wrapper\"><div class='dt-sc-title script-with-sub-title alignleft'><h6>Do you want to meet me?<\/h6><h3>Book Appointment<\/h3><\/div><div id=\"1531468262776-4c296c19-4f1a\" class=\"dt-sc-empty-space\"><\/div>\n<div class=\"wpcf7 no-js\" id=\"wpcf7-f13339-o1\" lang=\"en-US\" dir=\"ltr\" data-wpcf7-id=\"13339\">\n<div class=\"screen-reader-response\"><p role=\"status\" aria-live=\"polite\" aria-atomic=\"true\"><\/p> <ul><\/ul><\/div>\n<form action=\"\/en\/wp-json\/wp\/v2\/pages\/10809#wpcf7-f13339-o1\" method=\"post\" class=\"wpcf7-form init\" aria-label=\"Contact form\" novalidate=\"novalidate\" data-status=\"init\" data-trp-original-action=\"\/en\/wp-json\/wp\/v2\/pages\/10809#wpcf7-f13339-o1\">\n<fieldset class=\"hidden-fields-container\"><input type=\"hidden\" name=\"_wpcf7\" value=\"13339\" \/><input type=\"hidden\" name=\"_wpcf7_version\" value=\"6.1.4\" \/><input type=\"hidden\" name=\"_wpcf7_locale\" value=\"en_US\" \/><input type=\"hidden\" name=\"_wpcf7_unit_tag\" value=\"wpcf7-f13339-o1\" \/><input type=\"hidden\" name=\"_wpcf7_container_post\" value=\"0\" \/><input type=\"hidden\" name=\"_wpcf7_posted_data_hash\" value=\"\" \/>\n<\/fieldset>\n<div class=\"vc_row wpb_row vc_row-fluid\"><div class=\"wpb_column vc_column_container vc_col-sm-3\"><div class=\"vc_column-inner\"><div class=\"wpb_wrapper\"><span class=\"wpcf7-form-control-wrap\" data-name=\"text-752\"><input size=\"40\" maxlength=\"400\" class=\"wpcf7-form-control wpcf7-text wpcf7-validates-as-required\" aria-required=\"true\" aria-invalid=\"false\" placeholder=\"First name*\" value=\"\" type=\"text\" name=\"text-752\" \/><\/span><div class='dt-sc-hr-invisible-medium'> <\/div><div class='dt-sc-clear'> <\/div><span class=\"wpcf7-form-control-wrap\" data-name=\"tel-60\"><input size=\"40\" maxlength=\"400\" class=\"wpcf7-form-control wpcf7-tel wpcf7-validates-as-required wpcf7-text wpcf7-validates-as-tel\" aria-required=\"true\" aria-invalid=\"false\" placeholder=\"Phone*\" value=\"\" type=\"tel\" name=\"tel-60\" \/><\/span><\/div><\/div><\/div><div class=\"wpb_column vc_column_container vc_col-sm-3\"><div class=\"vc_column-inner\"><div class=\"wpb_wrapper\"><span class=\"wpcf7-form-control-wrap\" data-name=\"email-654\"><input size=\"40\" maxlength=\"400\" class=\"wpcf7-form-control wpcf7-email wpcf7-validates-as-required wpcf7-text wpcf7-validates-as-email\" aria-required=\"true\" aria-invalid=\"false\" placeholder=\"Email*\" value=\"\" type=\"email\" name=\"email-654\" \/><\/span><div class='dt-sc-hr-invisible-medium'> <\/div><div class='dt-sc-clear'> <\/div><span class=\"wpcf7-form-control-wrap\" data-name=\"Category\"><select class=\"wpcf7-form-control wpcf7-select\" aria-invalid=\"false\" name=\"Category\"><option value=\"Selecciona Terapia\">Select Therapy<\/option><option value=\"ThetaHealing\u00ae\">ThetaHealing\u00ae<\/option><option value=\"Hipnoterapia Cognitiva\">Cognitive Hypnotherapy<\/option><option value=\"Tarot de \u00c1ngeles\">Tarot of Angels<\/option><\/select><\/span><\/div><\/div><\/div><div class=\"wpb_column vc_column_container vc_col-sm-3\"><div class=\"vc_column-inner\"><div class=\"wpb_wrapper\"><span class=\"wpcf7-form-control-wrap\" data-name=\"textarea-220\"><textarea cols=\"40\" rows=\"10\" maxlength=\"2000\" class=\"wpcf7-form-control wpcf7-textarea\" aria-invalid=\"false\" placeholder=\"Message*\" name=\"textarea-220\"><\/textarea><\/span><\/div><\/div><\/div><div class=\"wpb_column vc_column_container vc_col-sm-3\"><div class=\"vc_column-inner\"><div class=\"wpb_wrapper\"><\/div><\/div><\/div>\n<div class='dt-sc-clear'> <\/div><br \/>\n<div class=\"vc_row wpb_row vc_row-fluid\"><\/div><label>I have read and accept the privacy policy<br \/>\n<span class=\"wpcf7-form-control-wrap\" data-name=\"acceptance-914\"><span class=\"wpcf7-form-control wpcf7-acceptance\"><span class=\"wpcf7-list-item\"><input type=\"checkbox\" name=\"acceptance-914\" value=\"1\" aria-invalid=\"false\" \/><\/span><\/span><\/span><a href=\"https:\/\/www.sahitadeva.com\/en\/politica-de-privacidad\/\" target=\"_blank\" rel=\"noopener\">Privacy Policy<\/a> <\/label>\n<\/p>\n<p><label>Your personal data will be stored and processed by Margot Partridge for the purpose of contacting you. Legitimization is carried out through your express consent. You can access, rectify, limit or delete your data. More information in the <a href=\"https:\/\/www.sahitadeva.com\/en\/aviso-legal\/\">Legal Notice<\/a><\/label><\/div>\n<p><input class=\"wpcf7-form-control wpcf7-submit has-spinner\" type=\"submit\" value=\"Request an appointment\" \/>\n<\/p><div class=\"wpcf7-response-output\" aria-hidden=\"true\"><\/div>\n<input type=\"hidden\" name=\"trp-form-language\" value=\"en\"\/><\/form>\n<\/div>\n<\/div><\/div><\/div><div class=\"wpb_column vc_column_container vc_col-sm-6\"><div class=\"vc_column-inner\"><div class=\"wpb_wrapper\"><\/div><\/div><\/div><\/div><div id=\"1545403781094-84ebcc5a-e1be\" class=\"dt-sc-empty-space\"><\/div><\/div><\/div><\/div><\/div><div class=\"vc_row-full-width vc_clearfix\"><\/div><!-- Row Backgrounds --><div class=\"upb_bg_img\" data-ultimate-bg=\"url(https:\/\/www.sahitadeva.com\/wp-content\/uploads\/2019\/01\/cta-fondo.jpg)\" data-image-id=\"id^13449|url^https:\/\/www.sahitadeva.com\/wp-content\/uploads\/2019\/01\/cta-fondo.jpg|caption^null|alt^null|title^cta-fondo|description^null\" data-ultimate-bg-style=\"vcpb-default\" data-bg-img-repeat=\"no-repeat\" data-bg-img-size=\"cover\" data-bg-img-position=\"\" data-parallx_sense=\"30\" data-bg-override=\"0\" data-bg_img_attach=\"scroll\" data-upb-overlay-color=\"\" data-upb-bg-animation=\"\" data-fadeout=\"\" data-bg-animation=\"left-animation\" data-bg-animation-type=\"h\" data-animation-repeat=\"repeat\" data-fadeout-percentage=\"30\" data-parallax-content=\"\" data-parallax-content-sense=\"30\" data-row-effect-mobile-disable=\"true\" data-img-parallax-mobile-disable=\"true\" data-rtl=\"false\"  data-custom-vc-row=\"\"  data-vc=\"8.7.2\"  data-is_old_vc=\"\"  data-theme-support=\"\"   data-overlay=\"false\" data-overlay-color=\"\" data-overlay-pattern=\"\" data-overlay-pattern-opacity=\"\" data-overlay-pattern-size=\"\"    ><\/div>\n<\/div>","protected":false},"excerpt":{"rendered":"La t\u00e9cnica de meditaci\u00f3n\u00bfQu\u00e9 es ThetaHealing \u00ae? La t\u00e9cnica de meditaci\u00f3n ThetaHealing fue creada por Vianna Stibal, en 1995 durante su propio viaje personal hacia la salud. &nbsp; Su libro original detalla su viaje de sanaci\u00f3n personal y su conexi\u00f3n con el Creador utilizando su t\u00e9cnica de meditaci\u00f3n. ThetaHealing, es una t\u00e9cnica de meditaci\u00f3n que [...]","protected":false},"author":1,"featured_media":0,"parent":0,"menu_order":0,"comment_status":"closed","ping_status":"closed","template":"","meta":{"footnotes":""},"class_list":["post-10809","page","type-page","status-publish","hentry"],"aioseo_notices":[],"_links":{"self":[{"href":"https:\/\/www.sahitadeva.com\/en\/wp-json\/wp\/v2\/pages\/10809","targetHints":{"allow":["GET"]}}],"collection":[{"href":"https:\/\/www.sahitadeva.com\/en\/wp-json\/wp\/v2\/pages"}],"about":[{"href":"https:\/\/www.sahitadeva.com\/en\/wp-json\/wp\/v2\/types\/page"}],"author":[{"embeddable":true,"href":"https:\/\/www.sahitadeva.com\/en\/wp-json\/wp\/v2\/users\/1"}],"replies":[{"embeddable":true,"href":"https:\/\/www.sahitadeva.com\/en\/wp-json\/wp\/v2\/comments?post=10809"}],"version-history":[{"count":40,"href":"https:\/\/www.sahitadeva.com\/en\/wp-json\/wp\/v2\/pages\/10809\/revisions"}],"predecessor-version":[{"id":13507,"href":"https:\/\/www.sahitadeva.com\/en\/wp-json\/wp\/v2\/pages\/10809\/revisions\/13507"}],"wp:attachment":[{"href":"https:\/\/www.sahitadeva.com\/en\/wp-json\/wp\/v2\/media?parent=10809"}],"curies":[{"name":"wp","href":"https:\/\/api.w.org\/{rel}","templated":true}]}}