{"id":13111,"date":"2018-11-28T17:12:34","date_gmt":"2018-11-28T17:12:34","guid":{"rendered":"https:\/\/www.sahitadeva.com\/?page_id=13111"},"modified":"2019-01-23T16:42:25","modified_gmt":"2019-01-23T16:42:25","slug":"politica-de-privacidad","status":"publish","type":"page","link":"https:\/\/www.sahitadeva.com\/en\/politica-de-privacidad\/","title":{"rendered":"Privacy Policy"},"content":{"rendered":"<h1 class=\"western\" align=\"justify\"><span style=\"color: #231f20;\"><span style=\"font-family: Arial, serif;\"><span style=\"font-size: large;\"><span lang=\"es-ES\"><b>Privacy Policy<\/b><\/span><\/span><\/span><\/span><\/h1>\n<h1 class=\"western\" align=\"justify\"><\/h1>\n<h1 class=\"western\" align=\"justify\"><span style=\"color: #231f20;\"><span style=\"font-family: Arial, serif;\"><span style=\"font-size: large;\"><span lang=\"es-ES\"><b>Responsable del tratamiento de los datos<\/b><\/span><\/span><\/span><\/span><\/h1>\n<h1 class=\"western\" align=\"justify\"><\/h1>\n<p class=\"western\"><strong class=\"western\"><span style=\"color: #000000;\"><span style=\"font-family: Liberation Serif, serif;\"><span style=\"font-size: medium;\"><span lang=\"es-ES\">AVISO LEGAL:<\/span><\/span><\/span><\/span><\/strong><\/p>\n<p class=\"western\"><span style=\"color: #000000;\"><span style=\"font-family: Liberation Serif, serif;\"><span style=\"font-size: medium;\"><span lang=\"es-ES\">En cumplimiento del art\u00edculo 10 de la Ley 34\/2002, de 11 de julio, de Servicios de la Sociedad de la Informaci\u00f3n y Comercio Electr\u00f3nico (LSSICE) a continuaci\u00f3n se detallan los datos identificativos de la empresa:<\/span><\/span><\/span><\/span><\/p>\n<p class=\"western\">Raz\u00f3n social: <span style=\"color: #000000;\">SahitaDeva<\/span><\/p>\n<p class=\"western\"><span style=\"font-family: Liberation Serif, serif;\"><span style=\"font-size: medium;\">NIF: X2534429J<\/span><\/span><\/p>\n<p class=\"western\"><span style=\"font-family: Liberation Serif, serif;\"><span style=\"font-size: medium;\">Direcci\u00f3n: C\/ de sa Palmera 9 <\/span><\/span><\/p>\n<p class=\"western\"><span style=\"font-family: Liberation Serif, serif;\"><span style=\"font-size: medium;\">C.P.: 07800<\/span><\/span><\/p>\n<p class=\"western\"><span style=\"font-family: Liberation Serif, serif;\"><span style=\"font-size: medium;\">Localidad: Ibiza <\/span><\/span><\/p>\n<p class=\"western\"><span style=\"font-family: Liberation Serif, serif;\"><span style=\"font-size: medium;\">Tel\u00e9fono: +34 606 91 43 67<\/span><\/span><\/p>\n<p class=\"western\"><span style=\"font-family: Liberation Serif, serif;\"><span style=\"font-size: medium;\">E-mail: margotpartridge@gmail.com <\/span><\/span><\/p>\n<p class=\"western\"><span style=\"font-family: Liberation Serif, serif;\"><span style=\"font-size: medium;\">Actividad de la empresa: Cursos y Terapias<\/span><\/span><\/p>\n<p class=\"western\"><span style=\"font-family: Liberation Serif, serif;\"><span style=\"font-size: medium;\">Responsable de los Ficheros de la Empresa<\/span><\/span><\/p>\n<p class=\"western\"><span style=\"font-family: Liberation Serif, serif;\"><span style=\"font-size: medium;\">Nombre y apellidos: Margot Partridge<\/span><\/span><\/p>\n<p class=\"western\"><span style=\"font-family: Liberation Serif, serif;\"><span style=\"font-size: medium;\"><span style=\"color: #000000;\"><span lang=\"es-ES\">NIF: X2534429J<\/span><\/span><\/span><\/span><\/p>\n<h2 class=\"western\" align=\"center\"><span style=\"color: #231f20;\"><span style=\"font-family: Arial, serif;\"><span style=\"font-size: small;\"><span lang=\"es-ES\"><b>AVISO LEGAL<\/b><\/span><\/span><\/span><\/span><\/h2>\n<p class=\"western\">\n<p class=\"western\" align=\"justify\"><span style=\"color: #231f20;\"><span style=\"font-family: Liberation Serif, serif;\"><span style=\"font-size: medium;\"><span lang=\"es-ES\">De acuerdo con lo establecido en el Reglamento General de Protecci\u00f3n de Datos, le informamos que trataremos sus datos personales con la finalidad de:<\/span><\/span><\/span><\/span><\/p>\n<h3 class=\"western\" align=\"justify\"><span style=\"color: #231f20;\"><span style=\"font-family: Arial, serif;\"><span style=\"font-size: small;\"><span lang=\"es-ES\"><i><b>[entregarle el producto comprado, e informarle sobre los productos o servicios publicados en nuestra web]<\/b><\/i><\/span><\/span><\/span><\/span><\/h3>\n<p class=\"western\">\n<p class=\"western\" align=\"justify\"><span style=\"color: #231f20;\"><span style=\"font-family: Liberation Serif, serif;\"><span style=\"font-size: medium;\"><span lang=\"es-ES\">Los datos personales proporcionados se conservar\u00e1n, mientras se mantenga la relaci\u00f3n mercantil, no se solicite su supresi\u00f3n por el interesado, o durante 1 a\u00f1o a partir de la \u00faltima confirmaci\u00f3n de inter\u00e9s, o durante el tiempo necesario para cumplir con las obligaciones legales. La empresa NO tomar\u00e1 decisiones automatizadas. Los datos no se ceder\u00e1n a terceros salvo en los casos en que exista una obligaci\u00f3n legal y los trataremos en base a [<\/span><\/span><\/span><\/span><span style=\"color: #231f20;\"><span style=\"font-family: Liberation Serif, serif;\"><span style=\"font-size: medium;\"><span lang=\"es-ES\"><i><b>su consentimiento o ejecuci\u00f3n de un contrato]<\/b><\/i><\/span><\/span><\/span><\/span><span style=\"color: #231f20;\"><span style=\"font-family: Liberation Serif, serif;\"><span style=\"font-size: medium;\"><span lang=\"es-ES\"><i>.<\/i><\/span><\/span><\/span><\/span><\/p>\n<p class=\"western\" align=\"justify\"><span style=\"color: #231f20;\"><span style=\"font-family: Liberation Serif, serif;\"><span style=\"font-size: medium;\"><span lang=\"es-ES\">Asimismo, le informamos de la posibilidad de ejercer los siguientes derechos sobre sus datos personales: derecho de acceso, rectificaci\u00f3n, supresi\u00f3n u olvido, limitaci\u00f3n, oposici\u00f3n, portabilidad y a retirar el consentimiento prestado, para ello podr\u00e1 enviar un email a: <\/span><\/span><\/span><\/span><span style=\"color: #000080;\"><span lang=\"zxx\"><u><span style=\"color: #231f20;\"><span style=\"font-family: Liberation Serif, serif;\"><span style=\"font-size: medium;\"><b>margotpartridge@gmail.com <\/b><\/span><\/span><\/span><\/u><\/span><\/span><\/p>\n<p class=\"western\">\n<p class=\"western\"><span style=\"color: #000000;\"><span style=\"font-family: Liberation Serif, serif;\"><span style=\"font-size: medium;\"><span lang=\"es-ES\">Adem\u00e1s, el interesado puede dirigirse a la Autoridad de Control en materia de Protecci\u00f3n de Datos competente para obtener informaci\u00f3n adicional o presentar una reclamaci\u00f3n. Agencia Espa\u00f1ola de Protecci\u00f3n de Datos, en adelante, AEPD,\u00a0<\/span><\/span><\/span><\/span><a class=\"western\" href=\"http:\/\/www.agpd.es\/\"><span style=\"color: #000080;\"><span style=\"font-family: Liberation Serif, serif;\"><span style=\"font-size: medium;\"><span lang=\"zxx\"><u>www.agpd.es<\/u><\/span><\/span><\/span><\/span><\/a><span style=\"color: #000000;\"><span style=\"font-family: Liberation Serif, serif;\"><span style=\"font-size: medium;\"><span lang=\"es-ES\">. <\/span><\/span><\/span><\/span><\/p>\n<p class=\"western\"><span style=\"color: #231f20;\"><span style=\"font-family: Liberation Serif, serif;\"><span style=\"font-size: medium;\"><span lang=\"es-ES\">Datos identificativos del responsable:<\/span><\/span><\/span><\/span><\/p>\n<p class=\"western\"><span style=\"font-family: Liberation Serif, serif;\"><span style=\"font-size: medium;\"><span style=\"color: #000000;\"><span lang=\"es-ES\">Margot Partridge X2534429J C\/ de sa Palmera 9, 07800, Ibiza; <\/span><\/span><span style=\"color: #000000;\"><span lang=\"es-ES\">Baleares. +34 606 91 43 67<\/span><\/span><\/span><\/span><\/p>\n<h3 class=\"western\"><\/h3>\n<h2 class=\"western\"><span style=\"color: #000000;\"><span style=\"font-family: Arial, serif;\"><span style=\"font-size: small;\"><span lang=\"es-ES\"><b>Seguridad y actualizaci\u00f3n de sus datos personales<\/b><\/span><\/span><\/span><\/span><\/h2>\n<h2 class=\"western\"><\/h2>\n<p class=\"western\"><span style=\"color: #000000;\"><span style=\"font-family: Liberation Serif, serif;\"><span style=\"font-size: medium;\"><span lang=\"es-ES\">Con el objetivo de salvaguardar la seguridad de sus datos personales, le informamos que <\/span><\/span><\/span><\/span><span style=\"color: #000000;\"><span style=\"font-family: Liberation Serif, serif;\"><span style=\"font-size: medium;\"><span lang=\"es-ES\">Margot Partridge <\/span><\/span><\/span><\/span><span style=\"color: #000000;\"><span style=\"font-family: Liberation Serif, serif;\"><span style=\"font-size: medium;\"><span lang=\"es-ES\">ha adoptado todas las medidas de \u00edndole t\u00e9cnica y organizativa necesarias para garantizar la seguridad de los datos personales suministrados. Todo ello para evitar su alteraci\u00f3n, p\u00e9rdida, y\/o tratamientos o accesos no autorizados, tal como exige la normativa, si bien la seguridad absoluta no existe.<\/span><\/span><\/span><\/span><\/p>\n<p class=\"western\"><span style=\"color: #000000;\"><span style=\"font-family: Liberation Serif, serif;\"><span style=\"font-size: medium;\"><span lang=\"es-ES\">Es importante que, para que podamos mantener sus datos personales actualizados, nos informe siempre que se produzca una modificaci\u00f3n de los mismos.<\/span><\/span><\/span><\/span><\/p>\n<h2 class=\"western\"><span style=\"color: #000000;\"><span style=\"font-family: Arial, serif;\"><span style=\"font-size: small;\"><span lang=\"es-ES\"><b>Confidencialidad<\/b><\/span><\/span><\/span><\/span><\/h2>\n<h2 class=\"western\"><\/h2>\n<p class=\"western\"><strong class=\"western\"><span style=\"color: #000000;\"><span style=\"font-family: Liberation Serif, serif;\"><span style=\"font-size: medium;\"><span lang=\"es-ES\">Margot Partridge <\/span><\/span><\/span><\/span><\/strong><strong class=\"western\"><span style=\"color: #000000;\"><span style=\"font-family: Liberation Serif, serif;\"><span style=\"font-size: medium;\"><span lang=\"es-ES\">le informa que sus datos ser\u00e1n tratados con el m\u00e1ximo celo y confidencialidad por todo el personal que intervenga en cualquiera de las fases del tratamiento. No cederemos ni comunicaremos a ning\u00fan tercero sus datos, excepto en los casos legalmente previstos, o salvo que el interesado nos hubiera autorizado expresamente.<\/span><\/span><\/span><\/span><\/strong><\/p>\n<p class=\"western\">\n<p class=\"western\">\n<p class=\"western\" align=\"center\"><span style=\"font-family: Liberation Serif, serif;\"><span style=\"font-size: medium;\"><span style=\"color: #231f20;\"><span style=\"font-size: small;\"><span lang=\"es-ES\"><b>CONSENTIMIENTO<\/b><\/span><\/span><\/span><\/span><\/span><\/p>\n<p class=\"western\" align=\"justify\"><span style=\"color: #231f20;\"><span style=\"font-family: Liberation Serif, serif;\"><span style=\"font-size: medium;\"><span lang=\"es-ES\">La finalidad y uso previsto tanto de los datos en s\u00ed mismos como de su tratamiento, es prestarle el servicio solicitado o entregarle el producto adquirido. A continuaci\u00f3n podr\u00e1 aceptar las finalidades que crea convenientes marcando su casilla correspondiente y clicando en el bot\u00f3n ACEPTAR, tenga en cuenta que algunas finalidades pueden ser necesarias para poderle prestar el servicio, en el caso de NO marcar dichas casillas, no se podr\u00e1 prestar\/entregar el servicio\/producto<\/span><\/span><\/span><\/span> <span style=\"color: #231f20;\"><span style=\"font-family: Liberation Serif, serif;\"><span style=\"font-size: medium;\"><span lang=\"es-ES\">asociado.<\/span><\/span><\/span><\/span><\/p>","protected":false},"excerpt":{"rendered":"<p>Pol\u00edtica de Privacidad Responsable del tratamiento de los datos AVISO LEGAL: En cumplimiento del art\u00edculo 10 de la Ley 34\/2002, de 11 de julio, de Servicios de la Sociedad de la Informaci\u00f3n y Comercio Electr\u00f3nico (LSSICE) a continuaci\u00f3n se detallan los datos identificativos de la empresa: Raz\u00f3n social: SahitaDeva NIF: X2534429J Direcci\u00f3n: C\/ de sa [&hellip;]<\/p>","protected":false},"author":1,"featured_media":0,"parent":0,"menu_order":0,"comment_status":"closed","ping_status":"closed","template":"","meta":{"footnotes":""},"class_list":["post-13111","page","type-page","status-publish","hentry"],"aioseo_notices":[],"_links":{"self":[{"href":"https:\/\/www.sahitadeva.com\/en\/wp-json\/wp\/v2\/pages\/13111","targetHints":{"allow":["GET"]}}],"collection":[{"href":"https:\/\/www.sahitadeva.com\/en\/wp-json\/wp\/v2\/pages"}],"about":[{"href":"https:\/\/www.sahitadeva.com\/en\/wp-json\/wp\/v2\/types\/page"}],"author":[{"embeddable":true,"href":"https:\/\/www.sahitadeva.com\/en\/wp-json\/wp\/v2\/users\/1"}],"replies":[{"embeddable":true,"href":"https:\/\/www.sahitadeva.com\/en\/wp-json\/wp\/v2\/comments?post=13111"}],"version-history":[{"count":2,"href":"https:\/\/www.sahitadeva.com\/en\/wp-json\/wp\/v2\/pages\/13111\/revisions"}],"predecessor-version":[{"id":13561,"href":"https:\/\/www.sahitadeva.com\/en\/wp-json\/wp\/v2\/pages\/13111\/revisions\/13561"}],"wp:attachment":[{"href":"https:\/\/www.sahitadeva.com\/en\/wp-json\/wp\/v2\/media?parent=13111"}],"curies":[{"name":"wp","href":"https:\/\/api.w.org\/{rel}","templated":true}]}}