{"id":13202,"date":"2018-12-04T17:55:32","date_gmt":"2018-12-04T17:55:32","guid":{"rendered":"https:\/\/www.sahitadeva.com\/?page_id=13202"},"modified":"2019-01-15T15:23:46","modified_gmt":"2019-01-15T15:23:46","slug":"tarot-de-angeles","status":"publish","type":"page","link":"https:\/\/www.sahitadeva.com\/en\/tarot-of-angeles\/","title":{"rendered":"Angeles Tarot"},"content":{"rendered":"<div class=\"wpb-content-wrapper\"><div data-vc-full-width=\"true\" data-vc-full-width-init=\"false\" class=\"vc_row wpb_row vc_row-fluid vc_row-o-equal-height vc_row-o-content-middle vc_row-flex\"><div class=\"wpb_column vc_column_container vc_col-sm-12\"><div class=\"vc_column-inner\"><div class=\"wpb_wrapper\"><div id=\"1531461904157-a8ce8e3c-9af1\" class=\"dt-sc-empty-space\"><\/div><div class='dt-sc-title script-with-sub-title aligncenter'><h6>The Tarot<\/h6><h2>\u00bf Who are Angels ?<\/h2><\/div><div id=\"1531461913542-4dcf32ef-d5f8\" class=\"dt-sc-empty-space\"><\/div>\r\n\t<div class=\"wpb_text_column wpb_content_element\" >\r\n\t\t<div class=\"wpb_wrapper\">\r\n\t\t\t<blockquote>\n<p>An angel (from the Greek \u1f04\u03b3\u03b3\u03b5\u03bb\u03bf\u03c2 - \u00e1ngelos[1]) is a supernatural being or spirit, often depicted in humanoid form with feathered wings on their backs and halos around their heads, found in various religions and mythologies.<\/p>\n<\/blockquote>\n<p>&nbsp;<\/p>\n<p>La palabra \u00ab\u00c1ngel\u00bb significa \u00abMensajero de Dios\u00bb. Hoy sabemos que todo lo que existe es energ\u00eda y, por lo tanto, los \u00e1ngeles son una forma de energ\u00eda positiva enviada desde el Universo (o Dios, la fuente, Mar\u00eda, Jes\u00fas o como quieras llamarlo) para ayudarnos y guiarnos en las vidas en la tierra. Como tenemos algo llamado el libre albedr\u00edo, solo pueden ayudarnos cuando les preguntamos por ayuda.<\/p>\n<p><img loading=\"lazy\" decoding=\"async\" class=\"alignright wp-image-13496\" src=\"https:\/\/www.sahitadeva.com\/wp-content\/uploads\/2019\/01\/terapias-home-angel-m.jpg\" alt=\"\" width=\"450\" height=\"450\" srcset=\"https:\/\/www.sahitadeva.com\/wp-content\/uploads\/2019\/01\/terapias-home-angel-m.jpg 650w, https:\/\/www.sahitadeva.com\/wp-content\/uploads\/2019\/01\/terapias-home-angel-m-150x150.jpg 150w, https:\/\/www.sahitadeva.com\/wp-content\/uploads\/2019\/01\/terapias-home-angel-m-300x300.jpg 300w, https:\/\/www.sahitadeva.com\/wp-content\/uploads\/2019\/01\/terapias-home-angel-m-540x540.jpg 540w, https:\/\/www.sahitadeva.com\/wp-content\/uploads\/2019\/01\/terapias-home-angel-m-205x205.jpg 205w, https:\/\/www.sahitadeva.com\/wp-content\/uploads\/2019\/01\/terapias-home-angel-m-420x420.jpg 420w\" sizes=\"auto, (max-width: 450px) 100vw, 450px\" \/>Despu\u00e9s de participar en el taller \u00abLas ense\u00f1anzas de la C\u00e1bala\u00bb, que es un estudio muy antiguo del secreto del G\u00e9nesis en la biblia, que sol\u00eda ser pasado de los rabinos a los rabinos que se demostraron ser dignos, conoc\u00ed a la gama de los \u00c1ngeles.<\/p>\n<p>I could feel, see and hear them and still can to this day. It was one of the most wonderful experiences in my life! To have the knowledge that we are never alone and that we always have help! I felt I had to tell the whole world so everybody else could feel the same happiness and I still do!<\/p>\n<p>Personally, I only use Angel cards channeled by Doreen Virtue because her cards are very pleasing to look at. Tarot cards can sometimes frighten people because of their design and because of that she developed some that would be nice to look at and therefore the message you wish to know could come through more clearly.<\/p>\n\r\n\t\t<\/div>\r\n\t<\/div>\r\n<a href='https:\/\/www.sahitadeva.com\/en\/reserva-cita\/' target='_self' title='' class='dt-sc-button   large   filled fully-rounded-corner' > I want to consult the Tarot of Angels <\/a><div id=\"1543940433916-c7fcc70a-68d3\" class=\"dt-sc-empty-space\"><\/div><\/div><\/div><\/div><\/div><div class=\"vc_row-full-width vc_clearfix\"><\/div><div data-vc-full-width=\"true\" data-vc-full-width-init=\"false\" class=\"vc_row wpb_row vc_row-fluid dt-sc-icon-box-counter vc_custom_1543945635862 vc_row-has-fill\"><div class=\"wpb_column vc_column_container vc_col-sm-12\"><div class=\"vc_column-inner\"><div class=\"wpb_wrapper\"><div id=\"1543945721378-7b403fc7-ef0f\" class=\"dt-sc-empty-space\"><\/div><div class='dt-sc-title script-with-sub-title dt-sc-dark-title aligncenter'><h6>The Oracle<\/h6><h2>\u00bf What is Tarot ?<\/h2><\/div><div id=\"1543942221260-08aaa3dc-e760\" class=\"dt-sc-empty-space\"><\/div><\/div><\/div><\/div><\/div><div class=\"vc_row-full-width vc_clearfix\"><\/div><div data-vc-full-width=\"true\" data-vc-full-width-init=\"false\" class=\"vc_row wpb_row vc_row-fluid dt-sc-icon-box-counter vc_custom_1543945652089 vc_row-has-fill\"><div class=\"wpb_column vc_column_container vc_col-sm-12\"><div class=\"vc_column-inner\"><div class=\"wpb_wrapper\">\r\n\t<div class=\"wpb_text_column wpb_content_element\" >\r\n\t\t<div class=\"wpb_wrapper\">\r\n\t\t\t<blockquote>\n<p>The Oracle or also known as Tarot tradition goes back to ancient Egypt times.<\/p>\n<\/blockquote>\n<p style=\"text-align: left;\">Probablemente tiene que ver con las ense\u00f1anzas de los pitag\u00f3ricos que se originaron en Grecia y luego emigraron a Egipto antes de su muerte. Pit\u00e1goras fue un fil\u00f3sofo griego, matem\u00e1tico y fundador de movimientos religiosos llamado \u00abpitagorismo\u00bb.<\/p>\n<p style=\"text-align: left;\">Su teor\u00eda era que todo en este universo est\u00e1 divino y en perfecto orden, incluso si parece ca\u00f3tico. Adem\u00e1s, Pit\u00e1goras dice que todo es matem\u00e1ticamente preciso y puede predecirse, y esta es la base de la antigua sabidur\u00eda de la \u00abLey de la atracci\u00f3n\u00bb. La Ley de atracci\u00f3n dice que cuando haces una pregunta, la vibraci\u00f3n de la respuesta te llegar\u00e1.<\/p>\n<p style=\"text-align: left;\">In the old days that are recorded in the bible the definition tools were stones and sticks. Leaders of tribes would throw them when they needed to know whether they should move or if they were involved in any sort of war and they would define these shapes in how they placed themselves on the ground or in how far they were thrown in terms of a calendar that was placed on the grounds, so they would know what movements to make and when. There you can see the definition of Tarot is nothing new, it is thousands and thousands of years old! Only the Tarot cards as we know them now have involved through the years. Oracle or Tarot Cards are the easiest way to get clear answers, especially if you\u2019re stressed, worried, or sensitive to the energies of this complicated world.<\/p>\n<p style=\"text-align: left;\">Readings are also possible on <b>Skype<\/b>!<\/p>\n\r\n\t\t<\/div>\r\n\t<\/div>\r\n<div id=\"1543945747208-e89b7ff2-1c44\" class=\"dt-sc-empty-space\"><\/div><\/div><\/div><\/div><\/div><div class=\"vc_row-full-width vc_clearfix\"><\/div><div data-vc-full-width=\"true\" data-vc-full-width-init=\"false\" class=\"vc_row wpb_row vc_row-fluid rs_parallax_remove vc_custom_1546818867413 vc_row-has-fill\"><div class=\"wpb_column vc_column_container vc_col-sm-12\"><div class=\"vc_column-inner\"><div class=\"wpb_wrapper\"><div id=\"1543945742000-611b6d18-ebcc\" class=\"dt-sc-empty-space\"><\/div><div class=\"vc_row wpb_row vc_inner vc_row-fluid\"><div class=\"rs_col-sm-12 wpb_column vc_column_container vc_col-sm-6\"><div class=\"vc_column-inner\"><div class=\"wpb_wrapper\"><div class='dt-sc-title script-with-sub-title alignleft'><h6><\/h6><h2>Book Appointment<\/h2><\/div><div id=\"1531468262776-4c296c19-4f1a\" class=\"dt-sc-empty-space\"><\/div>\n<div class=\"wpcf7 no-js\" id=\"wpcf7-f13339-o1\" lang=\"en-US\" dir=\"ltr\" data-wpcf7-id=\"13339\">\n<div class=\"screen-reader-response\"><p role=\"status\" aria-live=\"polite\" aria-atomic=\"true\"><\/p> <ul><\/ul><\/div>\n<form action=\"\/en\/wp-json\/wp\/v2\/pages\/13202#wpcf7-f13339-o1\" method=\"post\" class=\"wpcf7-form init\" aria-label=\"Contact form\" novalidate=\"novalidate\" data-status=\"init\" data-trp-original-action=\"\/en\/wp-json\/wp\/v2\/pages\/13202#wpcf7-f13339-o1\">\n<fieldset class=\"hidden-fields-container\"><input type=\"hidden\" name=\"_wpcf7\" value=\"13339\" \/><input type=\"hidden\" name=\"_wpcf7_version\" value=\"6.1.4\" \/><input type=\"hidden\" name=\"_wpcf7_locale\" value=\"en_US\" \/><input type=\"hidden\" name=\"_wpcf7_unit_tag\" value=\"wpcf7-f13339-o1\" \/><input type=\"hidden\" name=\"_wpcf7_container_post\" value=\"0\" \/><input type=\"hidden\" name=\"_wpcf7_posted_data_hash\" value=\"\" \/>\n<\/fieldset>\n<div class=\"vc_row wpb_row vc_row-fluid\"><div class=\"wpb_column vc_column_container vc_col-sm-3\"><div class=\"vc_column-inner\"><div class=\"wpb_wrapper\"><span class=\"wpcf7-form-control-wrap\" data-name=\"text-752\"><input size=\"40\" maxlength=\"400\" class=\"wpcf7-form-control wpcf7-text wpcf7-validates-as-required\" aria-required=\"true\" aria-invalid=\"false\" placeholder=\"First name*\" value=\"\" type=\"text\" name=\"text-752\" \/><\/span><div class='dt-sc-hr-invisible-medium'> <\/div><div class='dt-sc-clear'> <\/div><span class=\"wpcf7-form-control-wrap\" data-name=\"tel-60\"><input size=\"40\" maxlength=\"400\" class=\"wpcf7-form-control wpcf7-tel wpcf7-validates-as-required wpcf7-text wpcf7-validates-as-tel\" aria-required=\"true\" aria-invalid=\"false\" placeholder=\"Phone*\" value=\"\" type=\"tel\" name=\"tel-60\" \/><\/span><\/div><\/div><\/div><div class=\"wpb_column vc_column_container vc_col-sm-3\"><div class=\"vc_column-inner\"><div class=\"wpb_wrapper\"><span class=\"wpcf7-form-control-wrap\" data-name=\"email-654\"><input size=\"40\" maxlength=\"400\" class=\"wpcf7-form-control wpcf7-email wpcf7-validates-as-required wpcf7-text wpcf7-validates-as-email\" aria-required=\"true\" aria-invalid=\"false\" placeholder=\"Email*\" value=\"\" type=\"email\" name=\"email-654\" \/><\/span><div class='dt-sc-hr-invisible-medium'> <\/div><div class='dt-sc-clear'> <\/div><span class=\"wpcf7-form-control-wrap\" data-name=\"Category\"><select class=\"wpcf7-form-control wpcf7-select\" aria-invalid=\"false\" name=\"Category\"><option value=\"Selecciona Terapia\">Select Therapy<\/option><option value=\"ThetaHealing\u00ae\">ThetaHealing\u00ae<\/option><option value=\"Hipnoterapia Cognitiva\">Cognitive Hypnotherapy<\/option><option value=\"Tarot de \u00c1ngeles\">Tarot of Angels<\/option><\/select><\/span><\/div><\/div><\/div><div class=\"wpb_column vc_column_container vc_col-sm-3\"><div class=\"vc_column-inner\"><div class=\"wpb_wrapper\"><span class=\"wpcf7-form-control-wrap\" data-name=\"textarea-220\"><textarea cols=\"40\" rows=\"10\" maxlength=\"2000\" class=\"wpcf7-form-control wpcf7-textarea\" aria-invalid=\"false\" placeholder=\"Message*\" name=\"textarea-220\"><\/textarea><\/span><\/div><\/div><\/div><div class=\"wpb_column vc_column_container vc_col-sm-3\"><div class=\"vc_column-inner\"><div class=\"wpb_wrapper\"><\/div><\/div><\/div>\n<div class='dt-sc-clear'> <\/div><br \/>\n<div class=\"vc_row wpb_row vc_row-fluid\"><\/div><label>I have read and accept the privacy policy<br \/>\n<span class=\"wpcf7-form-control-wrap\" data-name=\"acceptance-914\"><span class=\"wpcf7-form-control wpcf7-acceptance\"><span class=\"wpcf7-list-item\"><input type=\"checkbox\" name=\"acceptance-914\" value=\"1\" aria-invalid=\"false\" \/><\/span><\/span><\/span><a href=\"https:\/\/www.sahitadeva.com\/en\/politica-de-privacidad\/\" target=\"_blank\" rel=\"noopener\">Privacy Policy<\/a> <\/label>\n<\/p>\n<p><label>Your personal data will be stored and processed by Margot Partridge for the purpose of contacting you. Legitimization is carried out through your express consent. You can access, rectify, limit or delete your data. More information in the <a href=\"https:\/\/www.sahitadeva.com\/en\/aviso-legal\/\">Legal Notice<\/a><\/label><\/div>\n<p><input class=\"wpcf7-form-control wpcf7-submit has-spinner\" type=\"submit\" value=\"Request an appointment\" \/>\n<\/p><div class=\"wpcf7-response-output\" aria-hidden=\"true\"><\/div>\n<input type=\"hidden\" name=\"trp-form-language\" value=\"en\"\/><\/form>\n<\/div>\n<\/div><\/div><\/div><div class=\"wpb_column vc_column_container vc_col-sm-6\"><div class=\"vc_column-inner\"><div class=\"wpb_wrapper\"><\/div><\/div><\/div><\/div><div id=\"1545403628554-982b2f0c-e5e6\" class=\"dt-sc-empty-space\"><\/div><\/div><\/div><\/div><\/div><div class=\"vc_row-full-width vc_clearfix\"><\/div><!-- Row Backgrounds --><div class=\"upb_bg_img\" data-ultimate-bg=\"url(https:\/\/www.sahitadeva.com\/wp-content\/uploads\/2019\/01\/cta-fondo.jpg)\" data-image-id=\"id^13449|url^https:\/\/www.sahitadeva.com\/wp-content\/uploads\/2019\/01\/cta-fondo.jpg|caption^null|alt^null|title^cta-fondo|description^null\" data-ultimate-bg-style=\"vcpb-default\" data-bg-img-repeat=\"no-repeat\" data-bg-img-size=\"cover\" data-bg-img-position=\"\" data-parallx_sense=\"30\" data-bg-override=\"0\" data-bg_img_attach=\"scroll\" data-upb-overlay-color=\"\" data-upb-bg-animation=\"\" data-fadeout=\"\" data-bg-animation=\"left-animation\" data-bg-animation-type=\"h\" data-animation-repeat=\"repeat\" data-fadeout-percentage=\"30\" data-parallax-content=\"\" data-parallax-content-sense=\"30\" data-row-effect-mobile-disable=\"true\" data-img-parallax-mobile-disable=\"true\" data-rtl=\"false\"  data-custom-vc-row=\"\"  data-vc=\"8.7.2\"  data-is_old_vc=\"\"  data-theme-support=\"\"   data-overlay=\"false\" data-overlay-color=\"\" data-overlay-pattern=\"\" data-overlay-pattern-opacity=\"\" data-overlay-pattern-size=\"\"    ><\/div>\n<\/div>","protected":false},"excerpt":{"rendered":"El Tarot\u00bf Qui\u00e9nes son los \u00c1ngeles ? Un \u00e1ngel (del griego \u1f04\u03b3\u03b3\u03b5\u03bb\u03bf\u03c2 - \u00e1ngelos [1]) es un ser o esp\u00edritu sobrenatural, a menudo representado en forma humanoide con alas emplumadas en sus espaldas y halos alrededor de sus cabezas, que se encuentran en varias religiones y mitolog\u00edas. &nbsp; La palabra \"\u00c1ngel\" significa \"Mensajero de Dios\". [...]","protected":false},"author":1,"featured_media":0,"parent":0,"menu_order":0,"comment_status":"closed","ping_status":"closed","template":"","meta":{"footnotes":""},"class_list":["post-13202","page","type-page","status-publish","hentry"],"aioseo_notices":[],"_links":{"self":[{"href":"https:\/\/www.sahitadeva.com\/en\/wp-json\/wp\/v2\/pages\/13202","targetHints":{"allow":["GET"]}}],"collection":[{"href":"https:\/\/www.sahitadeva.com\/en\/wp-json\/wp\/v2\/pages"}],"about":[{"href":"https:\/\/www.sahitadeva.com\/en\/wp-json\/wp\/v2\/types\/page"}],"author":[{"embeddable":true,"href":"https:\/\/www.sahitadeva.com\/en\/wp-json\/wp\/v2\/users\/1"}],"replies":[{"embeddable":true,"href":"https:\/\/www.sahitadeva.com\/en\/wp-json\/wp\/v2\/comments?post=13202"}],"version-history":[{"count":15,"href":"https:\/\/www.sahitadeva.com\/en\/wp-json\/wp\/v2\/pages\/13202\/revisions"}],"predecessor-version":[{"id":13512,"href":"https:\/\/www.sahitadeva.com\/en\/wp-json\/wp\/v2\/pages\/13202\/revisions\/13512"}],"wp:attachment":[{"href":"https:\/\/www.sahitadeva.com\/en\/wp-json\/wp\/v2\/media?parent=13202"}],"curies":[{"name":"wp","href":"https:\/\/api.w.org\/{rel}","templated":true}]}}