{"id":13203,"date":"2018-12-04T17:56:10","date_gmt":"2018-12-04T17:56:10","guid":{"rendered":"https:\/\/www.sahitadeva.com\/?page_id=13203"},"modified":"2019-01-15T15:21:34","modified_gmt":"2019-01-15T15:21:34","slug":"hipnoterapia-cognitiva","status":"publish","type":"page","link":"https:\/\/www.sahitadeva.com\/en\/hypnotherapy-cognitive\/","title":{"rendered":"Cognitive Hypnotherapy"},"content":{"rendered":"<div class=\"wpb-content-wrapper\"><div data-vc-full-width=\"true\" data-vc-full-width-init=\"false\" class=\"vc_row wpb_row vc_row-fluid vc_row-o-equal-height vc_row-o-content-middle vc_row-flex\"><div class=\"wpb_column vc_column_container vc_col-sm-12\"><div class=\"vc_column-inner\"><div class=\"wpb_wrapper\"><div id=\"1531461904157-a8ce8e3c-9af1\" class=\"dt-sc-empty-space\"><\/div><div class='dt-sc-title script-with-sub-title aligncenter'><h6>States of Trance<\/h6><h2>What is Cognitive Hypnotherapy?<\/h2><\/div><div id=\"1531461913542-4dcf32ef-d5f8\" class=\"dt-sc-empty-space\"><\/div>\r\n\t<div class=\"wpb_text_column wpb_content_element\" >\r\n\t\t<div class=\"wpb_wrapper\">\r\n\t\t\t<blockquote>\n<p>That also means that the Hypnotherapist can\u2019t read your mind, take control over you or make you do anything you wouldn\u2019t want to do. You will not lose your consciousness, you won\u2019t fall asleep forever or be sleeping at all, and it is definitely not dangerous.<\/p>\n<\/blockquote>\n<p><img loading=\"lazy\" decoding=\"async\" class=\"alignright wp-image-13494\" src=\"https:\/\/www.sahitadeva.com\/wp-content\/uploads\/2019\/01\/terapias-home-hipnoterapia-m.jpg\" alt=\"\" width=\"450\" height=\"450\" srcset=\"https:\/\/www.sahitadeva.com\/wp-content\/uploads\/2019\/01\/terapias-home-hipnoterapia-m.jpg 650w, https:\/\/www.sahitadeva.com\/wp-content\/uploads\/2019\/01\/terapias-home-hipnoterapia-m-150x150.jpg 150w, https:\/\/www.sahitadeva.com\/wp-content\/uploads\/2019\/01\/terapias-home-hipnoterapia-m-300x300.jpg 300w, https:\/\/www.sahitadeva.com\/wp-content\/uploads\/2019\/01\/terapias-home-hipnoterapia-m-540x540.jpg 540w, https:\/\/www.sahitadeva.com\/wp-content\/uploads\/2019\/01\/terapias-home-hipnoterapia-m-205x205.jpg 205w, https:\/\/www.sahitadeva.com\/wp-content\/uploads\/2019\/01\/terapias-home-hipnoterapia-m-420x420.jpg 420w\" sizes=\"auto, (max-width: 450px) 100vw, 450px\" \/>There are so many misunderstandings with Hypnotherapy I want to start by explaining what it is not. It is not anything like you might have seen on TV, in shows in hotels or on stage. These are purely for people\u2019s entertainment which has nothing to do with Hypnotherapy. That also means that the Hypnotherapist can\u2019t read your mind, take control over you or make you do anything you wouldn\u2019t want to do. You will not lose your consciousness, you won\u2019t fall asleep forever or be sleeping at all, and it is definitely not dangerous.<\/p>\n<p>Actually in Cognitive Hypnotherapy we believe you are in trance all the time with your eyes wide open! You go through different stages of states of trance during the day. Does that surprise you? For example, you are in trance when you watch TV and you don\u2019t recognise what\u2019s going on around you. You are in a trance when a spider becomes bigger and more dangerous in your eyes. You are in a trance when you are driving home and you can\u2019t remember the last few kilometres you\u2019ve driven. In Hypnotherapy we use techniques of relaxation to achieve your desired outcome of a problem. It is a bit like meditation, the only difference is that you are guided through it and that you have agreed on a purpose before going into relaxation.<\/p>\n<p>La t\u00e9cnica de Hipnoterapia cognitiva puede ayudarte a obtener el control de problemas o situaciones donde te sientes impotente, bloqueado, paralizado y con miedo. Es un enfoque terap\u00e9utico que combina ideas extra\u00eddas de la teor\u00eda cognitiva, psicolog\u00eda evolutiva y PNL (programaci\u00f3n Neuroling\u00fc\u00edstica). Tambi\u00e9n utiliza una teor\u00eda de los \u201cEstados de trance\u201d propuesto por Steven Wolinsky, dentro del enfoque desarrollado por el autor del libro \u00abWordweaving\u00bb (Tejer palabras) por Trevor Silvester (fundador del Quest institute), el cual contiene sugerencias para crear una terapia breve y efectiva.<\/p>\n<p>En la hipnoterapia cognitiva trabajamos con cada cliente de manera diferente, seg\u00fan su propia visi\u00f3n del mundo, necesidades y posibilidades de vida. \u00a0\u00abNo hay ninguna t\u00e9cnica que pueda funcionar igual con todos, pero todos pueden beneficiarse por lo menos de una de las t\u00e9cnicas\u00bb. (Trevor Silvester)<\/p>\n\r\n\t\t<\/div>\r\n\t<\/div>\r\n<a href='https:\/\/www.sahitadeva.com\/en\/reserva-cita\/' target='_self' title='' class='dt-sc-button   large   filled fully-rounded-corner' > Do you want to book an online consultation without obligation ? <\/a><div id=\"1543940433916-c7fcc70a-68d3\" class=\"dt-sc-empty-space\"><\/div><\/div><\/div><\/div><\/div><div class=\"vc_row-full-width vc_clearfix\"><\/div><div data-vc-full-width=\"true\" data-vc-full-width-init=\"false\" class=\"vc_row wpb_row vc_row-fluid dt-sc-icon-box-counter vc_custom_1533201620540 vc_row-has-fill\"><div class=\"wpb_column vc_column_container vc_col-sm-12\"><div class=\"vc_column-inner\"><div class=\"wpb_wrapper\"><div id=\"1544202752517-1f288e10-b3d3\" class=\"dt-sc-empty-space\"><\/div><div class='dt-sc-title script-with-sub-title dt-sc-dark-title aligncenter'><h6>help customers<\/h6><h2>\u00bf What is NLP ?<\/h2><\/div><div id=\"1531722202205-be10f66e-3618\" class=\"dt-sc-empty-space\"><\/div><\/div><\/div><\/div><\/div><div class=\"vc_row-full-width vc_clearfix\"><\/div><div data-vc-full-width=\"true\" data-vc-full-width-init=\"false\" class=\"vc_row wpb_row vc_row-fluid dt-sc-icon-box-counter vc_custom_1533201620540 vc_row-has-fill\"><div class=\"wpb_column vc_column_container vc_col-sm-12\"><div class=\"vc_column-inner\"><div class=\"wpb_wrapper\">\r\n\t<div class=\"wpb_text_column wpb_content_element\" >\r\n\t\t<div class=\"wpb_wrapper\">\r\n\t\t\t<blockquote>\n<p style=\"text-align: left;\">PNL programming (neurolinguistic programming) plays an important role in cognitive hypnotherapy.<\/p>\n<\/blockquote>\n<h3 style=\"text-align: left;\">\u00bf What is NLP ?<\/h3>\n<p style=\"text-align: left;\">NLP was created in the 70`s by John Grinder (assistant professor of linguistics) and Richard Bandler (student of psychology). The Initial purpose was to:<\/p>\n<ul style=\"text-align: left;\">\n<li>Model outstanding therapists<\/li>\n<li>Identify patterns of excellence<\/li>\n<li>To devise a means for other therapists to achieve similar results<\/li>\n<\/ul>\n<p style=\"text-align: left;\"><b>Use of NLP today is to help clients to:<\/b><\/p>\n<ul>\n<li style=\"text-align: left;\">Overcome problems<\/li>\n<li style=\"text-align: left;\">Exceed beyond their limitations<\/li>\n<li style=\"text-align: left;\">Achieve sporting excellence<\/li>\n<\/ul>\n<p>&nbsp;<\/p>\n<p style=\"text-align: left;\">\u00abUtilizando los principios de la PNL es posible describir cualquier actividad humana de una manera detallada, que permita realizar muchos cambios profundos, duraderos, r\u00e1pidos y f\u00e1ciles\u00bb &#8211; Steve Andreas (experto en PNL)<\/p>\n<p style=\"text-align: left;\">If you want to improve your life in any way don\u2019t hesitate in contacting me.<\/p>\n<p style=\"text-align: left;\"><strong>! Wellness awaits you!<\/strong><\/p>\n\r\n\t\t<\/div>\r\n\t<\/div>\r\n<div id=\"1543945725636-2e56a8f4-8927\" class=\"dt-sc-empty-space\"><\/div><\/div><\/div><\/div><\/div><div class=\"vc_row-full-width vc_clearfix\"><\/div><div data-vc-full-width=\"true\" data-vc-full-width-init=\"false\" class=\"vc_row wpb_row vc_row-fluid rs_parallax_remove vc_custom_1546889672849 vc_row-has-fill\"><div class=\"wpb_column vc_column_container vc_col-sm-12\"><div class=\"vc_column-inner\"><div class=\"wpb_wrapper\"><div id=\"1543945742000-611b6d18-ebcc\" class=\"dt-sc-empty-space\"><\/div><div class=\"vc_row wpb_row vc_inner vc_row-fluid\"><div class=\"rs_col-sm-12 wpb_column vc_column_container vc_col-sm-6\"><div class=\"vc_column-inner\"><div class=\"wpb_wrapper\"><div class='dt-sc-title script-with-sub-title alignleft'><h6><\/h6><h2>Book Appointment<\/h2><\/div><div id=\"1531468262776-4c296c19-4f1a\" class=\"dt-sc-empty-space\"><\/div>\n<div class=\"wpcf7 no-js\" id=\"wpcf7-f13339-o1\" lang=\"en-US\" dir=\"ltr\" data-wpcf7-id=\"13339\">\n<div class=\"screen-reader-response\"><p role=\"status\" aria-live=\"polite\" aria-atomic=\"true\"><\/p> <ul><\/ul><\/div>\n<form action=\"\/en\/wp-json\/wp\/v2\/pages\/13203#wpcf7-f13339-o1\" method=\"post\" class=\"wpcf7-form init\" aria-label=\"Contact form\" novalidate=\"novalidate\" data-status=\"init\" data-trp-original-action=\"\/en\/wp-json\/wp\/v2\/pages\/13203#wpcf7-f13339-o1\">\n<fieldset class=\"hidden-fields-container\"><input type=\"hidden\" name=\"_wpcf7\" value=\"13339\" \/><input type=\"hidden\" name=\"_wpcf7_version\" value=\"6.1.4\" \/><input type=\"hidden\" name=\"_wpcf7_locale\" value=\"en_US\" \/><input type=\"hidden\" name=\"_wpcf7_unit_tag\" value=\"wpcf7-f13339-o1\" \/><input type=\"hidden\" name=\"_wpcf7_container_post\" value=\"0\" \/><input type=\"hidden\" name=\"_wpcf7_posted_data_hash\" value=\"\" \/>\n<\/fieldset>\n<div class=\"vc_row wpb_row vc_row-fluid\"><div class=\"wpb_column vc_column_container vc_col-sm-3\"><div class=\"vc_column-inner\"><div class=\"wpb_wrapper\"><span class=\"wpcf7-form-control-wrap\" data-name=\"text-752\"><input size=\"40\" maxlength=\"400\" class=\"wpcf7-form-control wpcf7-text wpcf7-validates-as-required\" aria-required=\"true\" aria-invalid=\"false\" placeholder=\"First name*\" value=\"\" type=\"text\" name=\"text-752\" \/><\/span><div class='dt-sc-hr-invisible-medium'> <\/div><div class='dt-sc-clear'> <\/div><span class=\"wpcf7-form-control-wrap\" data-name=\"tel-60\"><input size=\"40\" maxlength=\"400\" class=\"wpcf7-form-control wpcf7-tel wpcf7-validates-as-required wpcf7-text wpcf7-validates-as-tel\" aria-required=\"true\" aria-invalid=\"false\" placeholder=\"Phone*\" value=\"\" type=\"tel\" name=\"tel-60\" \/><\/span><\/div><\/div><\/div><div class=\"wpb_column vc_column_container vc_col-sm-3\"><div class=\"vc_column-inner\"><div class=\"wpb_wrapper\"><span class=\"wpcf7-form-control-wrap\" data-name=\"email-654\"><input size=\"40\" maxlength=\"400\" class=\"wpcf7-form-control wpcf7-email wpcf7-validates-as-required wpcf7-text wpcf7-validates-as-email\" aria-required=\"true\" aria-invalid=\"false\" placeholder=\"Email*\" value=\"\" type=\"email\" name=\"email-654\" \/><\/span><div class='dt-sc-hr-invisible-medium'> <\/div><div class='dt-sc-clear'> <\/div><span class=\"wpcf7-form-control-wrap\" data-name=\"Category\"><select class=\"wpcf7-form-control wpcf7-select\" aria-invalid=\"false\" name=\"Category\"><option value=\"Selecciona Terapia\">Select Therapy<\/option><option value=\"ThetaHealing\u00ae\">ThetaHealing\u00ae<\/option><option value=\"Hipnoterapia Cognitiva\">Cognitive Hypnotherapy<\/option><option value=\"Tarot de \u00c1ngeles\">Tarot of Angels<\/option><\/select><\/span><\/div><\/div><\/div><div class=\"wpb_column vc_column_container vc_col-sm-3\"><div class=\"vc_column-inner\"><div class=\"wpb_wrapper\"><span class=\"wpcf7-form-control-wrap\" data-name=\"textarea-220\"><textarea cols=\"40\" rows=\"10\" maxlength=\"2000\" class=\"wpcf7-form-control wpcf7-textarea\" aria-invalid=\"false\" placeholder=\"Message*\" name=\"textarea-220\"><\/textarea><\/span><\/div><\/div><\/div><div class=\"wpb_column vc_column_container vc_col-sm-3\"><div class=\"vc_column-inner\"><div class=\"wpb_wrapper\"><\/div><\/div><\/div>\n<div class='dt-sc-clear'> <\/div><br \/>\n<div class=\"vc_row wpb_row vc_row-fluid\"><\/div><label>I have read and accept the privacy policy<br \/>\n<span class=\"wpcf7-form-control-wrap\" data-name=\"acceptance-914\"><span class=\"wpcf7-form-control wpcf7-acceptance\"><span class=\"wpcf7-list-item\"><input type=\"checkbox\" name=\"acceptance-914\" value=\"1\" aria-invalid=\"false\" \/><\/span><\/span><\/span><a href=\"https:\/\/www.sahitadeva.com\/en\/politica-de-privacidad\/\" target=\"_blank\" rel=\"noopener\">Privacy Policy<\/a> <\/label>\n<\/p>\n<p><label>Your personal data will be stored and processed by Margot Partridge for the purpose of contacting you. Legitimization is carried out through your express consent. You can access, rectify, limit or delete your data. More information in the <a href=\"https:\/\/www.sahitadeva.com\/en\/aviso-legal\/\">Legal Notice<\/a><\/label><\/div>\n<p><input class=\"wpcf7-form-control wpcf7-submit has-spinner\" type=\"submit\" value=\"Request an appointment\" \/>\n<\/p><div class=\"wpcf7-response-output\" aria-hidden=\"true\"><\/div>\n<input type=\"hidden\" name=\"trp-form-language\" value=\"en\"\/><\/form>\n<\/div>\n<\/div><\/div><\/div><div class=\"wpb_column vc_column_container vc_col-sm-6\"><div class=\"vc_column-inner\"><div class=\"wpb_wrapper\"><\/div><\/div><\/div><\/div><div id=\"1545403646328-e9999ed5-4266\" class=\"dt-sc-empty-space\"><\/div><\/div><\/div><\/div><\/div><div class=\"vc_row-full-width vc_clearfix\"><\/div><!-- Row Backgrounds --><div class=\"upb_bg_img\" data-ultimate-bg=\"url(https:\/\/www.sahitadeva.com\/wp-content\/uploads\/2019\/01\/cta-fondo.jpg)\" data-image-id=\"id^13449|url^https:\/\/www.sahitadeva.com\/wp-content\/uploads\/2019\/01\/cta-fondo.jpg|caption^null|alt^null|title^cta-fondo|description^null\" data-ultimate-bg-style=\"vcpb-default\" data-bg-img-repeat=\"no-repeat\" data-bg-img-size=\"cover\" data-bg-img-position=\"\" data-parallx_sense=\"30\" data-bg-override=\"0\" data-bg_img_attach=\"scroll\" data-upb-overlay-color=\"\" data-upb-bg-animation=\"\" data-fadeout=\"\" data-bg-animation=\"left-animation\" data-bg-animation-type=\"h\" data-animation-repeat=\"repeat\" data-fadeout-percentage=\"30\" data-parallax-content=\"\" data-parallax-content-sense=\"30\" data-row-effect-mobile-disable=\"true\" data-img-parallax-mobile-disable=\"true\" data-rtl=\"false\"  data-custom-vc-row=\"\"  data-vc=\"8.7.2\"  data-is_old_vc=\"\"  data-theme-support=\"\"   data-overlay=\"false\" data-overlay-color=\"\" data-overlay-pattern=\"\" data-overlay-pattern-opacity=\"\" data-overlay-pattern-size=\"\"    ><\/div>\n<\/div>","protected":false},"excerpt":{"rendered":"Estados de Trance\u00bf Qu\u00e9 es la Hipnoterapia Cognitiva ? El hipnoterapeuta no puede leer tu mente, no puede tomar control sobre ti o hacer, que hagas algo, que no querr\u00edas hacer. No perder\u00e1s tu consciente, no vas a dormirte ni parcial ni totalmente, definitivamente no es peligroso Como hay tantos malentendidos sobre hipnoterapia quiero empezar [...]","protected":false},"author":1,"featured_media":0,"parent":0,"menu_order":0,"comment_status":"closed","ping_status":"closed","template":"","meta":{"footnotes":""},"class_list":["post-13203","page","type-page","status-publish","hentry"],"aioseo_notices":[],"_links":{"self":[{"href":"https:\/\/www.sahitadeva.com\/en\/wp-json\/wp\/v2\/pages\/13203","targetHints":{"allow":["GET"]}}],"collection":[{"href":"https:\/\/www.sahitadeva.com\/en\/wp-json\/wp\/v2\/pages"}],"about":[{"href":"https:\/\/www.sahitadeva.com\/en\/wp-json\/wp\/v2\/types\/page"}],"author":[{"embeddable":true,"href":"https:\/\/www.sahitadeva.com\/en\/wp-json\/wp\/v2\/users\/1"}],"replies":[{"embeddable":true,"href":"https:\/\/www.sahitadeva.com\/en\/wp-json\/wp\/v2\/comments?post=13203"}],"version-history":[{"count":14,"href":"https:\/\/www.sahitadeva.com\/en\/wp-json\/wp\/v2\/pages\/13203\/revisions"}],"predecessor-version":[{"id":13511,"href":"https:\/\/www.sahitadeva.com\/en\/wp-json\/wp\/v2\/pages\/13203\/revisions\/13511"}],"wp:attachment":[{"href":"https:\/\/www.sahitadeva.com\/en\/wp-json\/wp\/v2\/media?parent=13203"}],"curies":[{"name":"wp","href":"https:\/\/api.w.org\/{rel}","templated":true}]}}