{"id":13272,"date":"2018-12-07T18:13:02","date_gmt":"2018-12-07T18:13:02","guid":{"rendered":"https:\/\/www.sahitadeva.com\/?page_id=13272"},"modified":"2019-02-04T14:04:09","modified_gmt":"2019-02-04T14:04:09","slug":"manifestacion-y-abundancia","status":"publish","type":"page","link":"https:\/\/www.sahitadeva.com\/en\/manifestation-and-abundance\/","title":{"rendered":"Manifestation and Abundance"},"content":{"rendered":"<div class=\"wpb-content-wrapper\"><div class=\"vc_row wpb_row vc_row-fluid wpb_animate_when_almost_visible wpb_fadeInUp fadeInUp\"><div class=\"wpb_column vc_column_container vc_col-sm-12\"><div class=\"vc_column-inner\"><div class=\"wpb_wrapper\"><div class='dt-sc-title script-with-sub-title'><h6>Elevation<\/h6><h2>MANIFESTING AND ABUNDANCE COURSE<\/h2><\/div><div id=\"1532502419397-d80678f6-8060\" class=\"dt-sc-empty-space\"><\/div><div class=\"vc_row wpb_row vc_inner vc_row-fluid\"><div class=\"wpb_column vc_column_container vc_col-sm-8\"><div class=\"vc_column-inner\"><div class=\"wpb_wrapper\">\r\n\t<div class=\"wpb_text_column wpb_content_element  vc_custom_1547379567169\" >\r\n\t\t<div class=\"wpb_wrapper\">\r\n\t\t\t<p>This course will teach you how to use ThetaHealing\u00ae in the best way to ensure success in all aspects of your life.<\/p>\n\r\n\t\t<\/div>\r\n\t<\/div>\r\n<\/div><\/div><\/div><div class=\"wpb_column vc_column_container vc_col-sm-4\"><div class=\"vc_column-inner\"><div class=\"wpb_wrapper\"><img loading=\"lazy\" decoding=\"async\" width=\"234\" height=\"205\" src=\"https:\/\/www.sahitadeva.com\/wp-content\/uploads\/2018\/12\/manifesting.jpg\" class=\"aligncenter attachment-full\" alt=\"\" title=\"manifesting\" \/><\/div><\/div><\/div><\/div><div id=\"1532502611906-d10e8b80-0001\" class=\"dt-sc-empty-space\"><\/div><div id=\"1532502758529-7d5a2ddf-3ba3\" class=\"dt-sc-empty-space\"><\/div><blockquote class='type1' ><q>In this course, We will change the reality to make room for relationships, careers, and purpose that we want to acquire.\nIn terms of wealth, financial wealth is nothing but the energetic tool needed to fulfill our mission \/ goals on this earth.<\/q><\/blockquote><div id=\"1532503089147-1d0f9687-4116\" class=\"dt-sc-empty-space\"><\/div><div class=\"vc_row wpb_row vc_inner vc_row-fluid\"><div class=\"rs_col-sm-12 wpb_column vc_column_container vc_col-sm-6 vc_col-lg-6 vc_col-md-12\"><div class=\"vc_column-inner\"><div class=\"wpb_wrapper\"><h2>In this course you will learn<\/h2><strong>You continue learning and learning (not a one-shot deal):<\/strong><\/p>\n<ul class='dt-sc-fancy-list  dt-skin-primary-color circle-bullet'>\n<li>Possible blockages to solve<\/li>\n<li>How to set his intentions and make a plan<\/li>\n<li>Track your ideas to achieve success.<\/li>\n<li>Important universal self-discovery techniques so you can use your full potential.<\/li>\n<li>How to use ThetaHealing\u00ae techniques to download objects and things to enhance your emotional wellbeing and create virtues and abundance in all areas of your life.<\/li>\n<\/ul><\/div><\/div><\/div><\/div><div id=\"1545403064163-9e5b4f52-c1f5\" class=\"dt-sc-empty-space\"><\/div><\/div><\/div><\/div><\/div><div class=\"vc_row wpb_row vc_row-fluid\"><div class=\"wpb_column vc_column_container vc_col-sm-12\"><div class=\"vc_column-inner\"><div class=\"wpb_wrapper\">\r\n\t<div class=\"wpb_text_column wpb_content_element  vc_custom_1545402983236\" >\r\n\t\t<div class=\"wpb_wrapper\">\r\n\t\t\t<p>In ThetaHealing, the concept of manifestation is the belief that it is possible to create something in the physical using the power of the Creator-of-All.<\/p>\n<p>By using the checklist as presented in the Manifest &amp; Excess Traineeship course, you will gain additional insights on how to keep and resolve the beliefs on the 4 levels, core, genetics, history, and soul.<\/p>\n<p>&nbsp;<\/p>\n<p><b>Prerequisite:<\/b> BASIC DNA, CONSTRUCTION DNA and DIG DEEPER<\/p>\n<p><b>Includes:<\/b> Internationally recognized certificate and manual<\/p>\n<p><b>Duration:<\/b> 2 consecutive days or 3 consecutive afternoons<\/p>\n\r\n\t\t<\/div>\r\n\t<\/div>\r\n<div id=\"1543948980420-bd45d249-1852\" class=\"dt-sc-empty-space\"><\/div><h2>Book your place<\/h2><\/div><\/div><\/div><\/div><div class=\"vc_row wpb_row vc_row-fluid vc_custom_1546890749703 vc_row-has-fill\"><div class=\"wpb_column vc_column_container vc_col-sm-12\"><div class=\"vc_column-inner\"><div class=\"wpb_wrapper\">\n<div class=\"wpcf7 no-js\" id=\"wpcf7-f13338-o1\" lang=\"en-US\" dir=\"ltr\" data-wpcf7-id=\"13338\">\n<div class=\"screen-reader-response\"><p role=\"status\" aria-live=\"polite\" aria-atomic=\"true\"><\/p> <ul><\/ul><\/div>\n<form action=\"\/en\/wp-json\/wp\/v2\/pages\/13272#wpcf7-f13338-o1\" method=\"post\" class=\"wpcf7-form init\" aria-label=\"Contact form\" novalidate=\"novalidate\" data-status=\"init\" data-trp-original-action=\"\/en\/wp-json\/wp\/v2\/pages\/13272#wpcf7-f13338-o1\">\n<fieldset class=\"hidden-fields-container\"><input type=\"hidden\" name=\"_wpcf7\" value=\"13338\" \/><input type=\"hidden\" name=\"_wpcf7_version\" value=\"6.1.4\" \/><input type=\"hidden\" name=\"_wpcf7_locale\" value=\"en_US\" \/><input type=\"hidden\" name=\"_wpcf7_unit_tag\" value=\"wpcf7-f13338-o1\" \/><input type=\"hidden\" name=\"_wpcf7_container_post\" value=\"0\" \/><input type=\"hidden\" name=\"_wpcf7_posted_data_hash\" value=\"\" \/>\n<\/fieldset>\n<div class=\"vc_row wpb_row vc_row-fluid\"><div class=\"wpb_column vc_column_container vc_col-sm-3\"><div class=\"vc_column-inner\"><div class=\"wpb_wrapper\"><span class=\"wpcf7-form-control-wrap\" data-name=\"text-752\"><input size=\"40\" maxlength=\"400\" class=\"wpcf7-form-control wpcf7-text wpcf7-validates-as-required\" aria-required=\"true\" aria-invalid=\"false\" placeholder=\"First name*\" value=\"\" type=\"text\" name=\"text-752\" \/><\/span><div class='dt-sc-hr-invisible-medium'> <\/div><div class='dt-sc-clear'> <\/div><span class=\"wpcf7-form-control-wrap\" data-name=\"tel-60\"><input size=\"40\" maxlength=\"400\" class=\"wpcf7-form-control wpcf7-tel wpcf7-validates-as-required wpcf7-text wpcf7-validates-as-tel\" aria-required=\"true\" aria-invalid=\"false\" placeholder=\"Phone*\" value=\"\" type=\"tel\" name=\"tel-60\" \/><\/span><\/div><\/div><\/div><div class=\"wpb_column vc_column_container vc_col-sm-3\"><div class=\"vc_column-inner\"><div class=\"wpb_wrapper\"><span class=\"wpcf7-form-control-wrap\" data-name=\"email-654\"><input size=\"40\" maxlength=\"400\" class=\"wpcf7-form-control wpcf7-email wpcf7-validates-as-required wpcf7-text wpcf7-validates-as-email\" aria-required=\"true\" aria-invalid=\"false\" placeholder=\"Email*\" value=\"\" type=\"email\" name=\"email-654\" \/><\/span><div class='dt-sc-hr-invisible-medium'> <\/div><div class='dt-sc-clear'> <\/div><span class=\"wpcf7-form-control-wrap\" data-name=\"Category\"><select class=\"wpcf7-form-control wpcf7-select\" aria-invalid=\"false\" name=\"Category\"><option value=\"Selecciona Curso\">Select Course<\/option><option value=\"Curso ADN B\u00e1sico\">Basic DNA Course<\/option><option value=\"Curso ADN Avanzado\">Advanced DNA Course<\/option><option value=\"Indagaci\u00f3n Profunda\">Dig Deeper<\/option><option value=\"Manifestaci\u00f3n y Abundancia\">Manifestation and Abundance<\/option><\/select><\/span><\/div><\/div><\/div><div class=\"wpb_column vc_column_container vc_col-sm-3\"><div class=\"vc_column-inner\"><div class=\"wpb_wrapper\"><span class=\"wpcf7-form-control-wrap\" data-name=\"textarea-220\"><textarea cols=\"40\" rows=\"10\" maxlength=\"2000\" class=\"wpcf7-form-control wpcf7-textarea\" aria-invalid=\"false\" placeholder=\"Message*\" name=\"textarea-220\"><\/textarea><\/span><\/div><\/div><\/div><div class=\"wpb_column vc_column_container vc_col-sm-3\"><div class=\"vc_column-inner\"><div class=\"wpb_wrapper\"><\/div><\/div><\/div>\n<div class='dt-sc-clear'> <\/div><br \/>\n<div class=\"vc_row wpb_row vc_row-fluid\"><\/div><label>I have read and accept the privacy policy<br \/>\n<span class=\"wpcf7-form-control-wrap\" data-name=\"acceptance-914\"><span class=\"wpcf7-form-control wpcf7-acceptance\"><span class=\"wpcf7-list-item\"><input type=\"checkbox\" name=\"acceptance-914\" value=\"1\" aria-invalid=\"false\" \/><\/span><\/span><\/span><a href=\"https:\/\/www.sahitadeva.com\/en\/politica-de-privacidad\/\" target=\"_blank\" rel=\"noopener\">Privacy Policy<\/a> <\/label>\n<\/p>\n<p><label>Your personal data will be stored and processed by Margot Partridge for the purpose of contacting you. Legitimization is carried out through your express consent. You can access, rectify, limit or delete your data. More information in the <a href=\"https:\/\/www.sahitadeva.com\/en\/aviso-legal\/\">Legal Notice<\/a><\/label><\/div>\n<p><input class=\"wpcf7-form-control wpcf7-submit has-spinner\" type=\"submit\" value=\"Request an appointment\" \/>\n<\/p><div class=\"wpcf7-response-output\" aria-hidden=\"true\"><\/div>\n<input type=\"hidden\" name=\"trp-form-language\" value=\"en\"\/><\/form>\n<\/div>\n<\/div><\/div><\/div><\/div>\n<\/div>","protected":false},"excerpt":{"rendered":"Elevaci\u00f3nCurso Manifestaci\u00f3n y Abundancia Este curso te ense\u00f1ar\u00e1 c\u00f3mo usar ThetaHealing\u00ae de la mejor manera para asegurarle el \u00e9xito en todos los aspectos de tu vida. Cambiaremos la realidad para crear un espacio para las relaciones, las carreras y el prop\u00f3sito en la vida que queremos invitar. En cuanto a la riqueza, tener abundancia financiera [...]","protected":false},"author":1,"featured_media":0,"parent":0,"menu_order":0,"comment_status":"closed","ping_status":"closed","template":"tpl-sidenavigation.php","meta":{"footnotes":""},"class_list":["post-13272","page","type-page","status-publish","hentry"],"aioseo_notices":[],"_links":{"self":[{"href":"https:\/\/www.sahitadeva.com\/en\/wp-json\/wp\/v2\/pages\/13272","targetHints":{"allow":["GET"]}}],"collection":[{"href":"https:\/\/www.sahitadeva.com\/en\/wp-json\/wp\/v2\/pages"}],"about":[{"href":"https:\/\/www.sahitadeva.com\/en\/wp-json\/wp\/v2\/types\/page"}],"author":[{"embeddable":true,"href":"https:\/\/www.sahitadeva.com\/en\/wp-json\/wp\/v2\/users\/1"}],"replies":[{"embeddable":true,"href":"https:\/\/www.sahitadeva.com\/en\/wp-json\/wp\/v2\/comments?post=13272"}],"version-history":[{"count":8,"href":"https:\/\/www.sahitadeva.com\/en\/wp-json\/wp\/v2\/pages\/13272\/revisions"}],"predecessor-version":[{"id":13576,"href":"https:\/\/www.sahitadeva.com\/en\/wp-json\/wp\/v2\/pages\/13272\/revisions\/13576"}],"wp:attachment":[{"href":"https:\/\/www.sahitadeva.com\/en\/wp-json\/wp\/v2\/media?parent=13272"}],"curies":[{"name":"wp","href":"https:\/\/api.w.org\/{rel}","templated":true}]}}