{"id":13273,"date":"2018-12-07T17:59:54","date_gmt":"2018-12-07T17:59:54","guid":{"rendered":"https:\/\/www.sahitadeva.com\/?page_id=13273"},"modified":"2019-02-04T14:03:52","modified_gmt":"2019-02-04T14:03:52","slug":"curso-adn-avanzado","status":"publish","type":"page","link":"https:\/\/www.sahitadeva.com\/en\/advanced-dna-course\/","title":{"rendered":"Advanced DNA Course"},"content":{"rendered":"<div class=\"wpb-content-wrapper\"><div class=\"vc_row wpb_row vc_row-fluid wpb_animate_when_almost_visible wpb_fadeInUp fadeInUp\"><div class=\"wpb_column vc_column_container vc_col-sm-12\"><div class=\"vc_column-inner\"><div class=\"wpb_wrapper\"><div class='dt-sc-title script-with-sub-title'><h6>Evolution<\/h6><h2>Advanced DNA Course<\/h2><\/div><div id=\"1546890205379-405c5e22-2452\" class=\"dt-sc-empty-space\"><\/div><div class=\"vc_row wpb_row vc_inner vc_row-fluid\"><div class=\"wpb_column vc_column_container vc_col-sm-8\"><div class=\"vc_column-inner\"><div class=\"wpb_wrapper\">\r\n\t<div class=\"wpb_text_column wpb_content_element  vc_custom_1549289020481\" >\r\n\t\t<div class=\"wpb_wrapper\">\r\n\t\t\t<p>In this Advanced ThetaHealing\u00ae course you will expand the formation of Basic DNA.<\/p>\n\r\n\t\t<\/div>\r\n\t<\/div>\r\n<\/div><\/div><\/div><div class=\"wpb_column vc_column_container vc_col-sm-4\"><div class=\"vc_column-inner\"><div class=\"wpb_wrapper\"><img loading=\"lazy\" decoding=\"async\" width=\"260\" height=\"178\" src=\"https:\/\/www.sahitadeva.com\/wp-content\/uploads\/2018\/12\/advanced.jpg\" class=\"aligncenter attachment-full\" alt=\"\" title=\"advanced\" \/><\/div><\/div><\/div><\/div><div id=\"1546890205384-b88ff142-b2e8\" class=\"dt-sc-empty-space\"><\/div><div id=\"1546890205394-5c72e775-f771\" class=\"dt-sc-empty-space\"><\/div><blockquote class='type1' ><q>This course teaches you the creation of feelings, one of the most powerful techniques of ThetaHealing\u00ae, which allows us to make changes easily. Thus, you can learn what it feels like to be loved, honored,ect. During the course you will be downloaded an extensive list of positive programs and feelings (health, peace, motivation, joy,  success ...) and you learn to eliminate negative feelings (fear, pain, anger, discouragement ...) so that decisive changes in life can be achieved. It is a wonderful experience for the students, as they will be filled with new feelings.<\/q><\/blockquote><div id=\"1546890205395-7efb3d03-acb9\" class=\"dt-sc-empty-space\"><\/div><div id=\"1546890205398-13a4d3c1-81ad\" class=\"dt-sc-empty-space\"><\/div><div class=\"vc_row wpb_row vc_inner vc_row-fluid\"><div class=\"rs_col-sm-12 wpb_column vc_column_container vc_col-sm-6 vc_col-lg-6 vc_col-md-12\"><div class=\"vc_column-inner\"><div class=\"wpb_wrapper\"><h2>In addition you will learn how to:<\/h2><ul class='dt-sc-fancy-list  dt-skin-primary-color circle-bullet'>\n<li>Send unconditional love to the mother's womb<\/li>\n<li>Heal a broken soul<\/li>\n<li>Connect and communication with minerals, plants and animals<\/li>\n<li>Connect with your Higher Self<\/li>\n<li>Connect with the ancestors<\/li>\n<li>Remove resentments, oaths and commitments from the past<\/li>\n<li>And much, much more\u2026<\/li>\n<\/ul><div id=\"1546890205401-80def2e5-efbd\" class=\"dt-sc-empty-space\"><\/div>\r\n\t<div class=\"wpb_text_column wpb_content_element\" >\r\n\t\t<div class=\"wpb_wrapper\">\r\n\t\t\t\r\n\t\t<\/div>\r\n\t<\/div>\r\n<\/div><\/div><\/div><\/div><\/div><\/div><\/div><\/div><div class=\"vc_row wpb_row vc_row-fluid\"><div class=\"wpb_column vc_column_container vc_col-sm-12\"><div class=\"vc_column-inner\"><div class=\"wpb_wrapper\">\r\n\t<div class=\"wpb_text_column wpb_content_element  vc_custom_1545402698646\" >\r\n\t\t<div class=\"wpb_wrapper\">\r\n\t\t\t<p><b>Prerequisite:<\/b> BASIC DNA course completed<\/p>\n<p><b>Includes:<\/b> Certificate with international curricular value, Vianna Stibal's book and manual.<\/p>\n<p><b>Duration:<\/b> 3 consecutive days (Friday afternoon, Saturday and Sunday)<\/p>\n<p>Absolving this course you will have a solid foundation integraiting the main tools of ThetaHealing\u00ae to heal any problem in youself or in others.<\/p>\n\r\n\t\t<\/div>\r\n\t<\/div>\r\n<div id=\"1532502758529-7d5a2ddf-3ba3\" class=\"dt-sc-empty-space\"><\/div><h2>Book your place<\/h2><\/div><\/div><\/div><\/div><div class=\"vc_row wpb_row vc_row-fluid vc_custom_1546890486647 vc_row-has-fill\"><div class=\"wpb_column vc_column_container vc_col-sm-12\"><div class=\"vc_column-inner\"><div class=\"wpb_wrapper\"><div id=\"1546890440311-0ce9d8a1-2baf\" class=\"dt-sc-empty-space\"><\/div>\n<div class=\"wpcf7 no-js\" id=\"wpcf7-f13338-o1\" lang=\"en-US\" dir=\"ltr\" data-wpcf7-id=\"13338\">\n<div class=\"screen-reader-response\"><p role=\"status\" aria-live=\"polite\" aria-atomic=\"true\"><\/p> <ul><\/ul><\/div>\n<form action=\"\/en\/wp-json\/wp\/v2\/pages\/13273#wpcf7-f13338-o1\" method=\"post\" class=\"wpcf7-form init\" aria-label=\"Contact form\" novalidate=\"novalidate\" data-status=\"init\" data-trp-original-action=\"\/en\/wp-json\/wp\/v2\/pages\/13273#wpcf7-f13338-o1\">\n<fieldset class=\"hidden-fields-container\"><input type=\"hidden\" name=\"_wpcf7\" value=\"13338\" \/><input type=\"hidden\" name=\"_wpcf7_version\" value=\"6.1.4\" \/><input type=\"hidden\" name=\"_wpcf7_locale\" value=\"en_US\" \/><input type=\"hidden\" name=\"_wpcf7_unit_tag\" value=\"wpcf7-f13338-o1\" \/><input type=\"hidden\" name=\"_wpcf7_container_post\" value=\"0\" \/><input type=\"hidden\" name=\"_wpcf7_posted_data_hash\" value=\"\" \/>\n<\/fieldset>\n<div class=\"vc_row wpb_row vc_row-fluid\"><div class=\"wpb_column vc_column_container vc_col-sm-3\"><div class=\"vc_column-inner\"><div class=\"wpb_wrapper\"><span class=\"wpcf7-form-control-wrap\" data-name=\"text-752\"><input size=\"40\" maxlength=\"400\" class=\"wpcf7-form-control wpcf7-text wpcf7-validates-as-required\" aria-required=\"true\" aria-invalid=\"false\" placeholder=\"First name*\" value=\"\" type=\"text\" name=\"text-752\" \/><\/span><div class='dt-sc-hr-invisible-medium'> <\/div><div class='dt-sc-clear'> <\/div><span class=\"wpcf7-form-control-wrap\" data-name=\"tel-60\"><input size=\"40\" maxlength=\"400\" class=\"wpcf7-form-control wpcf7-tel wpcf7-validates-as-required wpcf7-text wpcf7-validates-as-tel\" aria-required=\"true\" aria-invalid=\"false\" placeholder=\"Phone*\" value=\"\" type=\"tel\" name=\"tel-60\" \/><\/span><\/div><\/div><\/div><div class=\"wpb_column vc_column_container vc_col-sm-3\"><div class=\"vc_column-inner\"><div class=\"wpb_wrapper\"><span class=\"wpcf7-form-control-wrap\" data-name=\"email-654\"><input size=\"40\" maxlength=\"400\" class=\"wpcf7-form-control wpcf7-email wpcf7-validates-as-required wpcf7-text wpcf7-validates-as-email\" aria-required=\"true\" aria-invalid=\"false\" placeholder=\"Email*\" value=\"\" type=\"email\" name=\"email-654\" \/><\/span><div class='dt-sc-hr-invisible-medium'> <\/div><div class='dt-sc-clear'> <\/div><span class=\"wpcf7-form-control-wrap\" data-name=\"Category\"><select class=\"wpcf7-form-control wpcf7-select\" aria-invalid=\"false\" name=\"Category\"><option value=\"Selecciona Curso\">Select Course<\/option><option value=\"Curso ADN B\u00e1sico\">Basic DNA Course<\/option><option value=\"Curso ADN Avanzado\">Advanced DNA Course<\/option><option value=\"Indagaci\u00f3n Profunda\">Dig Deeper<\/option><option value=\"Manifestaci\u00f3n y Abundancia\">Manifestation and Abundance<\/option><\/select><\/span><\/div><\/div><\/div><div class=\"wpb_column vc_column_container vc_col-sm-3\"><div class=\"vc_column-inner\"><div class=\"wpb_wrapper\"><span class=\"wpcf7-form-control-wrap\" data-name=\"textarea-220\"><textarea cols=\"40\" rows=\"10\" maxlength=\"2000\" class=\"wpcf7-form-control wpcf7-textarea\" aria-invalid=\"false\" placeholder=\"Message*\" name=\"textarea-220\"><\/textarea><\/span><\/div><\/div><\/div><div class=\"wpb_column vc_column_container vc_col-sm-3\"><div class=\"vc_column-inner\"><div class=\"wpb_wrapper\"><\/div><\/div><\/div>\n<div class='dt-sc-clear'> <\/div><br \/>\n<div class=\"vc_row wpb_row vc_row-fluid\"><\/div><label>I have read and accept the privacy policy<br \/>\n<span class=\"wpcf7-form-control-wrap\" data-name=\"acceptance-914\"><span class=\"wpcf7-form-control wpcf7-acceptance\"><span class=\"wpcf7-list-item\"><input type=\"checkbox\" name=\"acceptance-914\" value=\"1\" aria-invalid=\"false\" \/><\/span><\/span><\/span><a href=\"https:\/\/www.sahitadeva.com\/en\/politica-de-privacidad\/\" target=\"_blank\" rel=\"noopener\">Privacy Policy<\/a> <\/label>\n<\/p>\n<p><label>Your personal data will be stored and processed by Margot Partridge for the purpose of contacting you. Legitimization is carried out through your express consent. You can access, rectify, limit or delete your data. More information in the <a href=\"https:\/\/www.sahitadeva.com\/en\/aviso-legal\/\">Legal Notice<\/a><\/label><\/div>\n<p><input class=\"wpcf7-form-control wpcf7-submit has-spinner\" type=\"submit\" value=\"Request an appointment\" \/>\n<\/p><div class=\"wpcf7-response-output\" aria-hidden=\"true\"><\/div>\n<input type=\"hidden\" name=\"trp-form-language\" value=\"en\"\/><\/form>\n<\/div>\n<\/div><\/div><\/div><\/div>\n<\/div>","protected":false},"excerpt":{"rendered":"Evoluci\u00f3nCurso ADN Avanzado En este curso Avanzado de ThetaHealing\u00ae ampliaras la formaci\u00f3n del ADN B\u00e1sico. En este curso se profundiza en la creaci\u00f3n de sentimientos, una de las t\u00e9cnicas m\u00e1s poderosas de&nbsp;ThetaHealing\u00ae, &nbsp;que nos permite realizar cambios con facilidad. As\u00ed, se puede ense\u00f1ar lo que se siente al ser amado, honrado y respetado, y durante [...]","protected":false},"author":1,"featured_media":13470,"parent":0,"menu_order":0,"comment_status":"closed","ping_status":"closed","template":"tpl-sidenavigation.php","meta":{"footnotes":""},"class_list":["post-13273","page","type-page","status-publish","has-post-thumbnail","hentry"],"aioseo_notices":[],"_links":{"self":[{"href":"https:\/\/www.sahitadeva.com\/en\/wp-json\/wp\/v2\/pages\/13273","targetHints":{"allow":["GET"]}}],"collection":[{"href":"https:\/\/www.sahitadeva.com\/en\/wp-json\/wp\/v2\/pages"}],"about":[{"href":"https:\/\/www.sahitadeva.com\/en\/wp-json\/wp\/v2\/types\/page"}],"author":[{"embeddable":true,"href":"https:\/\/www.sahitadeva.com\/en\/wp-json\/wp\/v2\/users\/1"}],"replies":[{"embeddable":true,"href":"https:\/\/www.sahitadeva.com\/en\/wp-json\/wp\/v2\/comments?post=13273"}],"version-history":[{"count":11,"href":"https:\/\/www.sahitadeva.com\/en\/wp-json\/wp\/v2\/pages\/13273\/revisions"}],"predecessor-version":[{"id":13578,"href":"https:\/\/www.sahitadeva.com\/en\/wp-json\/wp\/v2\/pages\/13273\/revisions\/13578"}],"wp:featuredmedia":[{"embeddable":true,"href":"https:\/\/www.sahitadeva.com\/en\/wp-json\/wp\/v2\/media\/13470"}],"wp:attachment":[{"href":"https:\/\/www.sahitadeva.com\/en\/wp-json\/wp\/v2\/media?parent=13273"}],"curies":[{"name":"wp","href":"https:\/\/api.w.org\/{rel}","templated":true}]}}