{"id":13274,"date":"2018-12-07T17:41:54","date_gmt":"2018-12-07T17:41:54","guid":{"rendered":"https:\/\/www.sahitadeva.com\/?page_id=13274"},"modified":"2019-02-05T11:23:49","modified_gmt":"2019-02-05T11:23:49","slug":"curso-adn-basico","status":"publish","type":"page","link":"https:\/\/www.sahitadeva.com\/en\/basic-dna-course\/","title":{"rendered":"Basic DNA Course"},"content":{"rendered":"<div class=\"wpb-content-wrapper\"><div class=\"vc_row wpb_row vc_row-fluid wpb_animate_when_almost_visible wpb_fadeInUp fadeInUp\"><div class=\"wpb_column vc_column_container vc_col-sm-12\"><div class=\"vc_column-inner\"><div class=\"wpb_wrapper\"><div class='dt-sc-title script-with-sub-title'><h6>Initiation<\/h6><h2>Basic DNA Course<\/h2><\/div><div id=\"1532502419397-d80678f6-8060\" class=\"dt-sc-empty-space\"><\/div><div class=\"vc_row wpb_row vc_inner vc_row-fluid\"><div class=\"wpb_column vc_column_container vc_col-sm-8\"><div class=\"vc_column-inner\"><div class=\"wpb_wrapper\">\r\n\t<div class=\"wpb_text_column wpb_content_element  vc_custom_1549288983307\" >\r\n\t\t<div class=\"wpb_wrapper\">\r\n\t\t\t<p>In this course you will learn how ThetaHealing\u00ae, a form of meditation, is used in a                                simple and fun way to teach you to get to know yourself better and how you easily make the changes you want in your life, including physical, psychological and spiritual healing.<\/p>\n\r\n\t\t<\/div>\r\n\t<\/div>\r\n<div id=\"1543949106128-817a47da-f690\" class=\"dt-sc-empty-space\"><\/div><h2>In this course you will learn<\/h2><p style=\"text-align: left;\">This is the first course of ThetaHealin\u00aeg technique, the basics of ThetaHealing\u00ae technique will be presented and some things you will learn are:<\/p>\n<ul class='dt-sc-fancy-list  dt-skin-primary-color circle-bullet'>\n<li style=\"text-align: left;\">To enter the brain theta wave and how to work together with the Creator of All That is to create any positive change quickly and easily.<\/li>\n<li style=\"text-align: left;\">How to do intuitive readings.<\/li>\n<li style=\"text-align: left;\">Different ways of muscle testing (kinesiology)<\/li>\n<li style=\"text-align: left;\">A identificar tus patrones limitantes, vas a ver de d\u00f3nde provienen (nivel fundamental,\u00a0gen\u00e9tico, hist\u00f3rico y del alma) y aprender\u00e1s como cambiarlos con facilidad. De ese modo\u00a0vas a eliminar aquello que ahora bloquea tu crecimiento personal en cualquier \u00e1rea de tu vida.<\/li>\n<li style=\"text-align: left;\">A identificar tus creencias negativas y limitantes y cambiarlas por\u00a0creencias positivas que apoyan tu crecimiento personal y te ayudan a manifestar la vida que\u00a0deseas.<\/li>\n<li style=\"text-align: left;\">What are the different Plans of Existence.<\/li>\n<li style=\"text-align: left;\">You will receive the activation of your DNA.<\/li>\n<li style=\"text-align: left;\">And the activation of fountain of youth.<\/li>\n<li style=\"text-align: left;\">La Manifestaci\u00f3n y como crear la realidad que deseas y alinearte con\u00a0ella<\/li>\n<li style=\"text-align: left;\">And much, much more !<\/li>\n<\/ul><\/div><\/div><\/div><div class=\"wpb_column vc_column_container vc_col-sm-4\"><div class=\"vc_column-inner\"><div class=\"wpb_wrapper\"><img loading=\"lazy\" decoding=\"async\" width=\"257\" height=\"181\" src=\"https:\/\/www.sahitadeva.com\/wp-content\/uploads\/2018\/12\/basic.jpg\" class=\"aligncenter attachment-full\" alt=\"\" title=\"basic\" \/><\/div><\/div><\/div><\/div><div id=\"1532502611906-d10e8b80-0001\" class=\"dt-sc-empty-space\"><\/div><div id=\"1532503473908-c35a93a0-b985\" class=\"dt-sc-empty-space\"><\/div><blockquote class='type1' ><q>With this course you will become a ThetaHealing\u00ae practitioner, with the possibility of working on you and other people.\nThis course will be a framework in your life. It is your divine right to know who you really are and to use your full potential.<\/q><\/blockquote><div id=\"1532503918869-6cc54160-62dd\" class=\"dt-sc-empty-space\"><\/div>\r\n\t<div class=\"wpb_text_column wpb_content_element  vc_custom_1544204810516\" >\r\n\t\t<div class=\"wpb_wrapper\">\r\n\t\t\t<p><b>Prerequisite:<\/b> None, it is the first course of the technique.<\/p>\n<p><b>Includes:<\/b> Certificate with international curricular value, Vianna Stibal book and manual<\/p>\n<p><b>Duration:<\/b> 3 consecutive days (Friday afternoon, Saturday and Sunday)<\/p>\n\r\n\t\t<\/div>\r\n\t<\/div>\r\n<div id=\"1532503089147-1d0f9687-4116\" class=\"dt-sc-empty-space\"><\/div><h2>Book your place<\/h2><\/div><\/div><\/div><\/div><div class=\"vc_row wpb_row vc_row-fluid wpb_animate_when_almost_visible wpb_fadeInUp fadeInUp vc_custom_1546890022568 vc_row-has-fill\"><div class=\"wpb_column vc_column_container vc_col-sm-12\"><div class=\"vc_column-inner\"><div class=\"wpb_wrapper\"><div id=\"1546889793257-dfa8276a-9d41\" class=\"dt-sc-empty-space\"><\/div>\n<div class=\"wpcf7 no-js\" id=\"wpcf7-f13338-o1\" lang=\"en-US\" dir=\"ltr\" data-wpcf7-id=\"13338\">\n<div class=\"screen-reader-response\"><p role=\"status\" aria-live=\"polite\" aria-atomic=\"true\"><\/p> <ul><\/ul><\/div>\n<form action=\"\/en\/wp-json\/wp\/v2\/pages\/13274#wpcf7-f13338-o1\" method=\"post\" class=\"wpcf7-form init\" aria-label=\"Contact form\" novalidate=\"novalidate\" data-status=\"init\" data-trp-original-action=\"\/en\/wp-json\/wp\/v2\/pages\/13274#wpcf7-f13338-o1\">\n<fieldset class=\"hidden-fields-container\"><input type=\"hidden\" name=\"_wpcf7\" value=\"13338\" \/><input type=\"hidden\" name=\"_wpcf7_version\" value=\"6.1.4\" \/><input type=\"hidden\" name=\"_wpcf7_locale\" value=\"en_US\" \/><input type=\"hidden\" name=\"_wpcf7_unit_tag\" value=\"wpcf7-f13338-o1\" \/><input type=\"hidden\" name=\"_wpcf7_container_post\" value=\"0\" \/><input type=\"hidden\" name=\"_wpcf7_posted_data_hash\" value=\"\" \/>\n<\/fieldset>\n<div class=\"vc_row wpb_row vc_row-fluid\"><div class=\"wpb_column vc_column_container vc_col-sm-3\"><div class=\"vc_column-inner\"><div class=\"wpb_wrapper\"><span class=\"wpcf7-form-control-wrap\" data-name=\"text-752\"><input size=\"40\" maxlength=\"400\" class=\"wpcf7-form-control wpcf7-text wpcf7-validates-as-required\" aria-required=\"true\" aria-invalid=\"false\" placeholder=\"First name*\" value=\"\" type=\"text\" name=\"text-752\" \/><\/span><div class='dt-sc-hr-invisible-medium'> <\/div><div class='dt-sc-clear'> <\/div><span class=\"wpcf7-form-control-wrap\" data-name=\"tel-60\"><input size=\"40\" maxlength=\"400\" class=\"wpcf7-form-control wpcf7-tel wpcf7-validates-as-required wpcf7-text wpcf7-validates-as-tel\" aria-required=\"true\" aria-invalid=\"false\" placeholder=\"Phone*\" value=\"\" type=\"tel\" name=\"tel-60\" \/><\/span><\/div><\/div><\/div><div class=\"wpb_column vc_column_container vc_col-sm-3\"><div class=\"vc_column-inner\"><div class=\"wpb_wrapper\"><span class=\"wpcf7-form-control-wrap\" data-name=\"email-654\"><input size=\"40\" maxlength=\"400\" class=\"wpcf7-form-control wpcf7-email wpcf7-validates-as-required wpcf7-text wpcf7-validates-as-email\" aria-required=\"true\" aria-invalid=\"false\" placeholder=\"Email*\" value=\"\" type=\"email\" name=\"email-654\" \/><\/span><div class='dt-sc-hr-invisible-medium'> <\/div><div class='dt-sc-clear'> <\/div><span class=\"wpcf7-form-control-wrap\" data-name=\"Category\"><select class=\"wpcf7-form-control wpcf7-select\" aria-invalid=\"false\" name=\"Category\"><option value=\"Selecciona Curso\">Select Course<\/option><option value=\"Curso ADN B\u00e1sico\">Basic DNA Course<\/option><option value=\"Curso ADN Avanzado\">Advanced DNA Course<\/option><option value=\"Indagaci\u00f3n Profunda\">Dig Deeper<\/option><option value=\"Manifestaci\u00f3n y Abundancia\">Manifestation and Abundance<\/option><\/select><\/span><\/div><\/div><\/div><div class=\"wpb_column vc_column_container vc_col-sm-3\"><div class=\"vc_column-inner\"><div class=\"wpb_wrapper\"><span class=\"wpcf7-form-control-wrap\" data-name=\"textarea-220\"><textarea cols=\"40\" rows=\"10\" maxlength=\"2000\" class=\"wpcf7-form-control wpcf7-textarea\" aria-invalid=\"false\" placeholder=\"Message*\" name=\"textarea-220\"><\/textarea><\/span><\/div><\/div><\/div><div class=\"wpb_column vc_column_container vc_col-sm-3\"><div class=\"vc_column-inner\"><div class=\"wpb_wrapper\"><\/div><\/div><\/div>\n<div class='dt-sc-clear'> <\/div><br \/>\n<div class=\"vc_row wpb_row vc_row-fluid\"><\/div><label>I have read and accept the privacy policy<br \/>\n<span class=\"wpcf7-form-control-wrap\" data-name=\"acceptance-914\"><span class=\"wpcf7-form-control wpcf7-acceptance\"><span class=\"wpcf7-list-item\"><input type=\"checkbox\" name=\"acceptance-914\" value=\"1\" aria-invalid=\"false\" \/><\/span><\/span><\/span><a href=\"https:\/\/www.sahitadeva.com\/en\/politica-de-privacidad\/\" target=\"_blank\" rel=\"noopener\">Privacy Policy<\/a> <\/label>\n<\/p>\n<p><label>Your personal data will be stored and processed by Margot Partridge for the purpose of contacting you. Legitimization is carried out through your express consent. You can access, rectify, limit or delete your data. More information in the <a href=\"https:\/\/www.sahitadeva.com\/en\/aviso-legal\/\">Legal Notice<\/a><\/label><\/div>\n<p><input class=\"wpcf7-form-control wpcf7-submit has-spinner\" type=\"submit\" value=\"Request an appointment\" \/>\n<\/p><div class=\"wpcf7-response-output\" aria-hidden=\"true\"><\/div>\n<input type=\"hidden\" name=\"trp-form-language\" value=\"en\"\/><\/form>\n<\/div>\n<\/div><\/div><\/div><\/div>\n<\/div>","protected":false},"excerpt":{"rendered":"Iniciaci\u00f3nCurso ADN B\u00e1sico En este curso conocer\u00e1s\u00a0c\u00f3mo se utiliza ThetaHealing\u00ae, una forma de meditaci\u00f3n muy sencilla y divertida de aprender, que te permitir\u00e1 conocerte mejor y realizar con facilidad los cambios que quieras en tu vida, incluyendo la sanaci\u00f3n f\u00edsica, psicol\u00f3gica y espiritual. En este Curso Aprender\u00e1sEste es el primer curso de la t\u00e9cnica de [...]","protected":false},"author":1,"featured_media":0,"parent":0,"menu_order":0,"comment_status":"closed","ping_status":"closed","template":"tpl-sidenavigation.php","meta":{"footnotes":""},"class_list":["post-13274","page","type-page","status-publish","hentry"],"aioseo_notices":[],"_links":{"self":[{"href":"https:\/\/www.sahitadeva.com\/en\/wp-json\/wp\/v2\/pages\/13274","targetHints":{"allow":["GET"]}}],"collection":[{"href":"https:\/\/www.sahitadeva.com\/en\/wp-json\/wp\/v2\/pages"}],"about":[{"href":"https:\/\/www.sahitadeva.com\/en\/wp-json\/wp\/v2\/types\/page"}],"author":[{"embeddable":true,"href":"https:\/\/www.sahitadeva.com\/en\/wp-json\/wp\/v2\/users\/1"}],"replies":[{"embeddable":true,"href":"https:\/\/www.sahitadeva.com\/en\/wp-json\/wp\/v2\/comments?post=13274"}],"version-history":[{"count":18,"href":"https:\/\/www.sahitadeva.com\/en\/wp-json\/wp\/v2\/pages\/13274\/revisions"}],"predecessor-version":[{"id":13594,"href":"https:\/\/www.sahitadeva.com\/en\/wp-json\/wp\/v2\/pages\/13274\/revisions\/13594"}],"wp:attachment":[{"href":"https:\/\/www.sahitadeva.com\/en\/wp-json\/wp\/v2\/media?parent=13274"}],"curies":[{"name":"wp","href":"https:\/\/api.w.org\/{rel}","templated":true}]}}